{"id":6584,"date":"2025-04-30T10:18:34","date_gmt":"2025-04-30T14:18:34","guid":{"rendered":"https:\/\/aiac.ca\/?page_id=6584"},"modified":"2026-04-15T10:22:30","modified_gmt":"2026-04-15T14:22:30","slug":"guide","status":"publish","type":"page","link":"https:\/\/aiac.ca\/fr\/environ\/a-propos-de-lindustrie-aerospatiale-canadienne\/guide\/","title":{"rendered":"Guide de l\u2019industrie a\u00e9rospatiale canadienne de l\u2019AIAC"},"content":{"rendered":"<div  class='flex_column av-8sxeb-5f7a8aadd1ba2d26507cec1bc138ffa8 av_one_full  avia-builder-el-0  avia-builder-el-no-sibling  first flex_column_div  '     ><section  class='av_textblock_section av-ma40hcdw-551345207f950dc5db88ac4503147851 '   itemscope=\"itemscope\" itemtype=\"https:\/\/schema.org\/CreativeWork\" ><div class='avia_textblock'  itemprop=\"text\" ><p>Publi\u00e9 chaque ann\u00e9e, le Guide de l\u2019industrie a\u00e9rospatiale canadienne de l\u2019AIAC est la ressource de r\u00e9f\u00e9rence au Canada sur les donn\u00e9es, les entreprises, les produits et les services de l\u2019industrie. Il recense toutes <a href=\"https:\/\/aiac.ca\/fr\/adhesion\/repertoire-des-membres\/\">les\u00a0entreprises membres de l\u2019AIAC<\/a>\u00a0et r\u00e9pertorie les diff\u00e9rentes gammes de produits et services qu\u2019elles proposent.<\/p>\n<p>Consultez notre <a href=\"https:\/\/aiac.ca\/fr\/environ\/produits-et-services\/\">r\u00e9pertoire de\u00a0produits et services<\/a> de l\u2019a\u00e9rospatiale canadienne\u00a0pour d\u00e9couvrir les profils des membres de l\u2019AIAC et bien plus encore.<\/p>\n<p data-start=\"565\" data-end=\"626\"><strong data-start=\"565\" data-end=\"624\"><img loading=\"lazy\" decoding=\"async\" class=\"wp-image-9594 alignright\" src=\"https:\/\/aiac.ca\/wp-content\/uploads\/2026\/04\/AIAC-2026-Media-Kit_Page_1_May8Deadline-540x449.jpg\" alt=\"\" width=\"416\" height=\"346\" srcset=\"https:\/\/aiac.ca\/wp-content\/uploads\/2026\/04\/AIAC-2026-Media-Kit_Page_1_May8Deadline-540x449.jpg 540w, https:\/\/aiac.ca\/wp-content\/uploads\/2026\/04\/AIAC-2026-Media-Kit_Page_1_May8Deadline-1050x872.jpg 1050w, https:\/\/aiac.ca\/wp-content\/uploads\/2026\/04\/AIAC-2026-Media-Kit_Page_1_May8Deadline-768x638.jpg 768w, https:\/\/aiac.ca\/wp-content\/uploads\/2026\/04\/AIAC-2026-Media-Kit_Page_1_May8Deadline-36x30.jpg 36w, https:\/\/aiac.ca\/wp-content\/uploads\/2026\/04\/AIAC-2026-Media-Kit_Page_1_May8Deadline-843x700.jpg 843w, https:\/\/aiac.ca\/wp-content\/uploads\/2026\/04\/AIAC-2026-Media-Kit_Page_1_May8Deadline-705x586.jpg 705w, https:\/\/aiac.ca\/wp-content\/uploads\/2026\/04\/AIAC-2026-Media-Kit_Page_1_May8Deadline.jpg 1086w\" sizes=\"auto, (max-width: 416px) 100vw, 416px\" \/>Guide 2026 : occasions \u00e0 haute visibilit\u00e9 disponibles !<\/strong><\/p>\n<p data-start=\"628\" data-end=\"754\">Compl\u00e9tez votre profil et profitez des possibilit\u00e9s publicitaires dans le Guide de l\u2019industrie a\u00e9rospatiale du Canada 2026 !<\/p>\n<p data-start=\"756\" data-end=\"980\">Les membres de l\u2019AIAC ont \u00e9t\u00e9 contact\u00e9s avec des instructions sur la fa\u00e7on de consulter et de mettre \u00e0 jour leur profil de membre pour le r\u00e9pertoire, qui servira ensuite \u00e0 l\u2019affichage des membres sur le site Web de l\u2019AIAC.<\/p>\n<p data-start=\"982\" data-end=\"1101\">Les non-membres de l\u2019AIAC peuvent acheter un espace de profil dans le Guide 2026 \u2013 <span style=\"text-decoration: underline;\"><a href=\"https:\/\/mcusercontent.com\/9c510eb24dfd6454875249ccc\/files\/6e6f841d-e2aa-c425-fd2f-42a9aec9df16\/AIAC_2026_Provincial_Profile_Form.pdf\">cliquez ici pour plus de d\u00e9tails<\/a> <\/span>!<\/p>\n<p data-start=\"1103\" data-end=\"1246\"><strong data-start=\"1103\" data-end=\"1145\">ESPACE PUBLICITAIRE LIMIT\u00c9 DISPONIBLE.<\/strong> Veuillez consulter notre <a href=\"https:\/\/aiac.ca\/wp-content\/uploads\/2026\/04\/AIAC-2026-Media-Kit_4.pdf\"><span style=\"text-decoration: underline;\">trousse m\u00e9dia 2026<\/span><\/a> pour plus d\u2019information sur les options publicitaires.<\/p>\n<p data-start=\"1248\" data-end=\"1435\">Les options comprennent des formats de 1\/3 de page, 2\/3 de page et pleine page, des emplacements pr\u00e9f\u00e9rentiels, des mises en valeur de profil, des publicit\u00e9s num\u00e9riques et plus encore !<\/p>\n<p data-start=\"1437\" data-end=\"1541\">Int\u00e9ress\u00e9(e) ? Communiquez avec l\u2019AIAC pour discuter des disponibilit\u00e9s et r\u00e9server votre emplacement.<\/p>\n<p data-start=\"1543\" data-end=\"1587\"><strong>Mike Baker<\/strong><br data-start=\"1553\" data-end=\"1556\" \/><a class=\"decorated-link cursor-pointer\" href=\"mailto:mbaker@aiac.ca\" rel=\"noopener\" data-start=\"1556\" data-end=\"1570\">mbaker@aiac.ca<\/a><br data-start=\"1570\" data-end=\"1573\" \/>519 300-2042<\/p>\n<p data-start=\"1589\" data-end=\"1635\"><strong>Bill Yetman<\/strong><br data-start=\"1600\" data-end=\"1603\" \/><a class=\"decorated-link cursor-pointer\" href=\"mailto:byetman@aiac.ca\" rel=\"noopener\" data-start=\"1603\" data-end=\"1618\">byetman@aiac.ca<\/a><br data-start=\"1618\" data-end=\"1621\" \/>519 300-2042<\/p>\n<p><a href=\"https:\/\/aiac.ca\/wp-content\/uploads\/2026\/04\/AIAC-2026-Media-Kit_4.pdf\"><button class=\"register-button\">TROUSSE M\u00c9DIA 2026\u00a0 &gt;<\/button><\/a><\/p>\n<p><a href=\"https:\/\/mcusercontent.com\/9c510eb24dfd6454875249ccc\/files\/6e6f841d-e2aa-c425-fd2f-42a9aec9df16\/AIAC_2026_Provincial_Profile_Form.pdf\"><button class=\"register-button\">FORMULAIRE DE PROFIL PROVINCIAL &gt;<\/button><\/a><\/p>\n<h3 class=\"wp-block-heading\">Consultez le Guide 2025 !<\/h3>\n<p style=\"text-align: left;\"><img loading=\"lazy\" decoding=\"async\" class=\"alignnone wp-image-7134 size-full\" src=\"https:\/\/aiac.ca\/wp-content\/uploads\/2025\/08\/Guide-2025-icon.gif\" alt=\"\" width=\"280\" height=\"210\" \/><\/p>\n<p><a href=\"https:\/\/www.nxtbook.com\/nxtbooks\/aiac\/guide_2025\/\"><button class=\"register-button\">Voir le Guide &gt;<\/button><\/a><\/p>\n<\/div><\/section><\/div>\n","protected":false},"excerpt":{"rendered":"","protected":false},"author":5,"featured_media":3940,"parent":3808,"menu_order":0,"comment_status":"closed","ping_status":"closed","template":"","meta":{"_acf_changed":false,"footnotes":""},"class_list":["post-6584","page","type-page","status-publish","has-post-thumbnail","hentry"],"acf":[],"yoast_head":"<!-- This site is optimized with the Yoast SEO plugin v27.4 - https:\/\/yoast.com\/product\/yoast-seo-wordpress\/ -->\n<title>Guide de l\u2019industrie a\u00e9rospatiale canadienne de l\u2019AIAC - AIAC<\/title>\n<meta name=\"description\" content=\"Publi\u00e9 chaque ann\u00e9e, le Guide de l\u2019industrie a\u00e9rospatiale canadienne de l\u2019AIAC est la ressource de r\u00e9f\u00e9rence au Canada sur les donn\u00e9es, les entreprises, les produits et les services de l\u2019industrie. Il recense toutes les\u00a0entreprises membres de l\u2019AIAC\u00a0et r\u00e9pertorie les diff\u00e9rentes gammes de produits et services qu\u2019elles proposent.\" \/>\n<meta name=\"robots\" content=\"index, follow, max-snippet:-1, max-image-preview:large, max-video-preview:-1\" \/>\n<link rel=\"canonical\" href=\"https:\/\/aiac.ca\/fr\/environ\/a-propos-de-lindustrie-aerospatiale-canadienne\/guide\/\" \/>\n<meta property=\"og:locale\" content=\"fr_FR\" \/>\n<meta property=\"og:type\" content=\"article\" \/>\n<meta property=\"og:title\" content=\"Guide de l\u2019industrie a\u00e9rospatiale canadienne de l\u2019AIAC - AIAC\" \/>\n<meta property=\"og:description\" content=\"Publi\u00e9 chaque ann\u00e9e, le Guide de l\u2019industrie a\u00e9rospatiale canadienne de l\u2019AIAC est la ressource de r\u00e9f\u00e9rence au Canada sur les donn\u00e9es, les entreprises, les produits et les services de l\u2019industrie. Il recense toutes les\u00a0entreprises membres de l\u2019AIAC\u00a0et r\u00e9pertorie les diff\u00e9rentes gammes de produits et services qu\u2019elles proposent.\" \/>\n<meta property=\"og:url\" content=\"https:\/\/aiac.ca\/fr\/environ\/a-propos-de-lindustrie-aerospatiale-canadienne\/guide\/\" \/>\n<meta property=\"og:site_name\" content=\"AIAC\" \/>\n<meta property=\"article:modified_time\" content=\"2026-04-15T14:22:30+00:00\" \/>\n<meta property=\"og:image\" content=\"https:\/\/aiac.ca\/wp-content\/uploads\/2024\/07\/AIAC-2024-Guide_Page_01-1.jpg\" \/>\n\t<meta property=\"og:image:width\" content=\"493\" \/>\n\t<meta property=\"og:image:height\" content=\"677\" \/>\n\t<meta property=\"og:image:type\" content=\"image\/jpeg\" \/>\n<meta name=\"twitter:card\" content=\"summary_large_image\" \/>\n<meta name=\"twitter:label1\" content=\"Dur\u00e9e de lecture estim\u00e9e\" \/>\n\t<meta name=\"twitter:data1\" content=\"2 minutes\" \/>\n<script type=\"application\/ld+json\" class=\"yoast-schema-graph\">{\"@context\":\"https:\\\/\\\/schema.org\",\"@graph\":[{\"@type\":\"WebPage\",\"@id\":\"https:\\\/\\\/aiac.ca\\\/fr\\\/environ\\\/a-propos-de-lindustrie-aerospatiale-canadienne\\\/guide\\\/\",\"url\":\"https:\\\/\\\/aiac.ca\\\/fr\\\/environ\\\/a-propos-de-lindustrie-aerospatiale-canadienne\\\/guide\\\/\",\"name\":\"Guide de l\u2019industrie a\u00e9rospatiale canadienne de l\u2019AIAC - AIAC\",\"isPartOf\":{\"@id\":\"https:\\\/\\\/aiac.ca\\\/#website\"},\"primaryImageOfPage\":{\"@id\":\"https:\\\/\\\/aiac.ca\\\/fr\\\/environ\\\/a-propos-de-lindustrie-aerospatiale-canadienne\\\/guide\\\/#primaryimage\"},\"image\":{\"@id\":\"https:\\\/\\\/aiac.ca\\\/fr\\\/environ\\\/a-propos-de-lindustrie-aerospatiale-canadienne\\\/guide\\\/#primaryimage\"},\"thumbnailUrl\":\"https:\\\/\\\/aiac.ca\\\/wp-content\\\/uploads\\\/2024\\\/07\\\/AIAC-2024-Guide_Page_01-1.jpg\",\"datePublished\":\"2025-04-30T14:18:34+00:00\",\"dateModified\":\"2026-04-15T14:22:30+00:00\",\"description\":\"Publi\u00e9 chaque ann\u00e9e, le Guide de l\u2019industrie a\u00e9rospatiale canadienne de l\u2019AIAC est la ressource de r\u00e9f\u00e9rence au Canada sur les donn\u00e9es, les entreprises, les produits et les services de l\u2019industrie. Il recense toutes les\u00a0entreprises membres de l\u2019AIAC\u00a0et r\u00e9pertorie les diff\u00e9rentes gammes de produits et services qu\u2019elles proposent.\",\"breadcrumb\":{\"@id\":\"https:\\\/\\\/aiac.ca\\\/fr\\\/environ\\\/a-propos-de-lindustrie-aerospatiale-canadienne\\\/guide\\\/#breadcrumb\"},\"inLanguage\":\"fr-FR\",\"potentialAction\":[{\"@type\":\"ReadAction\",\"target\":[\"https:\\\/\\\/aiac.ca\\\/fr\\\/environ\\\/a-propos-de-lindustrie-aerospatiale-canadienne\\\/guide\\\/\"]}]},{\"@type\":\"ImageObject\",\"inLanguage\":\"fr-FR\",\"@id\":\"https:\\\/\\\/aiac.ca\\\/fr\\\/environ\\\/a-propos-de-lindustrie-aerospatiale-canadienne\\\/guide\\\/#primaryimage\",\"url\":\"https:\\\/\\\/aiac.ca\\\/wp-content\\\/uploads\\\/2024\\\/07\\\/AIAC-2024-Guide_Page_01-1.jpg\",\"contentUrl\":\"https:\\\/\\\/aiac.ca\\\/wp-content\\\/uploads\\\/2024\\\/07\\\/AIAC-2024-Guide_Page_01-1.jpg\",\"width\":493,\"height\":677},{\"@type\":\"BreadcrumbList\",\"@id\":\"https:\\\/\\\/aiac.ca\\\/fr\\\/environ\\\/a-propos-de-lindustrie-aerospatiale-canadienne\\\/guide\\\/#breadcrumb\",\"itemListElement\":[{\"@type\":\"ListItem\",\"position\":1,\"name\":\"Home\",\"item\":\"https:\\\/\\\/aiac.ca\\\/fr\\\/\"},{\"@type\":\"ListItem\",\"position\":2,\"name\":\"\u00c0 propos\",\"item\":\"https:\\\/\\\/aiac.ca\\\/fr\\\/environ\\\/\"},{\"@type\":\"ListItem\",\"position\":3,\"name\":\"\u00c0 propos de l\u2019industrie a\u00e9rospatiale canadienne\",\"item\":\"https:\\\/\\\/aiac.ca\\\/fr\\\/environ\\\/a-propos-de-lindustrie-aerospatiale-canadienne\\\/\"},{\"@type\":\"ListItem\",\"position\":4,\"name\":\"Guide de l\u2019industrie a\u00e9rospatiale canadienne de l\u2019AIAC\"}]},{\"@type\":\"WebSite\",\"@id\":\"https:\\\/\\\/aiac.ca\\\/#website\",\"url\":\"https:\\\/\\\/aiac.ca\\\/\",\"name\":\"AIAC\",\"description\":\"\",\"publisher\":{\"@id\":\"https:\\\/\\\/aiac.ca\\\/#organization\"},\"potentialAction\":[{\"@type\":\"SearchAction\",\"target\":{\"@type\":\"EntryPoint\",\"urlTemplate\":\"https:\\\/\\\/aiac.ca\\\/?s={search_term_string}\"},\"query-input\":{\"@type\":\"PropertyValueSpecification\",\"valueRequired\":true,\"valueName\":\"search_term_string\"}}],\"inLanguage\":\"fr-FR\"},{\"@type\":\"Organization\",\"@id\":\"https:\\\/\\\/aiac.ca\\\/#organization\",\"name\":\"AIAC\",\"url\":\"https:\\\/\\\/aiac.ca\\\/\",\"logo\":{\"@type\":\"ImageObject\",\"inLanguage\":\"fr-FR\",\"@id\":\"https:\\\/\\\/aiac.ca\\\/#\\\/schema\\\/logo\\\/image\\\/\",\"url\":\"https:\\\/\\\/aiac.ca\\\/wp-content\\\/uploads\\\/2024\\\/08\\\/logo.png\",\"contentUrl\":\"https:\\\/\\\/aiac.ca\\\/wp-content\\\/uploads\\\/2024\\\/08\\\/logo.png\",\"width\":770,\"height\":143,\"caption\":\"AIAC\"},\"image\":{\"@id\":\"https:\\\/\\\/aiac.ca\\\/#\\\/schema\\\/logo\\\/image\\\/\"}}]}<\/script>\n<!-- \/ Yoast SEO plugin. -->","yoast_head_json":{"title":"Guide de l\u2019industrie a\u00e9rospatiale canadienne de l\u2019AIAC - AIAC","description":"Publi\u00e9 chaque ann\u00e9e, le Guide de l\u2019industrie a\u00e9rospatiale canadienne de l\u2019AIAC est la ressource de r\u00e9f\u00e9rence au Canada sur les donn\u00e9es, les entreprises, les produits et les services de l\u2019industrie. Il recense toutes les\u00a0entreprises membres de l\u2019AIAC\u00a0et r\u00e9pertorie les diff\u00e9rentes gammes de produits et services qu\u2019elles proposent.","robots":{"index":"index","follow":"follow","max-snippet":"max-snippet:-1","max-image-preview":"max-image-preview:large","max-video-preview":"max-video-preview:-1"},"canonical":"https:\/\/aiac.ca\/fr\/environ\/a-propos-de-lindustrie-aerospatiale-canadienne\/guide\/","og_locale":"fr_FR","og_type":"article","og_title":"Guide de l\u2019industrie a\u00e9rospatiale canadienne de l\u2019AIAC - AIAC","og_description":"Publi\u00e9 chaque ann\u00e9e, le Guide de l\u2019industrie a\u00e9rospatiale canadienne de l\u2019AIAC est la ressource de r\u00e9f\u00e9rence au Canada sur les donn\u00e9es, les entreprises, les produits et les services de l\u2019industrie. Il recense toutes les\u00a0entreprises membres de l\u2019AIAC\u00a0et r\u00e9pertorie les diff\u00e9rentes gammes de produits et services qu\u2019elles proposent.","og_url":"https:\/\/aiac.ca\/fr\/environ\/a-propos-de-lindustrie-aerospatiale-canadienne\/guide\/","og_site_name":"AIAC","article_modified_time":"2026-04-15T14:22:30+00:00","og_image":[{"width":493,"height":677,"url":"https:\/\/aiac.ca\/wp-content\/uploads\/2024\/07\/AIAC-2024-Guide_Page_01-1.jpg","type":"image\/jpeg"}],"twitter_card":"summary_large_image","twitter_misc":{"Dur\u00e9e de lecture estim\u00e9e":"2 minutes"},"schema":{"@context":"https:\/\/schema.org","@graph":[{"@type":"WebPage","@id":"https:\/\/aiac.ca\/fr\/environ\/a-propos-de-lindustrie-aerospatiale-canadienne\/guide\/","url":"https:\/\/aiac.ca\/fr\/environ\/a-propos-de-lindustrie-aerospatiale-canadienne\/guide\/","name":"Guide de l\u2019industrie a\u00e9rospatiale canadienne de l\u2019AIAC - AIAC","isPartOf":{"@id":"https:\/\/aiac.ca\/#website"},"primaryImageOfPage":{"@id":"https:\/\/aiac.ca\/fr\/environ\/a-propos-de-lindustrie-aerospatiale-canadienne\/guide\/#primaryimage"},"image":{"@id":"https:\/\/aiac.ca\/fr\/environ\/a-propos-de-lindustrie-aerospatiale-canadienne\/guide\/#primaryimage"},"thumbnailUrl":"https:\/\/aiac.ca\/wp-content\/uploads\/2024\/07\/AIAC-2024-Guide_Page_01-1.jpg","datePublished":"2025-04-30T14:18:34+00:00","dateModified":"2026-04-15T14:22:30+00:00","description":"Publi\u00e9 chaque ann\u00e9e, le Guide de l\u2019industrie a\u00e9rospatiale canadienne de l\u2019AIAC est la ressource de r\u00e9f\u00e9rence au Canada sur les donn\u00e9es, les entreprises, les produits et les services de l\u2019industrie. Il recense toutes les\u00a0entreprises membres de l\u2019AIAC\u00a0et r\u00e9pertorie les diff\u00e9rentes gammes de produits et services qu\u2019elles proposent.","breadcrumb":{"@id":"https:\/\/aiac.ca\/fr\/environ\/a-propos-de-lindustrie-aerospatiale-canadienne\/guide\/#breadcrumb"},"inLanguage":"fr-FR","potentialAction":[{"@type":"ReadAction","target":["https:\/\/aiac.ca\/fr\/environ\/a-propos-de-lindustrie-aerospatiale-canadienne\/guide\/"]}]},{"@type":"ImageObject","inLanguage":"fr-FR","@id":"https:\/\/aiac.ca\/fr\/environ\/a-propos-de-lindustrie-aerospatiale-canadienne\/guide\/#primaryimage","url":"https:\/\/aiac.ca\/wp-content\/uploads\/2024\/07\/AIAC-2024-Guide_Page_01-1.jpg","contentUrl":"https:\/\/aiac.ca\/wp-content\/uploads\/2024\/07\/AIAC-2024-Guide_Page_01-1.jpg","width":493,"height":677},{"@type":"BreadcrumbList","@id":"https:\/\/aiac.ca\/fr\/environ\/a-propos-de-lindustrie-aerospatiale-canadienne\/guide\/#breadcrumb","itemListElement":[{"@type":"ListItem","position":1,"name":"Home","item":"https:\/\/aiac.ca\/fr\/"},{"@type":"ListItem","position":2,"name":"\u00c0 propos","item":"https:\/\/aiac.ca\/fr\/environ\/"},{"@type":"ListItem","position":3,"name":"\u00c0 propos de l\u2019industrie a\u00e9rospatiale canadienne","item":"https:\/\/aiac.ca\/fr\/environ\/a-propos-de-lindustrie-aerospatiale-canadienne\/"},{"@type":"ListItem","position":4,"name":"Guide de l\u2019industrie a\u00e9rospatiale canadienne de l\u2019AIAC"}]},{"@type":"WebSite","@id":"https:\/\/aiac.ca\/#website","url":"https:\/\/aiac.ca\/","name":"AIAC","description":"","publisher":{"@id":"https:\/\/aiac.ca\/#organization"},"potentialAction":[{"@type":"SearchAction","target":{"@type":"EntryPoint","urlTemplate":"https:\/\/aiac.ca\/?s={search_term_string}"},"query-input":{"@type":"PropertyValueSpecification","valueRequired":true,"valueName":"search_term_string"}}],"inLanguage":"fr-FR"},{"@type":"Organization","@id":"https:\/\/aiac.ca\/#organization","name":"AIAC","url":"https:\/\/aiac.ca\/","logo":{"@type":"ImageObject","inLanguage":"fr-FR","@id":"https:\/\/aiac.ca\/#\/schema\/logo\/image\/","url":"https:\/\/aiac.ca\/wp-content\/uploads\/2024\/08\/logo.png","contentUrl":"https:\/\/aiac.ca\/wp-content\/uploads\/2024\/08\/logo.png","width":770,"height":143,"caption":"AIAC"},"image":{"@id":"https:\/\/aiac.ca\/#\/schema\/logo\/image\/"}}]}},"_links":{"self":[{"href":"https:\/\/aiac.ca\/fr\/wp-json\/wp\/v2\/pages\/6584","targetHints":{"allow":["GET"]}}],"collection":[{"href":"https:\/\/aiac.ca\/fr\/wp-json\/wp\/v2\/pages"}],"about":[{"href":"https:\/\/aiac.ca\/fr\/wp-json\/wp\/v2\/types\/page"}],"author":[{"embeddable":true,"href":"https:\/\/aiac.ca\/fr\/wp-json\/wp\/v2\/users\/5"}],"replies":[{"embeddable":true,"href":"https:\/\/aiac.ca\/fr\/wp-json\/wp\/v2\/comments?post=6584"}],"version-history":[{"count":9,"href":"https:\/\/aiac.ca\/fr\/wp-json\/wp\/v2\/pages\/6584\/revisions"}],"predecessor-version":[{"id":9596,"href":"https:\/\/aiac.ca\/fr\/wp-json\/wp\/v2\/pages\/6584\/revisions\/9596"}],"up":[{"embeddable":true,"href":"https:\/\/aiac.ca\/fr\/wp-json\/wp\/v2\/pages\/3808"}],"wp:featuredmedia":[{"embeddable":true,"href":"https:\/\/aiac.ca\/fr\/wp-json\/wp\/v2\/media\/3940"}],"wp:attachment":[{"href":"https:\/\/aiac.ca\/fr\/wp-json\/wp\/v2\/media?parent=6584"}],"curies":[{"name":"wp","href":"https:\/\/api.w.org\/{rel}","templated":true}]}}