{"id":6439,"date":"2025-03-25T11:43:26","date_gmt":"2025-03-25T15:43:26","guid":{"rendered":"https:\/\/aiac.ca\/?page_id=6439"},"modified":"2025-03-25T11:43:31","modified_gmt":"2025-03-25T15:43:31","slug":"campagne-referez-un-membre","status":"publish","type":"page","link":"https:\/\/aiac.ca\/fr\/adhesion\/campagne-referez-un-membre\/","title":{"rendered":"Campagne r\u00e9f\u00e9rez un membre"},"content":{"rendered":"<p>Nous avons le plaisir de vous pr\u00e9senter un programme incitatif exclusif con\u00e7u pour r\u00e9compenser les membres de l\u2019AIAC qui nous aident \u00e0 faire cro\u00eetre notre communaut\u00e9. Il s\u2019agit de la \u00ab <strong>Campagne r\u00e9f\u00e9rez un membre\u00a0<\/strong>\u00bb !<\/p>\n<p><strong>D\u00e9tails de la campagne<br \/>\n<\/strong>Pour chaque recommandation de nouveau membre que l\u2019AIAC re\u00e7oit d\u2019un membre existant, ce membre sera \u00e9ligible aux r\u00e9compenses suivantes :<\/p>\n<ul class=\"wp-block-list\">\n<li><strong>200 $ de r\u00e9duction<\/strong>\u00a0sur les frais d\u2019adh\u00e9sion lors du renouvellement;<\/li>\n<li><strong>50% de r\u00e9duction<\/strong>\u00a0sur l\u2019inscription pour sommet annuel ;<\/li>\n<li><strong>50% de r\u00e9duction<\/strong>\u00a0sur l\u2019achat d\u2019un kiosque lors du sommet annuel; et<\/li>\n<li><strong>50% de r\u00e9duction<\/strong>\u00a0sur le prix d\u2019un billet pour une place \u00e0 une table VIP pendant la conf\u00e9rence.<\/li>\n<\/ul>\n<p><strong><em>Valeur totale de la r\u00e9compense : 2200<\/em><\/strong>$<\/p>\n<p>Le nouveau membre que vous recommandez b\u00e9n\u00e9ficiera de ce qui suit :<\/p>\n<ul class=\"wp-block-list\">\n<li><strong>50 % de r\u00e9duction<\/strong>\u00a0sur l\u2019inscription au sommet annuel ;<\/li>\n<li><strong>50% de r\u00e9duction<\/strong>\u00a0sur le co\u00fbt d\u2019un kiosque au Sommet ; et<\/li>\n<li><strong>50 % de r\u00e9duction<\/strong>\u00a0sur le prix d\u2019un billet pour \u00eatre assis \u00e0 vos c\u00f4t\u00e9s \u00e0 une table\u00a0<strong>VIP\u00a0<\/strong>lors du d\u00eener annuel de l\u2019industrie.<\/li>\n<\/ul>\n<p><strong><em>Valeur totale de la r\u00e9compense : 2000<\/em><\/strong>$<\/p>\n<p><strong>Comment participer<\/strong><\/p>\n<ol class=\"wp-block-list\">\n<li><strong>Contactez vos pairs :<\/strong>\u00a0Identifiez vos coll\u00e8gues et amis du secteur qui pourraient b\u00e9n\u00e9ficier d\u2019une adh\u00e9sion \u00e0 l\u2019AIAC.<\/li>\n<li><strong>Parlez des avantages<\/strong>\u00a0: Faites part de vos exp\u00e9riences positives et de la valeur que vous retirez de votre adh\u00e9sion \u00e0 l\u2019AIAC.<\/li>\n<li><strong>Faites la pr\u00e9sentation<\/strong>\u00a0: Pr\u00e9sentez l\u2019AIAC \u00e0 votre futur membre ou dirigez-le vers notre \u00e9quipe d\u2019adh\u00e9sion pour qu\u2019il remplisse sa demande.<\/li>\n<li><strong>Inscription de la personne recommand\u00e9e<\/strong>\u00a0: Une fois que le nouveau membre recommand\u00e9 s\u2019est inscrit avec succ\u00e8s \u00e0 l\u2019AIAC, nous vous en informerons pour coordonner les r\u00e9compenses de votre recommandation.<\/li>\n<\/ol>\n<p>Qu\u2019il s\u2019agisse de nos activit\u00e9s de lobbying et de plaidoyer de premier ordre, des possibilit\u00e9s de r\u00e9seautage ou du partage des connaissances et des ressources de l\u2019industrie, l\u2019adh\u00e9sion \u00e0 l\u2019AIAC pr\u00e9sente un int\u00e9r\u00eat consid\u00e9rable.<\/p>\n<p>Si vous \u00eates int\u00e9ress\u00e9 ou connaissez quelqu\u2019un qui pourrait l\u2019\u00eatre, n\u2019h\u00e9sitez pas \u00e0 me le faire savoir ou \u00e0 contacter directement l\u2019\u00e9quipe des membres de l\u2019AIAC.<\/p>\n<p><strong>Mike Baker<br \/>\n<\/strong><a href=\"mailto:mbaker@AIAC.ca\">mbaker@AIAC.ca<\/a><br \/>\n519 300-2042<\/p>\n<div class=\"wp-block-group\">\n<p class=\"wp-container-content-2\"><strong>Bill Yetman<\/strong><br \/>\n<a href=\"mailto:byetman@aiac.ca\">BYetman@AIAC.ca.<br \/>\n<\/a>647 983-9683<\/p>\n<\/div>\n<p><strong>Travaillons ensemble pour renforcer notre communaut\u00e9 et notre industrie. <em>Ensemble nous sommes plus fort !<\/em><\/strong><\/p>\n","protected":false},"excerpt":{"rendered":"<p>Nous avons le plaisir de vous pr\u00e9senter un programme incitatif exclusif con\u00e7u pour r\u00e9compenser les membres de l\u2019AIAC qui nous aident \u00e0 faire cro\u00eetre notre communaut\u00e9. Il s\u2019agit de la \u00ab Campagne r\u00e9f\u00e9rez un membre\u00a0\u00bb ! D\u00e9tails de la campagne Pour chaque recommandation de nouveau membre que l\u2019AIAC re\u00e7oit d\u2019un membre existant, ce membre sera [&hellip;]<\/p>\n","protected":false},"author":5,"featured_media":0,"parent":3828,"menu_order":0,"comment_status":"closed","ping_status":"closed","template":"","meta":{"_acf_changed":false,"footnotes":""},"class_list":["post-6439","page","type-page","status-publish","hentry"],"acf":[],"yoast_head":"<!-- This site is optimized with the Yoast SEO plugin v27.3 - https:\/\/yoast.com\/product\/yoast-seo-wordpress\/ -->\n<title>Campagne r\u00e9f\u00e9rez un membre - AIAC<\/title>\n<meta name=\"description\" content=\"!Nous avons le plaisir de vous pr\u00e9senter un programme incitatif exclusif con\u00e7u pour r\u00e9compenser les membres de l\u2019AIAC qui nous aident \u00e0 faire cro\u00eetre notre communaut\u00e9. Il s\u2019agit de la \u00ab Campagne r\u00e9f\u00e9rez un membre\u00a0\u00bb\" \/>\n<meta name=\"robots\" content=\"index, follow, max-snippet:-1, max-image-preview:large, max-video-preview:-1\" \/>\n<link rel=\"canonical\" href=\"https:\/\/aiac.ca\/fr\/adhesion\/campagne-referez-un-membre\/\" \/>\n<meta property=\"og:locale\" content=\"fr_FR\" \/>\n<meta property=\"og:type\" content=\"article\" \/>\n<meta property=\"og:title\" content=\"Campagne r\u00e9f\u00e9rez un membre - AIAC\" \/>\n<meta property=\"og:description\" content=\"!Nous avons le plaisir de vous pr\u00e9senter un programme incitatif exclusif con\u00e7u pour r\u00e9compenser les membres de l\u2019AIAC qui nous aident \u00e0 faire cro\u00eetre notre communaut\u00e9. Il s\u2019agit de la \u00ab Campagne r\u00e9f\u00e9rez un membre\u00a0\u00bb\" \/>\n<meta property=\"og:url\" content=\"https:\/\/aiac.ca\/fr\/adhesion\/campagne-referez-un-membre\/\" \/>\n<meta property=\"og:site_name\" content=\"AIAC\" \/>\n<meta property=\"article:modified_time\" content=\"2025-03-25T15:43:31+00:00\" \/>\n<meta name=\"twitter:card\" content=\"summary_large_image\" \/>\n<meta name=\"twitter:label1\" content=\"Dur\u00e9e de lecture estim\u00e9e\" \/>\n\t<meta name=\"twitter:data1\" content=\"2 minutes\" \/>\n<script type=\"application\/ld+json\" class=\"yoast-schema-graph\">{\"@context\":\"https:\\\/\\\/schema.org\",\"@graph\":[{\"@type\":\"WebPage\",\"@id\":\"https:\\\/\\\/aiac.ca\\\/fr\\\/adhesion\\\/campagne-referez-un-membre\\\/\",\"url\":\"https:\\\/\\\/aiac.ca\\\/fr\\\/adhesion\\\/campagne-referez-un-membre\\\/\",\"name\":\"Campagne r\u00e9f\u00e9rez un membre - AIAC\",\"isPartOf\":{\"@id\":\"https:\\\/\\\/aiac.ca\\\/#website\"},\"datePublished\":\"2025-03-25T15:43:26+00:00\",\"dateModified\":\"2025-03-25T15:43:31+00:00\",\"description\":\"!Nous avons le plaisir de vous pr\u00e9senter un programme incitatif exclusif con\u00e7u pour r\u00e9compenser les membres de l\u2019AIAC qui nous aident \u00e0 faire cro\u00eetre notre communaut\u00e9. Il s\u2019agit de la \u00ab Campagne r\u00e9f\u00e9rez un membre\u00a0\u00bb\",\"breadcrumb\":{\"@id\":\"https:\\\/\\\/aiac.ca\\\/fr\\\/adhesion\\\/campagne-referez-un-membre\\\/#breadcrumb\"},\"inLanguage\":\"fr-FR\",\"potentialAction\":[{\"@type\":\"ReadAction\",\"target\":[\"https:\\\/\\\/aiac.ca\\\/fr\\\/adhesion\\\/campagne-referez-un-membre\\\/\"]}]},{\"@type\":\"BreadcrumbList\",\"@id\":\"https:\\\/\\\/aiac.ca\\\/fr\\\/adhesion\\\/campagne-referez-un-membre\\\/#breadcrumb\",\"itemListElement\":[{\"@type\":\"ListItem\",\"position\":1,\"name\":\"Home\",\"item\":\"https:\\\/\\\/aiac.ca\\\/fr\\\/\"},{\"@type\":\"ListItem\",\"position\":2,\"name\":\"Adh\u00e9sion\",\"item\":\"https:\\\/\\\/aiac.ca\\\/fr\\\/adhesion\\\/\"},{\"@type\":\"ListItem\",\"position\":3,\"name\":\"Campagne r\u00e9f\u00e9rez un membre\"}]},{\"@type\":\"WebSite\",\"@id\":\"https:\\\/\\\/aiac.ca\\\/#website\",\"url\":\"https:\\\/\\\/aiac.ca\\\/\",\"name\":\"AIAC\",\"description\":\"\",\"publisher\":{\"@id\":\"https:\\\/\\\/aiac.ca\\\/#organization\"},\"potentialAction\":[{\"@type\":\"SearchAction\",\"target\":{\"@type\":\"EntryPoint\",\"urlTemplate\":\"https:\\\/\\\/aiac.ca\\\/?s={search_term_string}\"},\"query-input\":{\"@type\":\"PropertyValueSpecification\",\"valueRequired\":true,\"valueName\":\"search_term_string\"}}],\"inLanguage\":\"fr-FR\"},{\"@type\":\"Organization\",\"@id\":\"https:\\\/\\\/aiac.ca\\\/#organization\",\"name\":\"AIAC\",\"url\":\"https:\\\/\\\/aiac.ca\\\/\",\"logo\":{\"@type\":\"ImageObject\",\"inLanguage\":\"fr-FR\",\"@id\":\"https:\\\/\\\/aiac.ca\\\/#\\\/schema\\\/logo\\\/image\\\/\",\"url\":\"https:\\\/\\\/aiac.ca\\\/wp-content\\\/uploads\\\/2024\\\/08\\\/logo.png\",\"contentUrl\":\"https:\\\/\\\/aiac.ca\\\/wp-content\\\/uploads\\\/2024\\\/08\\\/logo.png\",\"width\":770,\"height\":143,\"caption\":\"AIAC\"},\"image\":{\"@id\":\"https:\\\/\\\/aiac.ca\\\/#\\\/schema\\\/logo\\\/image\\\/\"}}]}<\/script>\n<!-- \/ Yoast SEO plugin. -->","yoast_head_json":{"title":"Campagne r\u00e9f\u00e9rez un membre - AIAC","description":"!Nous avons le plaisir de vous pr\u00e9senter un programme incitatif exclusif con\u00e7u pour r\u00e9compenser les membres de l\u2019AIAC qui nous aident \u00e0 faire cro\u00eetre notre communaut\u00e9. Il s\u2019agit de la \u00ab Campagne r\u00e9f\u00e9rez un membre\u00a0\u00bb","robots":{"index":"index","follow":"follow","max-snippet":"max-snippet:-1","max-image-preview":"max-image-preview:large","max-video-preview":"max-video-preview:-1"},"canonical":"https:\/\/aiac.ca\/fr\/adhesion\/campagne-referez-un-membre\/","og_locale":"fr_FR","og_type":"article","og_title":"Campagne r\u00e9f\u00e9rez un membre - AIAC","og_description":"!Nous avons le plaisir de vous pr\u00e9senter un programme incitatif exclusif con\u00e7u pour r\u00e9compenser les membres de l\u2019AIAC qui nous aident \u00e0 faire cro\u00eetre notre communaut\u00e9. Il s\u2019agit de la \u00ab Campagne r\u00e9f\u00e9rez un membre\u00a0\u00bb","og_url":"https:\/\/aiac.ca\/fr\/adhesion\/campagne-referez-un-membre\/","og_site_name":"AIAC","article_modified_time":"2025-03-25T15:43:31+00:00","twitter_card":"summary_large_image","twitter_misc":{"Dur\u00e9e de lecture estim\u00e9e":"2 minutes"},"schema":{"@context":"https:\/\/schema.org","@graph":[{"@type":"WebPage","@id":"https:\/\/aiac.ca\/fr\/adhesion\/campagne-referez-un-membre\/","url":"https:\/\/aiac.ca\/fr\/adhesion\/campagne-referez-un-membre\/","name":"Campagne r\u00e9f\u00e9rez un membre - AIAC","isPartOf":{"@id":"https:\/\/aiac.ca\/#website"},"datePublished":"2025-03-25T15:43:26+00:00","dateModified":"2025-03-25T15:43:31+00:00","description":"!Nous avons le plaisir de vous pr\u00e9senter un programme incitatif exclusif con\u00e7u pour r\u00e9compenser les membres de l\u2019AIAC qui nous aident \u00e0 faire cro\u00eetre notre communaut\u00e9. Il s\u2019agit de la \u00ab Campagne r\u00e9f\u00e9rez un membre\u00a0\u00bb","breadcrumb":{"@id":"https:\/\/aiac.ca\/fr\/adhesion\/campagne-referez-un-membre\/#breadcrumb"},"inLanguage":"fr-FR","potentialAction":[{"@type":"ReadAction","target":["https:\/\/aiac.ca\/fr\/adhesion\/campagne-referez-un-membre\/"]}]},{"@type":"BreadcrumbList","@id":"https:\/\/aiac.ca\/fr\/adhesion\/campagne-referez-un-membre\/#breadcrumb","itemListElement":[{"@type":"ListItem","position":1,"name":"Home","item":"https:\/\/aiac.ca\/fr\/"},{"@type":"ListItem","position":2,"name":"Adh\u00e9sion","item":"https:\/\/aiac.ca\/fr\/adhesion\/"},{"@type":"ListItem","position":3,"name":"Campagne r\u00e9f\u00e9rez un membre"}]},{"@type":"WebSite","@id":"https:\/\/aiac.ca\/#website","url":"https:\/\/aiac.ca\/","name":"AIAC","description":"","publisher":{"@id":"https:\/\/aiac.ca\/#organization"},"potentialAction":[{"@type":"SearchAction","target":{"@type":"EntryPoint","urlTemplate":"https:\/\/aiac.ca\/?s={search_term_string}"},"query-input":{"@type":"PropertyValueSpecification","valueRequired":true,"valueName":"search_term_string"}}],"inLanguage":"fr-FR"},{"@type":"Organization","@id":"https:\/\/aiac.ca\/#organization","name":"AIAC","url":"https:\/\/aiac.ca\/","logo":{"@type":"ImageObject","inLanguage":"fr-FR","@id":"https:\/\/aiac.ca\/#\/schema\/logo\/image\/","url":"https:\/\/aiac.ca\/wp-content\/uploads\/2024\/08\/logo.png","contentUrl":"https:\/\/aiac.ca\/wp-content\/uploads\/2024\/08\/logo.png","width":770,"height":143,"caption":"AIAC"},"image":{"@id":"https:\/\/aiac.ca\/#\/schema\/logo\/image\/"}}]}},"_links":{"self":[{"href":"https:\/\/aiac.ca\/fr\/wp-json\/wp\/v2\/pages\/6439","targetHints":{"allow":["GET"]}}],"collection":[{"href":"https:\/\/aiac.ca\/fr\/wp-json\/wp\/v2\/pages"}],"about":[{"href":"https:\/\/aiac.ca\/fr\/wp-json\/wp\/v2\/types\/page"}],"author":[{"embeddable":true,"href":"https:\/\/aiac.ca\/fr\/wp-json\/wp\/v2\/users\/5"}],"replies":[{"embeddable":true,"href":"https:\/\/aiac.ca\/fr\/wp-json\/wp\/v2\/comments?post=6439"}],"version-history":[{"count":4,"href":"https:\/\/aiac.ca\/fr\/wp-json\/wp\/v2\/pages\/6439\/revisions"}],"predecessor-version":[{"id":6469,"href":"https:\/\/aiac.ca\/fr\/wp-json\/wp\/v2\/pages\/6439\/revisions\/6469"}],"up":[{"embeddable":true,"href":"https:\/\/aiac.ca\/fr\/wp-json\/wp\/v2\/pages\/3828"}],"wp:attachment":[{"href":"https:\/\/aiac.ca\/fr\/wp-json\/wp\/v2\/media?parent=6439"}],"curies":[{"name":"wp","href":"https:\/\/api.w.org\/{rel}","templated":true}]}}