{"id":6043,"date":"2023-11-30T16:47:06","date_gmt":"2023-11-30T21:47:06","guid":{"rendered":"https:\/\/aiac.ca\/privacy-policy\/"},"modified":"2025-07-14T15:52:13","modified_gmt":"2025-07-14T19:52:13","slug":"privacy-policy","status":"publish","type":"page","link":"https:\/\/aiac.ca\/fr\/privacy-policy\/","title":{"rendered":"Privacy Policy"},"content":{"rendered":"\r\n<h1 class=\"wp-block-heading\">Politique de Confidentialit\u00e9<\/h1>\r\n<p><em><strong>Derni\u00e8re mise \u00e0 jour : Le 14 juillet 2025.\u00a0<\/strong><\/em><\/p>\r\n<p>L\u2019Association des industries a\u00e9rospatiales du Canada (AIAC) est d\u00e9termin\u00e9e \u00e0 prot\u00e9ger votre vie priv\u00e9e ainsi que les renseignements personnels que vous nous communiquez. La pr\u00e9sente Politique de confidentialit\u00e9 d\u00e9crit les mani\u00e8res dont nous recueillons, utilisons, divulguons et prot\u00e9geons vos renseignements.<\/p>\r\n<p><strong>Conformit\u00e9 \u00e0 la l\u00e9gislation sur la protection de la vie priv\u00e9e <br \/><\/strong>L\u2019AIAC se conforme aux lois applicables en mati\u00e8re de protection de la vie priv\u00e9e, y compris la <strong><em>Loi\u00a0sur la protection des renseignements personnels et les documents \u00e9lectroniques<\/em> (LPRPDE)<\/strong> au Canada. En ce qui concerne les utilisateurs situ\u00e9s \u00e0 l\u2019ext\u00e9rieur du Canada, nous nous effor\u00e7ons de nous conformer \u00e0 la r\u00e9glementation pertinente, comme le <strong><em>R\u00e8glement g\u00e9n\u00e9ral sur la protection des donn\u00e9es<\/em> (RGPD)<\/strong>, le cas \u00e9ch\u00e9ant.<\/p>\r\n<p>&nbsp;<\/p>\r\n<p><strong>Types de renseignements que nous recueillons<br \/><\/strong>Nous obtenons des renseignements de diverses fa\u00e7ons, notamment lorsque vous visitez notre site Web, communiquez avec notre personnel ou vous abonnez \u00e0 notre infolettre \u00e9lectronique. Les renseignements personnels que vous fournissez ne seront en aucun cas vendus ou lou\u00e9s \u00e0 des tiers. Il faut noter que dans certaines circonstances, nous pouvons partager des renseignements avec des tiers li\u00e9s par contrat \u00e0 l\u2019AIAC. Ces tiers comprennent qu\u2019il leur est interdit de divulguer de tels renseignements \u00e0 leurs propres fins. \u00a0<\/p>\r\n<p><strong><br \/>Utilisation que nous faisons de vos renseignements <br \/><\/strong>Nous utilisons vos renseignements \u00e0 diverses fins, dont les suivantes\u00a0:<\/p>\r\n<ul>\r\n<li>G\u00e9rer les inscriptions \u00e0 des \u00e9v\u00e9nements ou les demandes d\u2019adh\u00e9sion;<\/li>\r\n<li>Envoyer des mises \u00e0 jour, des infolettres ou des renseignements au sujet d\u2019\u00e9v\u00e9nements;<\/li>\r\n<li>R\u00e9pondre aux demandes d\u2019information et fournir le soutien requis.<\/li>\r\n<\/ul>\r\n<p>&nbsp;<\/p>\r\n<p><strong>Protection de vos renseignements <br \/><\/strong>Nous utilisons des mesures de s\u00e9curit\u00e9 appropri\u00e9es pour prot\u00e9ger vos donn\u00e9es. Aucun syst\u00e8me ne peut \u00eatre totalement s\u00e9curis\u00e9, mais nous prot\u00e9geons vos renseignements personnels dans la pleine mesure de nos capacit\u00e9s.<\/p>\r\n<p><br \/><strong>Mises \u00e0 jour de la pr\u00e9sente Politique <br \/><\/strong>Nous pouvons apporter des mises \u00e0 jour \u00e0 la pr\u00e9sente Politique p\u00e9riodiquement. Les changements seront publi\u00e9s sur cette page. La date de derni\u00e8re mise \u00e0 jour indique \u00e0 quel moment la plus r\u00e9cente version a \u00e9t\u00e9 publi\u00e9e.<\/p>\r\n<p>&nbsp;<\/p>\r\n<p><strong>Contactez-nous<br \/><\/strong>Veuillez nous envoyer un courriel \u00e0 l\u2019adresse <a href=\"mailto:communications@aiac.ca\">communications@aiac.ca<\/a> si vous avez des questions ou si vous souhaitez apporter des modifications aux renseignements que vous nous avez fournis.<\/p>\r\n","protected":false},"excerpt":{"rendered":"<p>Politique de Confidentialit\u00e9 Derni\u00e8re mise \u00e0 jour : Le 14 juillet 2025.\u00a0 L\u2019Association des industries a\u00e9rospatiales du Canada (AIAC) est d\u00e9termin\u00e9e \u00e0 prot\u00e9ger votre vie priv\u00e9e ainsi que les renseignements personnels que vous nous communiquez. La pr\u00e9sente Politique de confidentialit\u00e9 d\u00e9crit les mani\u00e8res dont nous recueillons, utilisons, divulguons et prot\u00e9geons vos renseignements. Conformit\u00e9 \u00e0 la [&hellip;]<\/p>\n","protected":false},"author":1,"featured_media":0,"parent":0,"menu_order":0,"comment_status":"closed","ping_status":"closed","template":"","meta":{"_acf_changed":false,"footnotes":""},"class_list":["post-6043","page","type-page","status-publish","hentry"],"acf":[],"yoast_head":"<!-- This site is optimized with the Yoast SEO plugin v27.4 - https:\/\/yoast.com\/product\/yoast-seo-wordpress\/ -->\n<title>Privacy Policy - AIAC<\/title>\n<meta name=\"robots\" content=\"index, follow, max-snippet:-1, max-image-preview:large, max-video-preview:-1\" \/>\n<link rel=\"canonical\" href=\"https:\/\/aiac.ca\/fr\/privacy-policy\/\" \/>\n<meta property=\"og:locale\" content=\"fr_FR\" \/>\n<meta property=\"og:type\" content=\"article\" \/>\n<meta property=\"og:title\" content=\"Privacy Policy - AIAC\" \/>\n<meta property=\"og:description\" content=\"Politique de Confidentialit\u00e9 Derni\u00e8re mise \u00e0 jour : Le 14 juillet 2025.\u00a0 L\u2019Association des industries a\u00e9rospatiales du Canada (AIAC) est d\u00e9termin\u00e9e \u00e0 prot\u00e9ger votre vie priv\u00e9e ainsi que les renseignements personnels que vous nous communiquez. La pr\u00e9sente Politique de confidentialit\u00e9 d\u00e9crit les mani\u00e8res dont nous recueillons, utilisons, divulguons et prot\u00e9geons vos renseignements. Conformit\u00e9 \u00e0 la [&hellip;]\" \/>\n<meta property=\"og:url\" content=\"https:\/\/aiac.ca\/fr\/privacy-policy\/\" \/>\n<meta property=\"og:site_name\" content=\"AIAC\" \/>\n<meta property=\"article:modified_time\" content=\"2025-07-14T19:52:13+00:00\" \/>\n<meta name=\"twitter:card\" content=\"summary_large_image\" \/>\n<meta name=\"twitter:label1\" content=\"Dur\u00e9e de lecture estim\u00e9e\" \/>\n\t<meta name=\"twitter:data1\" content=\"2 minutes\" \/>\n<script type=\"application\/ld+json\" class=\"yoast-schema-graph\">{\"@context\":\"https:\\\/\\\/schema.org\",\"@graph\":[{\"@type\":\"WebPage\",\"@id\":\"https:\\\/\\\/aiac.ca\\\/fr\\\/privacy-policy\\\/\",\"url\":\"https:\\\/\\\/aiac.ca\\\/fr\\\/privacy-policy\\\/\",\"name\":\"Privacy Policy - AIAC\",\"isPartOf\":{\"@id\":\"https:\\\/\\\/aiac.ca\\\/#website\"},\"datePublished\":\"2023-11-30T21:47:06+00:00\",\"dateModified\":\"2025-07-14T19:52:13+00:00\",\"breadcrumb\":{\"@id\":\"https:\\\/\\\/aiac.ca\\\/fr\\\/privacy-policy\\\/#breadcrumb\"},\"inLanguage\":\"fr-FR\",\"potentialAction\":[{\"@type\":\"ReadAction\",\"target\":[\"https:\\\/\\\/aiac.ca\\\/fr\\\/privacy-policy\\\/\"]}]},{\"@type\":\"BreadcrumbList\",\"@id\":\"https:\\\/\\\/aiac.ca\\\/fr\\\/privacy-policy\\\/#breadcrumb\",\"itemListElement\":[{\"@type\":\"ListItem\",\"position\":1,\"name\":\"Home\",\"item\":\"https:\\\/\\\/aiac.ca\\\/fr\\\/\"},{\"@type\":\"ListItem\",\"position\":2,\"name\":\"Privacy Policy\"}]},{\"@type\":\"WebSite\",\"@id\":\"https:\\\/\\\/aiac.ca\\\/#website\",\"url\":\"https:\\\/\\\/aiac.ca\\\/\",\"name\":\"AIAC\",\"description\":\"\",\"publisher\":{\"@id\":\"https:\\\/\\\/aiac.ca\\\/#organization\"},\"potentialAction\":[{\"@type\":\"SearchAction\",\"target\":{\"@type\":\"EntryPoint\",\"urlTemplate\":\"https:\\\/\\\/aiac.ca\\\/?s={search_term_string}\"},\"query-input\":{\"@type\":\"PropertyValueSpecification\",\"valueRequired\":true,\"valueName\":\"search_term_string\"}}],\"inLanguage\":\"fr-FR\"},{\"@type\":\"Organization\",\"@id\":\"https:\\\/\\\/aiac.ca\\\/#organization\",\"name\":\"AIAC\",\"url\":\"https:\\\/\\\/aiac.ca\\\/\",\"logo\":{\"@type\":\"ImageObject\",\"inLanguage\":\"fr-FR\",\"@id\":\"https:\\\/\\\/aiac.ca\\\/#\\\/schema\\\/logo\\\/image\\\/\",\"url\":\"https:\\\/\\\/aiac.ca\\\/wp-content\\\/uploads\\\/2024\\\/08\\\/logo.png\",\"contentUrl\":\"https:\\\/\\\/aiac.ca\\\/wp-content\\\/uploads\\\/2024\\\/08\\\/logo.png\",\"width\":770,\"height\":143,\"caption\":\"AIAC\"},\"image\":{\"@id\":\"https:\\\/\\\/aiac.ca\\\/#\\\/schema\\\/logo\\\/image\\\/\"}}]}<\/script>\n<!-- \/ Yoast SEO plugin. -->","yoast_head_json":{"title":"Privacy Policy - AIAC","robots":{"index":"index","follow":"follow","max-snippet":"max-snippet:-1","max-image-preview":"max-image-preview:large","max-video-preview":"max-video-preview:-1"},"canonical":"https:\/\/aiac.ca\/fr\/privacy-policy\/","og_locale":"fr_FR","og_type":"article","og_title":"Privacy Policy - AIAC","og_description":"Politique de Confidentialit\u00e9 Derni\u00e8re mise \u00e0 jour : Le 14 juillet 2025.\u00a0 L\u2019Association des industries a\u00e9rospatiales du Canada (AIAC) est d\u00e9termin\u00e9e \u00e0 prot\u00e9ger votre vie priv\u00e9e ainsi que les renseignements personnels que vous nous communiquez. La pr\u00e9sente Politique de confidentialit\u00e9 d\u00e9crit les mani\u00e8res dont nous recueillons, utilisons, divulguons et prot\u00e9geons vos renseignements. Conformit\u00e9 \u00e0 la [&hellip;]","og_url":"https:\/\/aiac.ca\/fr\/privacy-policy\/","og_site_name":"AIAC","article_modified_time":"2025-07-14T19:52:13+00:00","twitter_card":"summary_large_image","twitter_misc":{"Dur\u00e9e de lecture estim\u00e9e":"2 minutes"},"schema":{"@context":"https:\/\/schema.org","@graph":[{"@type":"WebPage","@id":"https:\/\/aiac.ca\/fr\/privacy-policy\/","url":"https:\/\/aiac.ca\/fr\/privacy-policy\/","name":"Privacy Policy - AIAC","isPartOf":{"@id":"https:\/\/aiac.ca\/#website"},"datePublished":"2023-11-30T21:47:06+00:00","dateModified":"2025-07-14T19:52:13+00:00","breadcrumb":{"@id":"https:\/\/aiac.ca\/fr\/privacy-policy\/#breadcrumb"},"inLanguage":"fr-FR","potentialAction":[{"@type":"ReadAction","target":["https:\/\/aiac.ca\/fr\/privacy-policy\/"]}]},{"@type":"BreadcrumbList","@id":"https:\/\/aiac.ca\/fr\/privacy-policy\/#breadcrumb","itemListElement":[{"@type":"ListItem","position":1,"name":"Home","item":"https:\/\/aiac.ca\/fr\/"},{"@type":"ListItem","position":2,"name":"Privacy Policy"}]},{"@type":"WebSite","@id":"https:\/\/aiac.ca\/#website","url":"https:\/\/aiac.ca\/","name":"AIAC","description":"","publisher":{"@id":"https:\/\/aiac.ca\/#organization"},"potentialAction":[{"@type":"SearchAction","target":{"@type":"EntryPoint","urlTemplate":"https:\/\/aiac.ca\/?s={search_term_string}"},"query-input":{"@type":"PropertyValueSpecification","valueRequired":true,"valueName":"search_term_string"}}],"inLanguage":"fr-FR"},{"@type":"Organization","@id":"https:\/\/aiac.ca\/#organization","name":"AIAC","url":"https:\/\/aiac.ca\/","logo":{"@type":"ImageObject","inLanguage":"fr-FR","@id":"https:\/\/aiac.ca\/#\/schema\/logo\/image\/","url":"https:\/\/aiac.ca\/wp-content\/uploads\/2024\/08\/logo.png","contentUrl":"https:\/\/aiac.ca\/wp-content\/uploads\/2024\/08\/logo.png","width":770,"height":143,"caption":"AIAC"},"image":{"@id":"https:\/\/aiac.ca\/#\/schema\/logo\/image\/"}}]}},"_links":{"self":[{"href":"https:\/\/aiac.ca\/fr\/wp-json\/wp\/v2\/pages\/6043","targetHints":{"allow":["GET"]}}],"collection":[{"href":"https:\/\/aiac.ca\/fr\/wp-json\/wp\/v2\/pages"}],"about":[{"href":"https:\/\/aiac.ca\/fr\/wp-json\/wp\/v2\/types\/page"}],"author":[{"embeddable":true,"href":"https:\/\/aiac.ca\/fr\/wp-json\/wp\/v2\/users\/1"}],"replies":[{"embeddable":true,"href":"https:\/\/aiac.ca\/fr\/wp-json\/wp\/v2\/comments?post=6043"}],"version-history":[{"count":4,"href":"https:\/\/aiac.ca\/fr\/wp-json\/wp\/v2\/pages\/6043\/revisions"}],"predecessor-version":[{"id":6908,"href":"https:\/\/aiac.ca\/fr\/wp-json\/wp\/v2\/pages\/6043\/revisions\/6908"}],"wp:attachment":[{"href":"https:\/\/aiac.ca\/fr\/wp-json\/wp\/v2\/media?parent=6043"}],"curies":[{"name":"wp","href":"https:\/\/api.w.org\/{rel}","templated":true}]}}