{"id":4829,"date":"2024-09-04T16:25:35","date_gmt":"2024-09-04T20:25:35","guid":{"rendered":"https:\/\/aiac.ca\/environ\/prix-de-laiac\/prix-james-c-floyd\/"},"modified":"2024-09-05T10:14:17","modified_gmt":"2024-09-05T14:14:17","slug":"prix-james-c-floyd","status":"publish","type":"page","link":"https:\/\/aiac.ca\/fr\/environ\/prix-de-laiac\/prix-james-c-floyd\/","title":{"rendered":"Prix James C. Floyd"},"content":{"rendered":"<p><img loading=\"lazy\" decoding=\"async\" class=\"wp-image-4841 alignright\" src=\"https:\/\/aiac.ca\/wp-content\/uploads\/2024\/09\/AIAC015-Floyd-Logo_colour_fr.png\" alt=\"\" width=\"218\" height=\"218\" srcset=\"https:\/\/aiac.ca\/wp-content\/uploads\/2024\/09\/AIAC015-Floyd-Logo_colour_fr.png 373w, https:\/\/aiac.ca\/wp-content\/uploads\/2024\/09\/AIAC015-Floyd-Logo_colour_fr-80x80.png 80w, https:\/\/aiac.ca\/wp-content\/uploads\/2024\/09\/AIAC015-Floyd-Logo_colour_fr-30x30.png 30w, https:\/\/aiac.ca\/wp-content\/uploads\/2024\/09\/AIAC015-Floyd-Logo_colour_fr-36x36.png 36w, https:\/\/aiac.ca\/wp-content\/uploads\/2024\/09\/AIAC015-Floyd-Logo_colour_fr-180x180.png 180w\" sizes=\"auto, (max-width: 218px) 100vw, 218px\" \/>Le Prix James C. Floyd Award est un prix annuel qui reconna\u00eet une personne ou une \u00e9quipe qui a contribu\u00e9 de fa\u00e7on importante \u00e0 l\u2019essor de l\u2019industrie canadienne de l\u2019a\u00e9rospatiale.<\/p>\n<h2>Crit\u00e8res et objectifs du Prix<\/h2>\n<p>Le Prix James C. Floyd vise \u00e0 reconna\u00eetre une personne ou une \u00e9quipe pour une contribution exceptionnelle r\u00e9cente \u00e0 l\u2019industrie canadienne de l\u2019a\u00e9rospatiale. Cette contribution, dont l\u2019impact et l\u2019importance justifient un niveau exceptionnel de reconnaissance, doit \u00eatre du domaine technologique, politique, entrepreneurial, de la recherche ou de l\u2019\u00e9laboration de politiques, ou encore une r\u00e9alisation d\u2019\u00e9tudiants.<\/p>\n<h3><\/h3>\n<h3>Admissibilit\u00e9<\/h3>\n<p>Toute personne ou \u00e9quipe d\u2019une entreprise membre de l\u2019AIAC, d\u2019une universit\u00e9 canadienne, d\u2019une institution de recherche, d\u2019un coll\u00e8ge, ou encore d\u2019un minist\u00e8re du gouvernement peut \u00eatre nomin\u00e9e pour ce prix. Les nomin\u00e9s de tout \u00e2ge et de tout niveau d\u2019exp\u00e9rience sont admissibles \u2013 y compris les \u00e9tudiant(e)s et personnes qui ont r\u00e9cemment commenc\u00e9 leur carri\u00e8re.<\/p>\n<h3>Crit\u00e8res pour \u00eatre nomin\u00e9s<\/h3>\n<p>Les personnes nomin\u00e9es doivent faire la d\u00e9monstration d\u2019au moins une des r\u00e9alisations suivantes :<\/p>\n<ul>\n<li>La r\u00e9alisation d\u2019un programme ou d\u2019un projet de recherche qui a connu un succ\u00e8s ou qui a eu une incidence positive sur l\u2019industrie canadienne de l\u2019a\u00e9rospatiale au cours des cinq derni\u00e8res ann\u00e9es.<\/li>\n<li>Un geste, un effort, une contribution ou des services exceptionnels rendus \u00e0 l\u2019industrie canadienne de l\u2019a\u00e9rospatiale au cours des cinq derni\u00e8res ann\u00e9es.<\/li>\n<\/ul>\n<p>D\u2019autres facteurs peuvent \u00eatre pris en compte, notamment l\u2019initiative du candidat, sa pers\u00e9v\u00e9rance, ses comp\u00e9tences cr\u00e9atives en r\u00e9solution de probl\u00e8mes, sa contribution \u00e0 la perception de l\u2019industrie par le public au pays et \u00e0 l\u2019\u00e9tranger, la cr\u00e9ation de partenariats, sa participation \u00e0 la communaut\u00e9 a\u00e9rospatiale \u00e9largie et ses capacit\u00e9s de gestion du personnel et de leadership. <strong>Pour proposer la candidature d\u2019un candidat ou commanditer un prix, veuillez communiquer avec Bill Yetman au <a href=\"mailto\u00a0:byetman@aiac.ca\u00a0?subject=AIAC%20Prix\" target=\"_blank\" rel=\"noopener\" data-cke-saved-href=\"mailto:byetman@aiac.ca?subject=AIAC%20Awards\">byetman@aiac.ca<\/a><\/strong> .<\/p>\n<h2>Proc\u00e9dure pour soumettre une candidature<\/h2>\n<p>Les candidatures doivent inclure<\/p>\n<ul>\n<li>le nom du candidat ; l\u2019organisation pr\u00eate-nom ; Renseignements sur la biographie du candidat<\/li>\n<li>Un minimum de deux lettres d\u2019appui, dans l\u2019une ou l\u2019autre des langues officielles, soumises par un(e) employ\u00e9(e) d\u2019une entreprise membre de l\u2019AIAC, une universit\u00e9, un coll\u00e8ge ou un institut de recherche canadiens. Ces lettres ne doivent pas d\u00e9passer une page et doivent venir \u00e9tayer ou ajouter au r\u00e9sum\u00e9 des r\u00e9alisations; elles devraient \u00eatre soumises avec le reste de la documentation de nomination.<\/li>\n<li>Une description narrative d\u00e9taill\u00e9e (entre 500 et 2 000 mots), dans l\u2019une des langues officielles, qui d\u00e9crit dans des termes non techniques, la nature et la signification de la r\u00e9alisation, ses effets et l\u2019\u00e9tendue de ses b\u00e9n\u00e9fices. Ce texte devrait porter sur les caract\u00e9ristiques ou habilet\u00e9s de la personne nomin\u00e9e, qui ont jou\u00e9 un r\u00f4le important dans la r\u00e9alisation et contribu\u00e9 au succ\u00e8s de l\u2019activit\u00e9 en question.<\/li>\n<\/ul>\n<h2>Pr\u00e9sentation du Prix<\/h2>\n<p>Le Prix James C. Floyd sera pr\u00e9sent\u00e9 au D\u00eener annuel de l\u2019a\u00e9rospatiale canadienne qui aura lieu dans le cadre du <a href=\"http:\/\/www.aerospacesummit.ca\/\" target=\"blank\" rel=\"noopener noreferrer\">Sommet de l\u2019a\u00e9rospatiale canadienne<\/a>. Cet \u00e9v\u00e9nement permet la rencontre de repr\u00e9sentants de tous les secteurs de l\u2019industrie canadienne de l\u2019a\u00e9rospatiale, d\u2019autres nations leader en a\u00e9rospatiale, des divers paliers de gouvernements, du milieu de la finance et des investissements, ainsi que de la presse internationale, nationale et d\u2019affaires. Le Sommet de cette ann\u00e9e aura lieu les 5 et 6 novembre 2024 au Centre Shaw \u00e0 Ottawa, en Ontario, au Canada.<\/p>\n<h2>LAUR\u00c9AT 2023<\/h2>\n<p>Maria Della Posta, pr\u00e9sidente, Pratt Whitney Canada Maria Della Posta a \u00e9t\u00e9 nomm\u00e9e pr\u00e9sidente de Pratt Whitney Canada en juin 2019. Maria dirige toutes les organisations mondiales des op\u00e9rations, de l\u2019ing\u00e9nierie, du service client, des ventes, du marketing et du d\u00e9veloppement commercial, ainsi qu\u2019une \u00e9quipe de plus de 10 000 employ\u00e9s dans le monde entier. Elle se concentre sur le lancement de produits et de services qui stimulent la croissance et offrent un service \u00e0 la client\u00e8le exceptionnel dans tous les segments de l\u2019entreprise, y compris l\u2019aviation g\u00e9n\u00e9rale et d\u2019affaires, les turbopropulseurs r\u00e9gionaux, les h\u00e9licopt\u00e8res et les groupes auxiliaires de puissance. Maria s\u2019est jointe \u00e0 Pratt Whitney Canada en 1985 et a gravi les \u00e9chelons o\u00f9 elle a occup\u00e9 des postes de direction croissants dans les domaines de la cha\u00eene d\u2019approvisionnement, des finances et du service \u00e0 la client\u00e8le. Nomm\u00e9e vice-pr\u00e9sidente, Soutien \u00e0 la client\u00e8le en 2001, vice-pr\u00e9sidente principale, Ventes et marketing en 2010, et vice-pr\u00e9sidente principale, Pratt Whitney Canada en 2012, Maria a jou\u00e9 un r\u00f4le d\u00e9terminant dans la transformation d\u2019un mod\u00e8le d\u2019affaires important, une culture centr\u00e9e sur le client et l\u2019accent mis sur la durabilit\u00e9. Elle a dirig\u00e9 la croissance d\u2019un r\u00e9seau mondial de pi\u00e8ces de rechange qui prend en charge un vaste portefeuille de pr\u00e8s de 65 000 moteurs en service et plus de 13 000 clients dans le monde. Dans l\u2019ensemble de ses secteurs, l\u2019\u00e9quipe de Pratt Whitney Canada ouvre la voie \u00e0 une propulsion a\u00e9ronautique toujours plus durable, qu\u2019il s\u2019agisse de produits actuels de premier ordre, de carburants d\u2019aviation durables ou de solutions technologiques alternatives telles que l\u2019hybride \u00e9lectrique.<\/p>\n<h2>LAUR\u00c9ATS PR\u00c9C\u00c9DENTS<\/h2>\n<ul>\n<li>Wagdi Habashi (2010)<\/li>\n<li>Maurice Guitton (2011)<\/li>\n<li>Hany Moustapha (2012)<\/li>\n<li>Soci\u00e9t\u00e9 Marinvent (2013)<\/li>\n<li>Ronald Holdway et Dave Caddey (2014)<\/li>\n<li>Le Service des d\u00e9l\u00e9gu\u00e9s commerciaux du Canada (2015)<\/li>\n<li>Rob Dewar et l\u2019\u00e9quipe du Programme d\u2019avions CSeries (2016)<\/li>\n<li>Benoit Beaudoin et l\u2019\u00e9quipe des op\u00e9rations de Pratt Whitney Canada (2017)<\/li>\n<li>Viking Air Ltd. (2018)<\/li>\n<li>Marc Parent (2019)<\/li>\n<li>Tracy Medve (2022)<\/li>\n<\/ul>\n<h2>L\u2019H\u00c9RITAGE DE JAMES C. FLOYD<\/h2>\n<p><img loading=\"lazy\" decoding=\"async\" class=\" wp-image-3709 alignleft\" src=\"https:\/\/aiac.ca\/old-site\/wp-content\/uploads\/2016\/09\/Floyd-Award.jpg\" sizes=\"auto, (max-width: 126px) 100vw, 126px\" srcset=\"https:\/\/aiac.ca\/old-site\/wp-content\/uploads\/2016\/09\/Floyd-Award.jpg 200w, https:\/\/aiac.ca\/old-site\/wp-content\/uploads\/2016\/09\/Floyd-Award-120x181.jpg 120w\" alt=\"\" width=\"126\" height=\"190\" \/>James C. Floyd est l\u2019une des grandes figures de l\u2019histoire de l\u2019aviation au Canada. En tant que concepteur en chef du Avro Canada, M. Floyd a jou\u00e9 un r\u00f4le pr\u00e9dominant dans le d\u00e9veloppement de plusieurs des avions les plus superbes jamais produits au Canada \u2013 y compris le C102 Jetliner, l\u2019avion de chasse CF 100 et le Avro Arrow. Les membres de son \u00e9quipe de design et d\u2019ing\u00e9nierie ont plus tard jou\u00e9 un r\u00f4le cl\u00e9 dans le projet am\u00e9ricain Apollo d\u2019envoyer un homme sur la lune. Apr\u00e8s l\u2019annulation du projet Avro Arrow, M. Floyd a mis sur pied sa propre entreprise de consultation en aviation internationale et a contribu\u00e9 \u00e0 de nombreux projets \u00e0 la fine pointe de la technologie dans le monde. En 1950, M. Floyd fut le premier r\u00e9cipiendaire non-am\u00e9ricain de la m\u00e9daille Wright Bros. Medal pour son travail sur la technologie pour les avions \u00e0 r\u00e9action \u2013 plus pr\u00e9cis\u00e9ment pour le design du Avro Canada Jetliner, le tout premier avion \u00e0 r\u00e9action pour passagers au monde. Il a agi comme consultant pour le British Ministry of Technology pour le projet du Concorde entre 1965 et 1972. Floyd fut intronis\u00e9 au Panth\u00e9on de l\u2019aviation du Canada en 1993.<\/p>\n","protected":false},"excerpt":{"rendered":"<p>Le Prix James C. Floyd Award est un prix annuel qui reconna\u00eet une personne ou une \u00e9quipe qui a contribu\u00e9 de fa\u00e7on importante \u00e0 l\u2019essor de l\u2019industrie canadienne de l\u2019a\u00e9rospatiale. Crit\u00e8res et objectifs du Prix Le Prix James C. Floyd vise \u00e0 reconna\u00eetre une personne ou une \u00e9quipe pour une contribution exceptionnelle r\u00e9cente \u00e0 l\u2019industrie [&hellip;]<\/p>\n","protected":false},"author":5,"featured_media":4724,"parent":4729,"menu_order":0,"comment_status":"closed","ping_status":"closed","template":"","meta":{"_acf_changed":false,"footnotes":""},"class_list":["post-4829","page","type-page","status-publish","has-post-thumbnail","hentry"],"acf":[],"yoast_head":"<!-- This site is optimized with the Yoast SEO plugin v27.4 - https:\/\/yoast.com\/product\/yoast-seo-wordpress\/ -->\n<title>Prix James C. Floyd - AIAC<\/title>\n<meta name=\"robots\" content=\"index, follow, max-snippet:-1, max-image-preview:large, max-video-preview:-1\" \/>\n<link rel=\"canonical\" href=\"https:\/\/aiac.ca\/fr\/environ\/prix-de-laiac\/prix-james-c-floyd\/\" \/>\n<meta property=\"og:locale\" content=\"fr_FR\" \/>\n<meta property=\"og:type\" content=\"article\" \/>\n<meta property=\"og:title\" content=\"Prix James C. Floyd - AIAC\" \/>\n<meta property=\"og:description\" content=\"Le Prix James C. Floyd Award est un prix annuel qui reconna\u00eet une personne ou une \u00e9quipe qui a contribu\u00e9 de fa\u00e7on importante \u00e0 l\u2019essor de l\u2019industrie canadienne de l\u2019a\u00e9rospatiale. Crit\u00e8res et objectifs du Prix Le Prix James C. Floyd vise \u00e0 reconna\u00eetre une personne ou une \u00e9quipe pour une contribution exceptionnelle r\u00e9cente \u00e0 l\u2019industrie [&hellip;]\" \/>\n<meta property=\"og:url\" content=\"https:\/\/aiac.ca\/fr\/environ\/prix-de-laiac\/prix-james-c-floyd\/\" \/>\n<meta property=\"og:site_name\" content=\"AIAC\" \/>\n<meta property=\"article:modified_time\" content=\"2024-09-05T14:14:17+00:00\" \/>\n<meta property=\"og:image\" content=\"https:\/\/aiac.ca\/wp-content\/uploads\/2024\/09\/James-C-Floyd-Award.jpg\" \/>\n\t<meta property=\"og:image:width\" content=\"564\" \/>\n\t<meta property=\"og:image:height\" content=\"376\" \/>\n\t<meta property=\"og:image:type\" content=\"image\/jpeg\" \/>\n<meta name=\"twitter:card\" content=\"summary_large_image\" \/>\n<meta name=\"twitter:label1\" content=\"Dur\u00e9e de lecture estim\u00e9e\" \/>\n\t<meta name=\"twitter:data1\" content=\"6 minutes\" \/>\n<script type=\"application\/ld+json\" class=\"yoast-schema-graph\">{\"@context\":\"https:\\\/\\\/schema.org\",\"@graph\":[{\"@type\":\"WebPage\",\"@id\":\"https:\\\/\\\/aiac.ca\\\/fr\\\/environ\\\/prix-de-laiac\\\/prix-james-c-floyd\\\/\",\"url\":\"https:\\\/\\\/aiac.ca\\\/fr\\\/environ\\\/prix-de-laiac\\\/prix-james-c-floyd\\\/\",\"name\":\"Prix James C. Floyd - AIAC\",\"isPartOf\":{\"@id\":\"https:\\\/\\\/aiac.ca\\\/#website\"},\"primaryImageOfPage\":{\"@id\":\"https:\\\/\\\/aiac.ca\\\/fr\\\/environ\\\/prix-de-laiac\\\/prix-james-c-floyd\\\/#primaryimage\"},\"image\":{\"@id\":\"https:\\\/\\\/aiac.ca\\\/fr\\\/environ\\\/prix-de-laiac\\\/prix-james-c-floyd\\\/#primaryimage\"},\"thumbnailUrl\":\"https:\\\/\\\/aiac.ca\\\/wp-content\\\/uploads\\\/2024\\\/09\\\/James-C-Floyd-Award.jpg\",\"datePublished\":\"2024-09-04T20:25:35+00:00\",\"dateModified\":\"2024-09-05T14:14:17+00:00\",\"breadcrumb\":{\"@id\":\"https:\\\/\\\/aiac.ca\\\/fr\\\/environ\\\/prix-de-laiac\\\/prix-james-c-floyd\\\/#breadcrumb\"},\"inLanguage\":\"fr-FR\",\"potentialAction\":[{\"@type\":\"ReadAction\",\"target\":[\"https:\\\/\\\/aiac.ca\\\/fr\\\/environ\\\/prix-de-laiac\\\/prix-james-c-floyd\\\/\"]}]},{\"@type\":\"ImageObject\",\"inLanguage\":\"fr-FR\",\"@id\":\"https:\\\/\\\/aiac.ca\\\/fr\\\/environ\\\/prix-de-laiac\\\/prix-james-c-floyd\\\/#primaryimage\",\"url\":\"https:\\\/\\\/aiac.ca\\\/wp-content\\\/uploads\\\/2024\\\/09\\\/James-C-Floyd-Award.jpg\",\"contentUrl\":\"https:\\\/\\\/aiac.ca\\\/wp-content\\\/uploads\\\/2024\\\/09\\\/James-C-Floyd-Award.jpg\",\"width\":564,\"height\":376},{\"@type\":\"BreadcrumbList\",\"@id\":\"https:\\\/\\\/aiac.ca\\\/fr\\\/environ\\\/prix-de-laiac\\\/prix-james-c-floyd\\\/#breadcrumb\",\"itemListElement\":[{\"@type\":\"ListItem\",\"position\":1,\"name\":\"Home\",\"item\":\"https:\\\/\\\/aiac.ca\\\/fr\\\/\"},{\"@type\":\"ListItem\",\"position\":2,\"name\":\"\u00c0 propos\",\"item\":\"https:\\\/\\\/aiac.ca\\\/fr\\\/environ\\\/\"},{\"@type\":\"ListItem\",\"position\":3,\"name\":\"Prix de l&#8217;AIAC\",\"item\":\"https:\\\/\\\/aiac.ca\\\/fr\\\/environ\\\/prix-de-laiac\\\/\"},{\"@type\":\"ListItem\",\"position\":4,\"name\":\"Prix James C. Floyd\"}]},{\"@type\":\"WebSite\",\"@id\":\"https:\\\/\\\/aiac.ca\\\/#website\",\"url\":\"https:\\\/\\\/aiac.ca\\\/\",\"name\":\"AIAC\",\"description\":\"\",\"publisher\":{\"@id\":\"https:\\\/\\\/aiac.ca\\\/#organization\"},\"potentialAction\":[{\"@type\":\"SearchAction\",\"target\":{\"@type\":\"EntryPoint\",\"urlTemplate\":\"https:\\\/\\\/aiac.ca\\\/?s={search_term_string}\"},\"query-input\":{\"@type\":\"PropertyValueSpecification\",\"valueRequired\":true,\"valueName\":\"search_term_string\"}}],\"inLanguage\":\"fr-FR\"},{\"@type\":\"Organization\",\"@id\":\"https:\\\/\\\/aiac.ca\\\/#organization\",\"name\":\"AIAC\",\"url\":\"https:\\\/\\\/aiac.ca\\\/\",\"logo\":{\"@type\":\"ImageObject\",\"inLanguage\":\"fr-FR\",\"@id\":\"https:\\\/\\\/aiac.ca\\\/#\\\/schema\\\/logo\\\/image\\\/\",\"url\":\"https:\\\/\\\/aiac.ca\\\/wp-content\\\/uploads\\\/2024\\\/08\\\/logo.png\",\"contentUrl\":\"https:\\\/\\\/aiac.ca\\\/wp-content\\\/uploads\\\/2024\\\/08\\\/logo.png\",\"width\":770,\"height\":143,\"caption\":\"AIAC\"},\"image\":{\"@id\":\"https:\\\/\\\/aiac.ca\\\/#\\\/schema\\\/logo\\\/image\\\/\"}}]}<\/script>\n<!-- \/ Yoast SEO plugin. -->","yoast_head_json":{"title":"Prix James C. Floyd - AIAC","robots":{"index":"index","follow":"follow","max-snippet":"max-snippet:-1","max-image-preview":"max-image-preview:large","max-video-preview":"max-video-preview:-1"},"canonical":"https:\/\/aiac.ca\/fr\/environ\/prix-de-laiac\/prix-james-c-floyd\/","og_locale":"fr_FR","og_type":"article","og_title":"Prix James C. Floyd - AIAC","og_description":"Le Prix James C. Floyd Award est un prix annuel qui reconna\u00eet une personne ou une \u00e9quipe qui a contribu\u00e9 de fa\u00e7on importante \u00e0 l\u2019essor de l\u2019industrie canadienne de l\u2019a\u00e9rospatiale. Crit\u00e8res et objectifs du Prix Le Prix James C. Floyd vise \u00e0 reconna\u00eetre une personne ou une \u00e9quipe pour une contribution exceptionnelle r\u00e9cente \u00e0 l\u2019industrie [&hellip;]","og_url":"https:\/\/aiac.ca\/fr\/environ\/prix-de-laiac\/prix-james-c-floyd\/","og_site_name":"AIAC","article_modified_time":"2024-09-05T14:14:17+00:00","og_image":[{"width":564,"height":376,"url":"https:\/\/aiac.ca\/wp-content\/uploads\/2024\/09\/James-C-Floyd-Award.jpg","type":"image\/jpeg"}],"twitter_card":"summary_large_image","twitter_misc":{"Dur\u00e9e de lecture estim\u00e9e":"6 minutes"},"schema":{"@context":"https:\/\/schema.org","@graph":[{"@type":"WebPage","@id":"https:\/\/aiac.ca\/fr\/environ\/prix-de-laiac\/prix-james-c-floyd\/","url":"https:\/\/aiac.ca\/fr\/environ\/prix-de-laiac\/prix-james-c-floyd\/","name":"Prix James C. Floyd - AIAC","isPartOf":{"@id":"https:\/\/aiac.ca\/#website"},"primaryImageOfPage":{"@id":"https:\/\/aiac.ca\/fr\/environ\/prix-de-laiac\/prix-james-c-floyd\/#primaryimage"},"image":{"@id":"https:\/\/aiac.ca\/fr\/environ\/prix-de-laiac\/prix-james-c-floyd\/#primaryimage"},"thumbnailUrl":"https:\/\/aiac.ca\/wp-content\/uploads\/2024\/09\/James-C-Floyd-Award.jpg","datePublished":"2024-09-04T20:25:35+00:00","dateModified":"2024-09-05T14:14:17+00:00","breadcrumb":{"@id":"https:\/\/aiac.ca\/fr\/environ\/prix-de-laiac\/prix-james-c-floyd\/#breadcrumb"},"inLanguage":"fr-FR","potentialAction":[{"@type":"ReadAction","target":["https:\/\/aiac.ca\/fr\/environ\/prix-de-laiac\/prix-james-c-floyd\/"]}]},{"@type":"ImageObject","inLanguage":"fr-FR","@id":"https:\/\/aiac.ca\/fr\/environ\/prix-de-laiac\/prix-james-c-floyd\/#primaryimage","url":"https:\/\/aiac.ca\/wp-content\/uploads\/2024\/09\/James-C-Floyd-Award.jpg","contentUrl":"https:\/\/aiac.ca\/wp-content\/uploads\/2024\/09\/James-C-Floyd-Award.jpg","width":564,"height":376},{"@type":"BreadcrumbList","@id":"https:\/\/aiac.ca\/fr\/environ\/prix-de-laiac\/prix-james-c-floyd\/#breadcrumb","itemListElement":[{"@type":"ListItem","position":1,"name":"Home","item":"https:\/\/aiac.ca\/fr\/"},{"@type":"ListItem","position":2,"name":"\u00c0 propos","item":"https:\/\/aiac.ca\/fr\/environ\/"},{"@type":"ListItem","position":3,"name":"Prix de l&#8217;AIAC","item":"https:\/\/aiac.ca\/fr\/environ\/prix-de-laiac\/"},{"@type":"ListItem","position":4,"name":"Prix James C. Floyd"}]},{"@type":"WebSite","@id":"https:\/\/aiac.ca\/#website","url":"https:\/\/aiac.ca\/","name":"AIAC","description":"","publisher":{"@id":"https:\/\/aiac.ca\/#organization"},"potentialAction":[{"@type":"SearchAction","target":{"@type":"EntryPoint","urlTemplate":"https:\/\/aiac.ca\/?s={search_term_string}"},"query-input":{"@type":"PropertyValueSpecification","valueRequired":true,"valueName":"search_term_string"}}],"inLanguage":"fr-FR"},{"@type":"Organization","@id":"https:\/\/aiac.ca\/#organization","name":"AIAC","url":"https:\/\/aiac.ca\/","logo":{"@type":"ImageObject","inLanguage":"fr-FR","@id":"https:\/\/aiac.ca\/#\/schema\/logo\/image\/","url":"https:\/\/aiac.ca\/wp-content\/uploads\/2024\/08\/logo.png","contentUrl":"https:\/\/aiac.ca\/wp-content\/uploads\/2024\/08\/logo.png","width":770,"height":143,"caption":"AIAC"},"image":{"@id":"https:\/\/aiac.ca\/#\/schema\/logo\/image\/"}}]}},"_links":{"self":[{"href":"https:\/\/aiac.ca\/fr\/wp-json\/wp\/v2\/pages\/4829","targetHints":{"allow":["GET"]}}],"collection":[{"href":"https:\/\/aiac.ca\/fr\/wp-json\/wp\/v2\/pages"}],"about":[{"href":"https:\/\/aiac.ca\/fr\/wp-json\/wp\/v2\/types\/page"}],"author":[{"embeddable":true,"href":"https:\/\/aiac.ca\/fr\/wp-json\/wp\/v2\/users\/5"}],"replies":[{"embeddable":true,"href":"https:\/\/aiac.ca\/fr\/wp-json\/wp\/v2\/comments?post=4829"}],"version-history":[{"count":2,"href":"https:\/\/aiac.ca\/fr\/wp-json\/wp\/v2\/pages\/4829\/revisions"}],"predecessor-version":[{"id":4840,"href":"https:\/\/aiac.ca\/fr\/wp-json\/wp\/v2\/pages\/4829\/revisions\/4840"}],"up":[{"embeddable":true,"href":"https:\/\/aiac.ca\/fr\/wp-json\/wp\/v2\/pages\/4729"}],"wp:featuredmedia":[{"embeddable":true,"href":"https:\/\/aiac.ca\/fr\/wp-json\/wp\/v2\/media\/4724"}],"wp:attachment":[{"href":"https:\/\/aiac.ca\/fr\/wp-json\/wp\/v2\/media?parent=4829"}],"curies":[{"name":"wp","href":"https:\/\/api.w.org\/{rel}","templated":true}]}}