{"id":4824,"date":"2024-09-04T16:26:07","date_gmt":"2024-09-04T20:26:07","guid":{"rendered":"https:\/\/aiac.ca\/prix-de-la-technologie-innovante-petite-entreprise\/"},"modified":"2024-09-05T10:13:01","modified_gmt":"2024-09-05T14:13:01","slug":"prix-de-la-technologie-innovante-petite-entreprise","status":"publish","type":"page","link":"https:\/\/aiac.ca\/fr\/prix-de-la-technologie-innovante-petite-entreprise\/","title":{"rendered":"Prix de la technologie innovante \u2013 petite entreprise"},"content":{"rendered":"<p><img loading=\"lazy\" decoding=\"async\" class=\"wp-image-4837  alignright\" src=\"https:\/\/aiac.ca\/wp-content\/uploads\/2024\/09\/AIAC_IndustryExcellenceAwards_SmallBusiness_RGB_FR.jpg\" alt=\"\" width=\"285\" height=\"242\" srcset=\"https:\/\/aiac.ca\/wp-content\/uploads\/2024\/09\/AIAC_IndustryExcellenceAwards_SmallBusiness_RGB_FR.jpg 509w, https:\/\/aiac.ca\/wp-content\/uploads\/2024\/09\/AIAC_IndustryExcellenceAwards_SmallBusiness_RGB_FR-35x30.jpg 35w\" sizes=\"auto, (max-width: 285px) 100vw, 285px\" \/>Le Prix de la technologie innovante \u2013 petite entreprise est destin\u00e9 \u00e0 reconna\u00eetre une entreprise qui a mis au point des technologies de pointe ou novatrices pour r\u00e9pondre aux besoins de l\u2019industrie a\u00e9rospatiale, au Canada et ailleurs dans le monde. Les r\u00e9alisations de cette entreprise ont contribu\u00e9 au dynamisme de l\u2019\u00e9conomie canadienne et \u00e0 favoriser la croissance de son secteur de l\u2019innovation, le tout en ayant des r\u00e9percussions favorables sur l\u2019industrie et sur les communaut\u00e9s.<\/p>\n<h2>Admissibilit\u00e9<\/h2>\n<p>Les entreprises d\u00e9sireuses de se voir attribuer le Prix de la technologie innovante \u2013 petite entreprise devront \u00eatre en activit\u00e9 depuis au moins 5 ans, avoir leur si\u00e8ge social au Canada et compter moins de 250 employ\u00e9s.<\/p>\n<h2>Crit\u00e8res d\u2019attribution du prix<\/h2>\n<p>Tous les s\u00e9lectionn\u00e9s pour l\u2019obtention de ce prix devront fournir :<\/p>\n<ul>\n<li>un texte d\u2019au moins 500 mots expliquant en quoi le produit ou le service est novateur et comment l\u2019entreprise s\u2019y est prise pour devenir un leader de l\u2019innovation au sein du secteur a\u00e9rospatial ;<\/li>\n<li>une description du probl\u00e8me qu\u2019elle a r\u00e9solu et de la fa\u00e7on dont sa technologie a r\u00e9volutionn\u00e9 l\u2019industrie;<\/li>\n<li>une explication de la fa\u00e7on dont toute l\u2019entreprise contribue aux efforts de la R et D.<\/li>\n<li>Il faut joindre au dossier de candidature au moins un t\u00e9moignage \u00e0 l\u2019appui de la nomination de cette entreprise.<\/li>\n<\/ul>\n<h2>Nominations<\/h2>\n<p>Les mises en candidature sont maintenant ouvertes pour les prix 2024. Pour proposer la candidature d\u2019un candidat ou commanditer un prix, veuillez communiquer avec<strong> Bill Yetman au <a href=\"mailto\u00a0:byetman@aiac.ca\u00a0?subject=AIAC%20Prix\" target=\"_blank\" rel=\"noopener\" data-cke-saved-href=\"mailto:byetman@aiac.ca?subject=AIAC%20Awards\">byetman@aiac.ca<\/a><\/strong> .<\/p>\n<h2>Pr\u00e9sentation du prix<\/h2>\n<p>Les Prix d\u2019excellence de l\u2019industrie seront pr\u00e9sent\u00e9s au D\u00eener annuel de l\u2019a\u00e9rospatiale canadienne qui aura lieu dans le cadre du<a href=\"http:\/\/www.aerospacesummit.ca\/\" target=\"blank\" rel=\"noopener noreferrer\"> Sommet de l\u2019a\u00e9rospatiale canadienne<\/a>. Cet \u00e9v\u00e9nement permet la rencontre de repr\u00e9sentants de tous les secteurs de l\u2019industrie canadienne de l\u2019a\u00e9rospatiale, d\u2019autres nations leader en a\u00e9rospatiale, des divers paliers de gouvernements, du milieu de la finance et des investissements, ainsi que de la presse internationale, nationale et d\u2019affaires.<\/p>\n<h2>Laur\u00e9at 2023<\/h2>\n<p>Cyclone Manufacturing est un fournisseur de services complets verticalement int\u00e9gr\u00e9s d\u2019usinage de 3 \u00e0 5 axes, de fabrication de t\u00f4les, de cintrage de tubes, de soudage et de sous-ensembles mineurs de composants structurels a\u00e9rospatiaux pour les plus grandes entreprises a\u00e9rospatiales telles que AIDC, Boeing, Bombardier, Embraer, FACC, GE, IAI, Liebherr, Lockheed Martin, MHI, SAAB, ShinMaywa, Stelia et Spirit AeroSystems. Nos traitements de surface et nos proc\u00e9d\u00e9s contr\u00f4l\u00e9s sont approuv\u00e9s par les principaux OEM tels que Airbus, Boeing, Bombardier, Embraer, IAI et Lockheed Martin. Cyclone est une entreprise priv\u00e9e qui compte plus de 750 employ\u00e9s hautement qualifi\u00e9s r\u00e9partis dans six installations \u00e0 la fine pointe de la technologie totalisant 500 000 pieds carr\u00e9s au Canada et en Pologne. Cyclone Manufacturing est une soci\u00e9t\u00e9 Mubea Aviation.<\/p>\n<h2>Laur\u00e9ats pr\u00e9c\u00e9dents<\/h2>\n<ul>\n<li>Syst\u00e8mes et logiciels Mannarino inc. (2018)<\/li>\n<li>Produits int\u00e9gr\u00e9s Avior (2019)<\/li>\n<li>Contextere (2022)<\/li>\n<\/ul>\n","protected":false},"excerpt":{"rendered":"<p>Le Prix de la technologie innovante \u2013 petite entreprise est destin\u00e9 \u00e0 reconna\u00eetre une entreprise qui a mis au point des technologies de pointe ou novatrices pour r\u00e9pondre aux besoins de l\u2019industrie a\u00e9rospatiale, au Canada et ailleurs dans le monde. Les r\u00e9alisations de cette entreprise ont contribu\u00e9 au dynamisme de l\u2019\u00e9conomie canadienne et \u00e0 favoriser [&hellip;]<\/p>\n","protected":false},"author":5,"featured_media":4764,"parent":0,"menu_order":0,"comment_status":"closed","ping_status":"closed","template":"","meta":{"_acf_changed":false,"footnotes":""},"class_list":["post-4824","page","type-page","status-publish","has-post-thumbnail","hentry"],"acf":[],"yoast_head":"<!-- This site is optimized with the Yoast SEO plugin v27.4 - https:\/\/yoast.com\/product\/yoast-seo-wordpress\/ -->\n<title>Prix de la technologie innovante \u2013 petite entreprise - AIAC<\/title>\n<meta name=\"robots\" content=\"index, follow, max-snippet:-1, max-image-preview:large, max-video-preview:-1\" \/>\n<link rel=\"canonical\" href=\"https:\/\/aiac.ca\/fr\/prix-de-la-technologie-innovante-petite-entreprise\/\" \/>\n<meta property=\"og:locale\" content=\"fr_FR\" \/>\n<meta property=\"og:type\" content=\"article\" \/>\n<meta property=\"og:title\" content=\"Prix de la technologie innovante \u2013 petite entreprise - AIAC\" \/>\n<meta property=\"og:description\" content=\"Le Prix de la technologie innovante \u2013 petite entreprise est destin\u00e9 \u00e0 reconna\u00eetre une entreprise qui a mis au point des technologies de pointe ou novatrices pour r\u00e9pondre aux besoins de l\u2019industrie a\u00e9rospatiale, au Canada et ailleurs dans le monde. Les r\u00e9alisations de cette entreprise ont contribu\u00e9 au dynamisme de l\u2019\u00e9conomie canadienne et \u00e0 favoriser [&hellip;]\" \/>\n<meta property=\"og:url\" content=\"https:\/\/aiac.ca\/fr\/prix-de-la-technologie-innovante-petite-entreprise\/\" \/>\n<meta property=\"og:site_name\" content=\"AIAC\" \/>\n<meta property=\"article:modified_time\" content=\"2024-09-05T14:13:01+00:00\" \/>\n<meta property=\"og:image\" content=\"https:\/\/aiac.ca\/wp-content\/uploads\/2024\/09\/AIAC-Industry-Excellence-Award.jpg\" \/>\n\t<meta property=\"og:image:width\" content=\"564\" \/>\n\t<meta property=\"og:image:height\" content=\"376\" \/>\n\t<meta property=\"og:image:type\" content=\"image\/jpeg\" \/>\n<meta name=\"twitter:card\" content=\"summary_large_image\" \/>\n<meta name=\"twitter:label1\" content=\"Dur\u00e9e de lecture estim\u00e9e\" \/>\n\t<meta name=\"twitter:data1\" content=\"3 minutes\" \/>\n<script type=\"application\/ld+json\" class=\"yoast-schema-graph\">{\"@context\":\"https:\\\/\\\/schema.org\",\"@graph\":[{\"@type\":\"WebPage\",\"@id\":\"https:\\\/\\\/aiac.ca\\\/fr\\\/prix-de-la-technologie-innovante-petite-entreprise\\\/\",\"url\":\"https:\\\/\\\/aiac.ca\\\/fr\\\/prix-de-la-technologie-innovante-petite-entreprise\\\/\",\"name\":\"Prix de la technologie innovante \u2013 petite entreprise - AIAC\",\"isPartOf\":{\"@id\":\"https:\\\/\\\/aiac.ca\\\/#website\"},\"primaryImageOfPage\":{\"@id\":\"https:\\\/\\\/aiac.ca\\\/fr\\\/prix-de-la-technologie-innovante-petite-entreprise\\\/#primaryimage\"},\"image\":{\"@id\":\"https:\\\/\\\/aiac.ca\\\/fr\\\/prix-de-la-technologie-innovante-petite-entreprise\\\/#primaryimage\"},\"thumbnailUrl\":\"https:\\\/\\\/aiac.ca\\\/wp-content\\\/uploads\\\/2024\\\/09\\\/AIAC-Industry-Excellence-Award.jpg\",\"datePublished\":\"2024-09-04T20:26:07+00:00\",\"dateModified\":\"2024-09-05T14:13:01+00:00\",\"breadcrumb\":{\"@id\":\"https:\\\/\\\/aiac.ca\\\/fr\\\/prix-de-la-technologie-innovante-petite-entreprise\\\/#breadcrumb\"},\"inLanguage\":\"fr-FR\",\"potentialAction\":[{\"@type\":\"ReadAction\",\"target\":[\"https:\\\/\\\/aiac.ca\\\/fr\\\/prix-de-la-technologie-innovante-petite-entreprise\\\/\"]}]},{\"@type\":\"ImageObject\",\"inLanguage\":\"fr-FR\",\"@id\":\"https:\\\/\\\/aiac.ca\\\/fr\\\/prix-de-la-technologie-innovante-petite-entreprise\\\/#primaryimage\",\"url\":\"https:\\\/\\\/aiac.ca\\\/wp-content\\\/uploads\\\/2024\\\/09\\\/AIAC-Industry-Excellence-Award.jpg\",\"contentUrl\":\"https:\\\/\\\/aiac.ca\\\/wp-content\\\/uploads\\\/2024\\\/09\\\/AIAC-Industry-Excellence-Award.jpg\",\"width\":564,\"height\":376},{\"@type\":\"BreadcrumbList\",\"@id\":\"https:\\\/\\\/aiac.ca\\\/fr\\\/prix-de-la-technologie-innovante-petite-entreprise\\\/#breadcrumb\",\"itemListElement\":[{\"@type\":\"ListItem\",\"position\":1,\"name\":\"Home\",\"item\":\"https:\\\/\\\/aiac.ca\\\/fr\\\/\"},{\"@type\":\"ListItem\",\"position\":2,\"name\":\"Prix de la technologie innovante \u2013 petite entreprise\"}]},{\"@type\":\"WebSite\",\"@id\":\"https:\\\/\\\/aiac.ca\\\/#website\",\"url\":\"https:\\\/\\\/aiac.ca\\\/\",\"name\":\"AIAC\",\"description\":\"\",\"publisher\":{\"@id\":\"https:\\\/\\\/aiac.ca\\\/#organization\"},\"potentialAction\":[{\"@type\":\"SearchAction\",\"target\":{\"@type\":\"EntryPoint\",\"urlTemplate\":\"https:\\\/\\\/aiac.ca\\\/?s={search_term_string}\"},\"query-input\":{\"@type\":\"PropertyValueSpecification\",\"valueRequired\":true,\"valueName\":\"search_term_string\"}}],\"inLanguage\":\"fr-FR\"},{\"@type\":\"Organization\",\"@id\":\"https:\\\/\\\/aiac.ca\\\/#organization\",\"name\":\"AIAC\",\"url\":\"https:\\\/\\\/aiac.ca\\\/\",\"logo\":{\"@type\":\"ImageObject\",\"inLanguage\":\"fr-FR\",\"@id\":\"https:\\\/\\\/aiac.ca\\\/#\\\/schema\\\/logo\\\/image\\\/\",\"url\":\"https:\\\/\\\/aiac.ca\\\/wp-content\\\/uploads\\\/2024\\\/08\\\/logo.png\",\"contentUrl\":\"https:\\\/\\\/aiac.ca\\\/wp-content\\\/uploads\\\/2024\\\/08\\\/logo.png\",\"width\":770,\"height\":143,\"caption\":\"AIAC\"},\"image\":{\"@id\":\"https:\\\/\\\/aiac.ca\\\/#\\\/schema\\\/logo\\\/image\\\/\"}}]}<\/script>\n<!-- \/ Yoast SEO plugin. -->","yoast_head_json":{"title":"Prix de la technologie innovante \u2013 petite entreprise - AIAC","robots":{"index":"index","follow":"follow","max-snippet":"max-snippet:-1","max-image-preview":"max-image-preview:large","max-video-preview":"max-video-preview:-1"},"canonical":"https:\/\/aiac.ca\/fr\/prix-de-la-technologie-innovante-petite-entreprise\/","og_locale":"fr_FR","og_type":"article","og_title":"Prix de la technologie innovante \u2013 petite entreprise - AIAC","og_description":"Le Prix de la technologie innovante \u2013 petite entreprise est destin\u00e9 \u00e0 reconna\u00eetre une entreprise qui a mis au point des technologies de pointe ou novatrices pour r\u00e9pondre aux besoins de l\u2019industrie a\u00e9rospatiale, au Canada et ailleurs dans le monde. Les r\u00e9alisations de cette entreprise ont contribu\u00e9 au dynamisme de l\u2019\u00e9conomie canadienne et \u00e0 favoriser [&hellip;]","og_url":"https:\/\/aiac.ca\/fr\/prix-de-la-technologie-innovante-petite-entreprise\/","og_site_name":"AIAC","article_modified_time":"2024-09-05T14:13:01+00:00","og_image":[{"width":564,"height":376,"url":"https:\/\/aiac.ca\/wp-content\/uploads\/2024\/09\/AIAC-Industry-Excellence-Award.jpg","type":"image\/jpeg"}],"twitter_card":"summary_large_image","twitter_misc":{"Dur\u00e9e de lecture estim\u00e9e":"3 minutes"},"schema":{"@context":"https:\/\/schema.org","@graph":[{"@type":"WebPage","@id":"https:\/\/aiac.ca\/fr\/prix-de-la-technologie-innovante-petite-entreprise\/","url":"https:\/\/aiac.ca\/fr\/prix-de-la-technologie-innovante-petite-entreprise\/","name":"Prix de la technologie innovante \u2013 petite entreprise - AIAC","isPartOf":{"@id":"https:\/\/aiac.ca\/#website"},"primaryImageOfPage":{"@id":"https:\/\/aiac.ca\/fr\/prix-de-la-technologie-innovante-petite-entreprise\/#primaryimage"},"image":{"@id":"https:\/\/aiac.ca\/fr\/prix-de-la-technologie-innovante-petite-entreprise\/#primaryimage"},"thumbnailUrl":"https:\/\/aiac.ca\/wp-content\/uploads\/2024\/09\/AIAC-Industry-Excellence-Award.jpg","datePublished":"2024-09-04T20:26:07+00:00","dateModified":"2024-09-05T14:13:01+00:00","breadcrumb":{"@id":"https:\/\/aiac.ca\/fr\/prix-de-la-technologie-innovante-petite-entreprise\/#breadcrumb"},"inLanguage":"fr-FR","potentialAction":[{"@type":"ReadAction","target":["https:\/\/aiac.ca\/fr\/prix-de-la-technologie-innovante-petite-entreprise\/"]}]},{"@type":"ImageObject","inLanguage":"fr-FR","@id":"https:\/\/aiac.ca\/fr\/prix-de-la-technologie-innovante-petite-entreprise\/#primaryimage","url":"https:\/\/aiac.ca\/wp-content\/uploads\/2024\/09\/AIAC-Industry-Excellence-Award.jpg","contentUrl":"https:\/\/aiac.ca\/wp-content\/uploads\/2024\/09\/AIAC-Industry-Excellence-Award.jpg","width":564,"height":376},{"@type":"BreadcrumbList","@id":"https:\/\/aiac.ca\/fr\/prix-de-la-technologie-innovante-petite-entreprise\/#breadcrumb","itemListElement":[{"@type":"ListItem","position":1,"name":"Home","item":"https:\/\/aiac.ca\/fr\/"},{"@type":"ListItem","position":2,"name":"Prix de la technologie innovante \u2013 petite entreprise"}]},{"@type":"WebSite","@id":"https:\/\/aiac.ca\/#website","url":"https:\/\/aiac.ca\/","name":"AIAC","description":"","publisher":{"@id":"https:\/\/aiac.ca\/#organization"},"potentialAction":[{"@type":"SearchAction","target":{"@type":"EntryPoint","urlTemplate":"https:\/\/aiac.ca\/?s={search_term_string}"},"query-input":{"@type":"PropertyValueSpecification","valueRequired":true,"valueName":"search_term_string"}}],"inLanguage":"fr-FR"},{"@type":"Organization","@id":"https:\/\/aiac.ca\/#organization","name":"AIAC","url":"https:\/\/aiac.ca\/","logo":{"@type":"ImageObject","inLanguage":"fr-FR","@id":"https:\/\/aiac.ca\/#\/schema\/logo\/image\/","url":"https:\/\/aiac.ca\/wp-content\/uploads\/2024\/08\/logo.png","contentUrl":"https:\/\/aiac.ca\/wp-content\/uploads\/2024\/08\/logo.png","width":770,"height":143,"caption":"AIAC"},"image":{"@id":"https:\/\/aiac.ca\/#\/schema\/logo\/image\/"}}]}},"_links":{"self":[{"href":"https:\/\/aiac.ca\/fr\/wp-json\/wp\/v2\/pages\/4824","targetHints":{"allow":["GET"]}}],"collection":[{"href":"https:\/\/aiac.ca\/fr\/wp-json\/wp\/v2\/pages"}],"about":[{"href":"https:\/\/aiac.ca\/fr\/wp-json\/wp\/v2\/types\/page"}],"author":[{"embeddable":true,"href":"https:\/\/aiac.ca\/fr\/wp-json\/wp\/v2\/users\/5"}],"replies":[{"embeddable":true,"href":"https:\/\/aiac.ca\/fr\/wp-json\/wp\/v2\/comments?post=4824"}],"version-history":[{"count":2,"href":"https:\/\/aiac.ca\/fr\/wp-json\/wp\/v2\/pages\/4824\/revisions"}],"predecessor-version":[{"id":4836,"href":"https:\/\/aiac.ca\/fr\/wp-json\/wp\/v2\/pages\/4824\/revisions\/4836"}],"wp:featuredmedia":[{"embeddable":true,"href":"https:\/\/aiac.ca\/fr\/wp-json\/wp\/v2\/media\/4764"}],"wp:attachment":[{"href":"https:\/\/aiac.ca\/fr\/wp-json\/wp\/v2\/media?parent=4824"}],"curies":[{"name":"wp","href":"https:\/\/api.w.org\/{rel}","templated":true}]}}