{"id":4810,"date":"2024-09-04T16:25:53","date_gmt":"2024-09-04T20:25:53","guid":{"rendered":"https:\/\/aiac.ca\/environ\/prix-de-laiac\/prix-dexcellence-de-lindustrie-lensemble-des-realisations\/"},"modified":"2024-09-05T09:51:16","modified_gmt":"2024-09-05T13:51:16","slug":"prix-dexcellence-de-lindustrie-lensemble-des-realisations","status":"publish","type":"page","link":"https:\/\/aiac.ca\/fr\/environ\/prix-de-laiac\/prix-dexcellence-de-lindustrie-lensemble-des-realisations\/","title":{"rendered":"Prix d\u2019excellence de l\u2019industrie \u2013 L\u2019ensemble des r\u00e9alisations"},"content":{"rendered":"<p><img loading=\"lazy\" decoding=\"async\" class=\"wp-image-4814 size-full alignright\" src=\"https:\/\/aiac.ca\/wp-content\/uploads\/2024\/09\/IndustryExcellenceAwards_LifetimeAchievement_RGB_FR-250x162-1.jpg\" alt=\"\" width=\"250\" height=\"162\" srcset=\"https:\/\/aiac.ca\/wp-content\/uploads\/2024\/09\/IndustryExcellenceAwards_LifetimeAchievement_RGB_FR-250x162-1.jpg 250w, https:\/\/aiac.ca\/wp-content\/uploads\/2024\/09\/IndustryExcellenceAwards_LifetimeAchievement_RGB_FR-250x162-1-46x30.jpg 46w\" sizes=\"auto, (max-width: 250px) 100vw, 250px\" \/>Le laur\u00e9at ou la laur\u00e9ate de ce prix est une personne qui s\u2019est d\u00e9marqu\u00e9e pendant une p\u00e9riode d\u2019au moins 25 ans par ses r\u00e9alisations personnelles et professionnelles dans le secteur de l\u2019a\u00e9rospatiale. Cette personne se sera distingu\u00e9e par l\u2019ensemble de ses r\u00e9alisations en explorant, d\u00e9veloppant ou utilisant les technologies de l\u2019aviation, de l\u2019espace ou de la d\u00e9fense \u00e0 un niveau l\u2019amenant \u00e0 \u00eatre largement reconnue comme un \u00ab champion \u00bb dans le secteur de l\u2019a\u00e9rospatiale.<\/p>\n<h2>Crit\u00e8res d\u2019attribution du prix<\/h2>\n<p>Les s\u00e9lectionn\u00e9s au Prix pour l\u2019ensemble des r\u00e9alisations devront satisfaire aux crit\u00e8res suivants :<\/p>\n<ul>\n<li>ils auront fait preuve d\u2019un leadership et d\u2019un engagement exceptionnels, auront fait la promotion du d\u00e9veloppement permanent de l\u2019a\u00e9rospatiale au Canada et y auront contribu\u00e9 largement;<\/li>\n<li>ils seront tr\u00e8s largement reconnus comme des leaders dans toute l\u2019industrie a\u00e9rospatiale; et<\/li>\n<li>ils auront mis sur pied, dirig\u00e9 et\/ou promu des projets ou des campagnes qui auront profit\u00e9 \u00e0 l\u2019industrie a\u00e9rospatiale.<\/li>\n<li>Tout d\u00e9p\u00f4t de candidature devra \u00eatre accompagn\u00e9 d\u2019un texte d\u2019au moins 500 mots expliquant pour quelles raisons cette personne devrait se voir remettre le Prix pour l\u2019ensemble des r\u00e9alisations.<\/li>\n<li>Il faudra aussi y joindre une br\u00e8ve description de la carri\u00e8re de cette personne.<\/li>\n<\/ul>\n<h2>Nominations<\/h2>\n<p>Les mises en candidature sont maintenant ouvertes pour les prix 2024. Pour proposer la candidature d\u2019un candidat ou commanditer un prix, veuillez communiquer avec<strong> Bill Yetman au <a href=\"mailto\u00a0:byetman@aiac.ca\u00a0?subject=AIAC%20Prix\" target=\"_blank\" rel=\"noopener\" data-cke-saved-href=\"mailto:byetman@aiac.ca?subject=AIAC%20Awards\">byetman@aiac.ca<\/a><\/strong> .<\/p>\n<h2>Pr\u00e9sentation du prix<\/h2>\n<p>Les Prix d\u2019excellence de l\u2019industrie seront pr\u00e9sent\u00e9s au D\u00eener annuel de l\u2019a\u00e9rospatiale canadienne qui aura lieu dans le cadre du <a href=\"http:\/\/www.aerospacesummit.ca\/\" target=\"blank\" rel=\"noopener noreferrer\">Sommet de l\u2019a\u00e9rospatiale canadienne<\/a>. Cet \u00e9v\u00e9nement permet la rencontre de repr\u00e9sentants de tous les secteurs de l\u2019industrie canadienne de l\u2019a\u00e9rospatiale, d\u2019autres nations leader en a\u00e9rospatiale, des divers paliers de gouvernements, du milieu de la finance et des investissements, ainsi que de la presse internationale, nationale et d\u2019affaires.<br \/>\nLe sommet de cette ann\u00e9e aura lieu les 8 et 9 novembre 2022 au Centre Shaw \u00e0 Ottawa, Ontario, Canada.<\/p>\n<h2>Laur\u00e9ats 2023<\/h2>\n<p>Ken Rowe a fond\u00e9 I.M.P. en 1967 et, \u00e0 titre de pr\u00e9sident ex\u00e9cutif, il continue de guider activement la vision du Groupe, l\u2019une des plus grandes entreprises priv\u00e9es de la Nouvelle-\u00c9cosse. La force de ses principales divisions d\u2019exploitation &#8211; a\u00e9rospatiale, aviation, transport a\u00e9rien, soins de sant\u00e9 et commercial &#8211; a fait du Groupe I.M.P. l\u2019une des entreprises les plus prosp\u00e8res au Canada. Aujourd\u2019hui, I.M.P. emploie plus de 3 500 personnes au Canada et aux \u00c9tats-Unis et a \u00e9t\u00e9 nomm\u00e9e l\u2019une des 50 soci\u00e9t\u00e9s les mieux g\u00e9r\u00e9es au Canada au cours des six derni\u00e8res ann\u00e9es. I.M.P. exploite \u00e9galement une tr\u00e8s importante entreprise d\u2019approvisionnement maritime industriel, la plus grande entreprise de services a\u00e9ronautiques et d\u2019aviation g\u00e9n\u00e9rale appartenant \u00e0 des Canadiens, l\u2019une des plus importantes compagnies a\u00e9riennes nolis\u00e9es du Canada (CanJet), une entreprise de solutions d\u2019entreprise en TI et deux h\u00f4tels. En 1993, M. Rowe a \u00e9t\u00e9 nomm\u00e9 colonel honoraire par le minist\u00e8re de la D\u00e9fense du Canada. en 2000, il a re\u00e7u un dipl\u00f4me honorifique du Nova Scotia Community College ; En 2002, l\u2019Universit\u00e9 Dalhousie lui a d\u00e9cern\u00e9 un doctorat honorifique en droit. Il est membre de l\u2019Institut des secr\u00e9taires et administrateurs agr\u00e9\u00e9s et de l\u2019Institut des administrateurs de soci\u00e9t\u00e9s. M. Rowe a \u00e9t\u00e9 administrateur de plusieurs soci\u00e9t\u00e9s ouvertes, dont la Banque Royale du Canada et Nova Scotia Power Inc., et a re\u00e7u de nombreux prix, dont l\u2019Ordre du Canada. En 1992, M. Rowe a re\u00e7u la M\u00e9daille comm\u00e9morative du Gouverneur g\u00e9n\u00e9ral du Canada \u00e0 l\u2019occasion du 125<sup>e<\/sup> anniversaire de la Conf\u00e9d\u00e9ration du Canada, en reconnaissance de sa contribution importante \u00e0 la communaut\u00e9 et au Canada. En 2005, Ernst Young lui a d\u00e9cern\u00e9 le prix de l\u2019Entrepreneur de l\u2019ann\u00e9e et le prix d\u2019excellence pour l\u2019ensemble de ses r\u00e9alisations. En 2009, M. Rowe a \u00e9t\u00e9 reconnu comme l\u2019un des visionnaires exceptionnels de l\u2019a\u00e9rospatiale au Canada par l\u2019Association des industries a\u00e9rospatiales du Canada.<\/p>\n<h2>Laur\u00e9ats pr\u00e9c\u00e9dents<\/h2>\n<ul>\n<li>Dr John MacDonald (2018)<\/li>\n<li>John Saabas (2019)<\/li>\n<li>Simon Jacques et Barry Marsden (2022)<\/li>\n<\/ul>\n","protected":false},"excerpt":{"rendered":"<p>Le laur\u00e9at ou la laur\u00e9ate de ce prix est une personne qui s\u2019est d\u00e9marqu\u00e9e pendant une p\u00e9riode d\u2019au moins 25 ans par ses r\u00e9alisations personnelles et professionnelles dans le secteur de l\u2019a\u00e9rospatiale. Cette personne se sera distingu\u00e9e par l\u2019ensemble de ses r\u00e9alisations en explorant, d\u00e9veloppant ou utilisant les technologies de l\u2019aviation, de l\u2019espace ou de [&hellip;]<\/p>\n","protected":false},"author":5,"featured_media":4764,"parent":4729,"menu_order":0,"comment_status":"closed","ping_status":"closed","template":"","meta":{"_acf_changed":false,"footnotes":""},"class_list":["post-4810","page","type-page","status-publish","has-post-thumbnail","hentry"],"acf":[],"yoast_head":"<!-- This site is optimized with the Yoast SEO plugin v27.3 - https:\/\/yoast.com\/product\/yoast-seo-wordpress\/ -->\n<title>Prix d\u2019excellence de l\u2019industrie \u2013 L\u2019ensemble des r\u00e9alisations - AIAC<\/title>\n<meta name=\"robots\" content=\"index, follow, max-snippet:-1, max-image-preview:large, max-video-preview:-1\" \/>\n<link rel=\"canonical\" href=\"https:\/\/aiac.ca\/fr\/environ\/prix-de-laiac\/prix-dexcellence-de-lindustrie-lensemble-des-realisations\/\" \/>\n<meta property=\"og:locale\" content=\"fr_FR\" \/>\n<meta property=\"og:type\" content=\"article\" \/>\n<meta property=\"og:title\" content=\"Prix d\u2019excellence de l\u2019industrie \u2013 L\u2019ensemble des r\u00e9alisations - AIAC\" \/>\n<meta property=\"og:description\" content=\"Le laur\u00e9at ou la laur\u00e9ate de ce prix est une personne qui s\u2019est d\u00e9marqu\u00e9e pendant une p\u00e9riode d\u2019au moins 25 ans par ses r\u00e9alisations personnelles et professionnelles dans le secteur de l\u2019a\u00e9rospatiale. Cette personne se sera distingu\u00e9e par l\u2019ensemble de ses r\u00e9alisations en explorant, d\u00e9veloppant ou utilisant les technologies de l\u2019aviation, de l\u2019espace ou de [&hellip;]\" \/>\n<meta property=\"og:url\" content=\"https:\/\/aiac.ca\/fr\/environ\/prix-de-laiac\/prix-dexcellence-de-lindustrie-lensemble-des-realisations\/\" \/>\n<meta property=\"og:site_name\" content=\"AIAC\" \/>\n<meta property=\"article:modified_time\" content=\"2024-09-05T13:51:16+00:00\" \/>\n<meta property=\"og:image\" content=\"https:\/\/aiac.ca\/wp-content\/uploads\/2024\/09\/AIAC-Industry-Excellence-Award.jpg\" \/>\n\t<meta property=\"og:image:width\" content=\"564\" \/>\n\t<meta property=\"og:image:height\" content=\"376\" \/>\n\t<meta property=\"og:image:type\" content=\"image\/jpeg\" \/>\n<meta name=\"twitter:card\" content=\"summary_large_image\" \/>\n<meta name=\"twitter:label1\" content=\"Dur\u00e9e de lecture estim\u00e9e\" \/>\n\t<meta name=\"twitter:data1\" content=\"3 minutes\" \/>\n<script type=\"application\/ld+json\" class=\"yoast-schema-graph\">{\"@context\":\"https:\\\/\\\/schema.org\",\"@graph\":[{\"@type\":\"WebPage\",\"@id\":\"https:\\\/\\\/aiac.ca\\\/fr\\\/environ\\\/prix-de-laiac\\\/prix-dexcellence-de-lindustrie-lensemble-des-realisations\\\/\",\"url\":\"https:\\\/\\\/aiac.ca\\\/fr\\\/environ\\\/prix-de-laiac\\\/prix-dexcellence-de-lindustrie-lensemble-des-realisations\\\/\",\"name\":\"Prix d\u2019excellence de l\u2019industrie \u2013 L\u2019ensemble des r\u00e9alisations - AIAC\",\"isPartOf\":{\"@id\":\"https:\\\/\\\/aiac.ca\\\/#website\"},\"primaryImageOfPage\":{\"@id\":\"https:\\\/\\\/aiac.ca\\\/fr\\\/environ\\\/prix-de-laiac\\\/prix-dexcellence-de-lindustrie-lensemble-des-realisations\\\/#primaryimage\"},\"image\":{\"@id\":\"https:\\\/\\\/aiac.ca\\\/fr\\\/environ\\\/prix-de-laiac\\\/prix-dexcellence-de-lindustrie-lensemble-des-realisations\\\/#primaryimage\"},\"thumbnailUrl\":\"https:\\\/\\\/aiac.ca\\\/wp-content\\\/uploads\\\/2024\\\/09\\\/AIAC-Industry-Excellence-Award.jpg\",\"datePublished\":\"2024-09-04T20:25:53+00:00\",\"dateModified\":\"2024-09-05T13:51:16+00:00\",\"breadcrumb\":{\"@id\":\"https:\\\/\\\/aiac.ca\\\/fr\\\/environ\\\/prix-de-laiac\\\/prix-dexcellence-de-lindustrie-lensemble-des-realisations\\\/#breadcrumb\"},\"inLanguage\":\"fr-FR\",\"potentialAction\":[{\"@type\":\"ReadAction\",\"target\":[\"https:\\\/\\\/aiac.ca\\\/fr\\\/environ\\\/prix-de-laiac\\\/prix-dexcellence-de-lindustrie-lensemble-des-realisations\\\/\"]}]},{\"@type\":\"ImageObject\",\"inLanguage\":\"fr-FR\",\"@id\":\"https:\\\/\\\/aiac.ca\\\/fr\\\/environ\\\/prix-de-laiac\\\/prix-dexcellence-de-lindustrie-lensemble-des-realisations\\\/#primaryimage\",\"url\":\"https:\\\/\\\/aiac.ca\\\/wp-content\\\/uploads\\\/2024\\\/09\\\/AIAC-Industry-Excellence-Award.jpg\",\"contentUrl\":\"https:\\\/\\\/aiac.ca\\\/wp-content\\\/uploads\\\/2024\\\/09\\\/AIAC-Industry-Excellence-Award.jpg\",\"width\":564,\"height\":376},{\"@type\":\"BreadcrumbList\",\"@id\":\"https:\\\/\\\/aiac.ca\\\/fr\\\/environ\\\/prix-de-laiac\\\/prix-dexcellence-de-lindustrie-lensemble-des-realisations\\\/#breadcrumb\",\"itemListElement\":[{\"@type\":\"ListItem\",\"position\":1,\"name\":\"Home\",\"item\":\"https:\\\/\\\/aiac.ca\\\/fr\\\/\"},{\"@type\":\"ListItem\",\"position\":2,\"name\":\"\u00c0 propos\",\"item\":\"https:\\\/\\\/aiac.ca\\\/fr\\\/environ\\\/\"},{\"@type\":\"ListItem\",\"position\":3,\"name\":\"Prix de l&#8217;AIAC\",\"item\":\"https:\\\/\\\/aiac.ca\\\/fr\\\/environ\\\/prix-de-laiac\\\/\"},{\"@type\":\"ListItem\",\"position\":4,\"name\":\"Prix d\u2019excellence de l\u2019industrie \u2013 L\u2019ensemble des r\u00e9alisations\"}]},{\"@type\":\"WebSite\",\"@id\":\"https:\\\/\\\/aiac.ca\\\/#website\",\"url\":\"https:\\\/\\\/aiac.ca\\\/\",\"name\":\"AIAC\",\"description\":\"\",\"publisher\":{\"@id\":\"https:\\\/\\\/aiac.ca\\\/#organization\"},\"potentialAction\":[{\"@type\":\"SearchAction\",\"target\":{\"@type\":\"EntryPoint\",\"urlTemplate\":\"https:\\\/\\\/aiac.ca\\\/?s={search_term_string}\"},\"query-input\":{\"@type\":\"PropertyValueSpecification\",\"valueRequired\":true,\"valueName\":\"search_term_string\"}}],\"inLanguage\":\"fr-FR\"},{\"@type\":\"Organization\",\"@id\":\"https:\\\/\\\/aiac.ca\\\/#organization\",\"name\":\"AIAC\",\"url\":\"https:\\\/\\\/aiac.ca\\\/\",\"logo\":{\"@type\":\"ImageObject\",\"inLanguage\":\"fr-FR\",\"@id\":\"https:\\\/\\\/aiac.ca\\\/#\\\/schema\\\/logo\\\/image\\\/\",\"url\":\"https:\\\/\\\/aiac.ca\\\/wp-content\\\/uploads\\\/2024\\\/08\\\/logo.png\",\"contentUrl\":\"https:\\\/\\\/aiac.ca\\\/wp-content\\\/uploads\\\/2024\\\/08\\\/logo.png\",\"width\":770,\"height\":143,\"caption\":\"AIAC\"},\"image\":{\"@id\":\"https:\\\/\\\/aiac.ca\\\/#\\\/schema\\\/logo\\\/image\\\/\"}}]}<\/script>\n<!-- \/ Yoast SEO plugin. -->","yoast_head_json":{"title":"Prix d\u2019excellence de l\u2019industrie \u2013 L\u2019ensemble des r\u00e9alisations - AIAC","robots":{"index":"index","follow":"follow","max-snippet":"max-snippet:-1","max-image-preview":"max-image-preview:large","max-video-preview":"max-video-preview:-1"},"canonical":"https:\/\/aiac.ca\/fr\/environ\/prix-de-laiac\/prix-dexcellence-de-lindustrie-lensemble-des-realisations\/","og_locale":"fr_FR","og_type":"article","og_title":"Prix d\u2019excellence de l\u2019industrie \u2013 L\u2019ensemble des r\u00e9alisations - AIAC","og_description":"Le laur\u00e9at ou la laur\u00e9ate de ce prix est une personne qui s\u2019est d\u00e9marqu\u00e9e pendant une p\u00e9riode d\u2019au moins 25 ans par ses r\u00e9alisations personnelles et professionnelles dans le secteur de l\u2019a\u00e9rospatiale. Cette personne se sera distingu\u00e9e par l\u2019ensemble de ses r\u00e9alisations en explorant, d\u00e9veloppant ou utilisant les technologies de l\u2019aviation, de l\u2019espace ou de [&hellip;]","og_url":"https:\/\/aiac.ca\/fr\/environ\/prix-de-laiac\/prix-dexcellence-de-lindustrie-lensemble-des-realisations\/","og_site_name":"AIAC","article_modified_time":"2024-09-05T13:51:16+00:00","og_image":[{"width":564,"height":376,"url":"https:\/\/aiac.ca\/wp-content\/uploads\/2024\/09\/AIAC-Industry-Excellence-Award.jpg","type":"image\/jpeg"}],"twitter_card":"summary_large_image","twitter_misc":{"Dur\u00e9e de lecture estim\u00e9e":"3 minutes"},"schema":{"@context":"https:\/\/schema.org","@graph":[{"@type":"WebPage","@id":"https:\/\/aiac.ca\/fr\/environ\/prix-de-laiac\/prix-dexcellence-de-lindustrie-lensemble-des-realisations\/","url":"https:\/\/aiac.ca\/fr\/environ\/prix-de-laiac\/prix-dexcellence-de-lindustrie-lensemble-des-realisations\/","name":"Prix d\u2019excellence de l\u2019industrie \u2013 L\u2019ensemble des r\u00e9alisations - AIAC","isPartOf":{"@id":"https:\/\/aiac.ca\/#website"},"primaryImageOfPage":{"@id":"https:\/\/aiac.ca\/fr\/environ\/prix-de-laiac\/prix-dexcellence-de-lindustrie-lensemble-des-realisations\/#primaryimage"},"image":{"@id":"https:\/\/aiac.ca\/fr\/environ\/prix-de-laiac\/prix-dexcellence-de-lindustrie-lensemble-des-realisations\/#primaryimage"},"thumbnailUrl":"https:\/\/aiac.ca\/wp-content\/uploads\/2024\/09\/AIAC-Industry-Excellence-Award.jpg","datePublished":"2024-09-04T20:25:53+00:00","dateModified":"2024-09-05T13:51:16+00:00","breadcrumb":{"@id":"https:\/\/aiac.ca\/fr\/environ\/prix-de-laiac\/prix-dexcellence-de-lindustrie-lensemble-des-realisations\/#breadcrumb"},"inLanguage":"fr-FR","potentialAction":[{"@type":"ReadAction","target":["https:\/\/aiac.ca\/fr\/environ\/prix-de-laiac\/prix-dexcellence-de-lindustrie-lensemble-des-realisations\/"]}]},{"@type":"ImageObject","inLanguage":"fr-FR","@id":"https:\/\/aiac.ca\/fr\/environ\/prix-de-laiac\/prix-dexcellence-de-lindustrie-lensemble-des-realisations\/#primaryimage","url":"https:\/\/aiac.ca\/wp-content\/uploads\/2024\/09\/AIAC-Industry-Excellence-Award.jpg","contentUrl":"https:\/\/aiac.ca\/wp-content\/uploads\/2024\/09\/AIAC-Industry-Excellence-Award.jpg","width":564,"height":376},{"@type":"BreadcrumbList","@id":"https:\/\/aiac.ca\/fr\/environ\/prix-de-laiac\/prix-dexcellence-de-lindustrie-lensemble-des-realisations\/#breadcrumb","itemListElement":[{"@type":"ListItem","position":1,"name":"Home","item":"https:\/\/aiac.ca\/fr\/"},{"@type":"ListItem","position":2,"name":"\u00c0 propos","item":"https:\/\/aiac.ca\/fr\/environ\/"},{"@type":"ListItem","position":3,"name":"Prix de l&#8217;AIAC","item":"https:\/\/aiac.ca\/fr\/environ\/prix-de-laiac\/"},{"@type":"ListItem","position":4,"name":"Prix d\u2019excellence de l\u2019industrie \u2013 L\u2019ensemble des r\u00e9alisations"}]},{"@type":"WebSite","@id":"https:\/\/aiac.ca\/#website","url":"https:\/\/aiac.ca\/","name":"AIAC","description":"","publisher":{"@id":"https:\/\/aiac.ca\/#organization"},"potentialAction":[{"@type":"SearchAction","target":{"@type":"EntryPoint","urlTemplate":"https:\/\/aiac.ca\/?s={search_term_string}"},"query-input":{"@type":"PropertyValueSpecification","valueRequired":true,"valueName":"search_term_string"}}],"inLanguage":"fr-FR"},{"@type":"Organization","@id":"https:\/\/aiac.ca\/#organization","name":"AIAC","url":"https:\/\/aiac.ca\/","logo":{"@type":"ImageObject","inLanguage":"fr-FR","@id":"https:\/\/aiac.ca\/#\/schema\/logo\/image\/","url":"https:\/\/aiac.ca\/wp-content\/uploads\/2024\/08\/logo.png","contentUrl":"https:\/\/aiac.ca\/wp-content\/uploads\/2024\/08\/logo.png","width":770,"height":143,"caption":"AIAC"},"image":{"@id":"https:\/\/aiac.ca\/#\/schema\/logo\/image\/"}}]}},"_links":{"self":[{"href":"https:\/\/aiac.ca\/fr\/wp-json\/wp\/v2\/pages\/4810","targetHints":{"allow":["GET"]}}],"collection":[{"href":"https:\/\/aiac.ca\/fr\/wp-json\/wp\/v2\/pages"}],"about":[{"href":"https:\/\/aiac.ca\/fr\/wp-json\/wp\/v2\/types\/page"}],"author":[{"embeddable":true,"href":"https:\/\/aiac.ca\/fr\/wp-json\/wp\/v2\/users\/5"}],"replies":[{"embeddable":true,"href":"https:\/\/aiac.ca\/fr\/wp-json\/wp\/v2\/comments?post=4810"}],"version-history":[{"count":2,"href":"https:\/\/aiac.ca\/fr\/wp-json\/wp\/v2\/pages\/4810\/revisions"}],"predecessor-version":[{"id":4818,"href":"https:\/\/aiac.ca\/fr\/wp-json\/wp\/v2\/pages\/4810\/revisions\/4818"}],"up":[{"embeddable":true,"href":"https:\/\/aiac.ca\/fr\/wp-json\/wp\/v2\/pages\/4729"}],"wp:featuredmedia":[{"embeddable":true,"href":"https:\/\/aiac.ca\/fr\/wp-json\/wp\/v2\/media\/4764"}],"wp:attachment":[{"href":"https:\/\/aiac.ca\/fr\/wp-json\/wp\/v2\/media?parent=4810"}],"curies":[{"name":"wp","href":"https:\/\/api.w.org\/{rel}","templated":true}]}}