{"id":4788,"date":"2024-09-04T16:19:46","date_gmt":"2024-09-04T20:19:46","guid":{"rendered":"https:\/\/aiac.ca\/environ\/prix-de-laiac\/prix-marc-garneau\/"},"modified":"2024-09-05T09:45:02","modified_gmt":"2024-09-05T13:45:02","slug":"prix-marc-garneau","status":"publish","type":"page","link":"https:\/\/aiac.ca\/fr\/environ\/prix-de-laiac\/prix-marc-garneau\/","title":{"rendered":"Prix Marc Garneau"},"content":{"rendered":"<article id=\"post-12412\" class=\"post-12412 page type-page status-publish has-post-thumbnail hentry\"><img loading=\"lazy\" decoding=\"async\" class=\"wp-image-12402  alignright\" src=\"https:\/\/aiac.ca\/old-site\/wp-content\/uploads\/2022\/10\/AIAC-awards_Garneau_250x160.jpg\" sizes=\"auto, (max-width: 250px) 100vw, 250px\" srcset=\"https:\/\/aiac.ca\/old-site\/wp-content\/uploads\/2022\/10\/AIAC-awards_Garneau_250x160.jpg 250w, https:\/\/aiac.ca\/old-site\/wp-content\/uploads\/2022\/10\/AIAC-awards_Garneau_250x160-120x77.jpg 120w\" alt=\"\" width=\"315\" height=\"201\" \/><\/article>\n<article><\/article>\n<article><\/article>\n<article><\/article>\n<article><\/article>\n<article><\/article>\n<article><\/article>\n<article class=\"post-12412 page type-page status-publish has-post-thumbnail hentry\">Le <em>Prix Marc Garneau<\/em> sert \u00e0 souligner les efforts extraordinaires d\u2019une personne ou d\u2019un groupe pour construire, soutenir et d\u00e9fendre l\u2019a\u00e9rospatiale, illustrant ainsi le meilleur de l\u2019a\u00e9rospatiale canadienne, v\u00e9ritable source de fiert\u00e9 pour les Canadiens.<br \/>\nLes contributions, les r\u00e9alisations et les efforts extraordinaires r\u00e9alis\u00e9s en \u00e9troite collaboration avec l\u2019industrie, pour soutenir les Canadiens \u00e0 travers le pays, seront particuli\u00e8rement pris en compte pour l\u2019attribution du prix.<\/p>\n<h2>Admissibilit\u00e9<\/h2>\n<p>Les personnes, groupes ou entit\u00e9s canadiens peuvent \u00eatre mis en candidature pour ce prix. Les candidatures de tout \u00e2ge et de tout niveau d\u2019exp\u00e9rience (y compris les \u00e9tudiants) seront prises en consid\u00e9ration.<\/p>\n<h2>Conditions de mise en candidature<\/h2>\n<ul>\n<li>Les candidats doivent d\u00e9montrer ou avoir obtenu au moins l\u2019un des \u00e9l\u00e9ments suivants :<\/li>\n<li>Une large reconnaissance en tant que mod\u00e8le et d\u00e9fenseur de l\u2019a\u00e9rospatiale (civile, militaire et spatiale) dans des contextes locaux, nationaux et internationaux ;<\/li>\n<li>Des r\u00e9alisations importantes contribuant \u00e0 la croissance continue de l\u2019industrie a\u00e9rospatiale au Canada et l\u2019acc\u00e9l\u00e9rant ;<\/li>\n<li>Un travail de pionnier et exemplaire pour maintenir et renforcer la position du Canada \u00e0 l\u2019avant-garde du paysage a\u00e9rospatial mondial ;<\/li>\n<li>Des r\u00e9alisations importantes contribuant \u00e0 la croissance continue de l\u2019industrie a\u00e9rospatiale au Canada et l\u2019acc\u00e9l\u00e9rant ;<\/li>\n<li>Engagements soutenus avec les intervenants de l\u2019industrie et du gouvernement favorisant un environnement productif pour l\u2019avancement de l\u2019a\u00e9rospatiale ; ou<\/li>\n<li>Un soutien ind\u00e9fectible \u00e0 l\u2019industrie, \u00e0 ses objectifs et \u00e0 ses impacts exceptionnels en p\u00e9riode d\u2019incertitude \u00e9conomique, sociale ou politique.<\/li>\n<\/ul>\n<h2>Remise des prix<\/h2>\n<p>Le laur\u00e9at du prix 2024 sera honor\u00e9 lors du d\u00eener annuel du <strong>Sommet de l\u2019a\u00e9rospatiale canadienne<\/strong> de cette ann\u00e9e, le 5 novembre 2024, et le nouveau prix sera inaugur\u00e9 en reconnaissance de ses r\u00e9alisations importantes dans l\u2019avancement de l\u2019a\u00e9rospatiale canadienne.<\/p>\n<\/article>\n<h2>LAUR\u00c9AT 2023<\/h2>\n<p>Michel Ouellette, vice-pr\u00e9sident ex\u00e9cutif (\u00e0 la retraite), Ing\u00e9nierie et d\u00e9veloppement de produits, Bombardier Michel Ouellette a commenc\u00e9 sa carri\u00e8re chez Bombardier A\u00e9ronautique en 1990 en tant qu\u2019ing\u00e9nieur m\u00e9canique.<\/p>\n<p>En 1997, il prend la t\u00eate du groupe d\u2019exp\u00e9rimentation en soufflerie. Il a par la suite occup\u00e9 diff\u00e9rents postes de direction, au sein de l\u2019ing\u00e9nierie de base et au sein de l\u2019unit\u00e9 d\u2019affaires Avions commerciaux, avant de se joindre \u00e0 l\u2019\u00e9quipe des avions Challenger. En avril 2013, Michel a \u00e9t\u00e9 nomm\u00e9 vice-pr\u00e9sident et directeur g\u00e9n\u00e9ral, Programmes d\u2019avions mondiaux avant d\u2019\u00eatre nomm\u00e9 chef de l\u2019exploitation des avions d\u2019affaires, o\u00f9 il \u00e9tait responsable de tous les programmes d\u2019avions en production et du groupe des achats.En 2015, il est devenu vice-pr\u00e9sident principal, programmes Global 7500 et Global 8000.<\/p>\n<p>Michel Ouellette est un excellent exemple de sa capacit\u00e9 \u00e0 continuer d\u2019\u00e9lever la barre de l\u2019excellence en a\u00e9rospatiale et \u00e0 perp\u00e9tuer l\u2019h\u00e9ritage de Marc Garneau lui-m\u00eame.<\/p>\n<h2>LAUR\u00c9ATS PR\u00c9C\u00c9DENTS<\/h2>\n<ul>\n<li>Marc Garneau (2022)<\/li>\n<\/ul>\n<p>&nbsp;<\/p>\n","protected":false},"excerpt":{"rendered":"<p>Le Prix Marc Garneau sert \u00e0 souligner les efforts extraordinaires d\u2019une personne ou d\u2019un groupe pour construire, soutenir et d\u00e9fendre l\u2019a\u00e9rospatiale, illustrant ainsi le meilleur de l\u2019a\u00e9rospatiale canadienne, v\u00e9ritable source de fiert\u00e9 pour les Canadiens. Les contributions, les r\u00e9alisations et les efforts extraordinaires r\u00e9alis\u00e9s en \u00e9troite collaboration avec l\u2019industrie, pour soutenir les Canadiens \u00e0 travers [&hellip;]<\/p>\n","protected":false},"author":5,"featured_media":4722,"parent":4729,"menu_order":0,"comment_status":"closed","ping_status":"closed","template":"","meta":{"_acf_changed":false,"footnotes":""},"class_list":["post-4788","page","type-page","status-publish","has-post-thumbnail","hentry"],"acf":[],"yoast_head":"<!-- This site is optimized with the Yoast SEO plugin v27.3 - https:\/\/yoast.com\/product\/yoast-seo-wordpress\/ -->\n<title>Prix Marc Garneau - AIAC<\/title>\n<meta name=\"robots\" content=\"index, follow, max-snippet:-1, max-image-preview:large, max-video-preview:-1\" \/>\n<link rel=\"canonical\" href=\"https:\/\/aiac.ca\/fr\/environ\/prix-de-laiac\/prix-marc-garneau\/\" \/>\n<meta property=\"og:locale\" content=\"fr_FR\" \/>\n<meta property=\"og:type\" content=\"article\" \/>\n<meta property=\"og:title\" content=\"Prix Marc Garneau - AIAC\" \/>\n<meta property=\"og:description\" content=\"Le Prix Marc Garneau sert \u00e0 souligner les efforts extraordinaires d\u2019une personne ou d\u2019un groupe pour construire, soutenir et d\u00e9fendre l\u2019a\u00e9rospatiale, illustrant ainsi le meilleur de l\u2019a\u00e9rospatiale canadienne, v\u00e9ritable source de fiert\u00e9 pour les Canadiens. Les contributions, les r\u00e9alisations et les efforts extraordinaires r\u00e9alis\u00e9s en \u00e9troite collaboration avec l\u2019industrie, pour soutenir les Canadiens \u00e0 travers [&hellip;]\" \/>\n<meta property=\"og:url\" content=\"https:\/\/aiac.ca\/fr\/environ\/prix-de-laiac\/prix-marc-garneau\/\" \/>\n<meta property=\"og:site_name\" content=\"AIAC\" \/>\n<meta property=\"article:modified_time\" content=\"2024-09-05T13:45:02+00:00\" \/>\n<meta property=\"og:image\" content=\"https:\/\/aiac.ca\/wp-content\/uploads\/2024\/09\/AIAC_MarcGarneauAward_1200x675.jpg\" \/>\n\t<meta property=\"og:image:width\" content=\"1200\" \/>\n\t<meta property=\"og:image:height\" content=\"675\" \/>\n\t<meta property=\"og:image:type\" content=\"image\/jpeg\" \/>\n<meta name=\"twitter:card\" content=\"summary_large_image\" \/>\n<meta name=\"twitter:label1\" content=\"Dur\u00e9e de lecture estim\u00e9e\" \/>\n\t<meta name=\"twitter:data1\" content=\"3 minutes\" \/>\n<script type=\"application\/ld+json\" class=\"yoast-schema-graph\">{\"@context\":\"https:\\\/\\\/schema.org\",\"@graph\":[{\"@type\":\"WebPage\",\"@id\":\"https:\\\/\\\/aiac.ca\\\/fr\\\/environ\\\/prix-de-laiac\\\/prix-marc-garneau\\\/\",\"url\":\"https:\\\/\\\/aiac.ca\\\/fr\\\/environ\\\/prix-de-laiac\\\/prix-marc-garneau\\\/\",\"name\":\"Prix Marc Garneau - AIAC\",\"isPartOf\":{\"@id\":\"https:\\\/\\\/aiac.ca\\\/#website\"},\"primaryImageOfPage\":{\"@id\":\"https:\\\/\\\/aiac.ca\\\/fr\\\/environ\\\/prix-de-laiac\\\/prix-marc-garneau\\\/#primaryimage\"},\"image\":{\"@id\":\"https:\\\/\\\/aiac.ca\\\/fr\\\/environ\\\/prix-de-laiac\\\/prix-marc-garneau\\\/#primaryimage\"},\"thumbnailUrl\":\"https:\\\/\\\/aiac.ca\\\/wp-content\\\/uploads\\\/2024\\\/09\\\/AIAC_MarcGarneauAward_1200x675.jpg\",\"datePublished\":\"2024-09-04T20:19:46+00:00\",\"dateModified\":\"2024-09-05T13:45:02+00:00\",\"breadcrumb\":{\"@id\":\"https:\\\/\\\/aiac.ca\\\/fr\\\/environ\\\/prix-de-laiac\\\/prix-marc-garneau\\\/#breadcrumb\"},\"inLanguage\":\"fr-FR\",\"potentialAction\":[{\"@type\":\"ReadAction\",\"target\":[\"https:\\\/\\\/aiac.ca\\\/fr\\\/environ\\\/prix-de-laiac\\\/prix-marc-garneau\\\/\"]}]},{\"@type\":\"ImageObject\",\"inLanguage\":\"fr-FR\",\"@id\":\"https:\\\/\\\/aiac.ca\\\/fr\\\/environ\\\/prix-de-laiac\\\/prix-marc-garneau\\\/#primaryimage\",\"url\":\"https:\\\/\\\/aiac.ca\\\/wp-content\\\/uploads\\\/2024\\\/09\\\/AIAC_MarcGarneauAward_1200x675.jpg\",\"contentUrl\":\"https:\\\/\\\/aiac.ca\\\/wp-content\\\/uploads\\\/2024\\\/09\\\/AIAC_MarcGarneauAward_1200x675.jpg\",\"width\":1200,\"height\":675},{\"@type\":\"BreadcrumbList\",\"@id\":\"https:\\\/\\\/aiac.ca\\\/fr\\\/environ\\\/prix-de-laiac\\\/prix-marc-garneau\\\/#breadcrumb\",\"itemListElement\":[{\"@type\":\"ListItem\",\"position\":1,\"name\":\"Home\",\"item\":\"https:\\\/\\\/aiac.ca\\\/fr\\\/\"},{\"@type\":\"ListItem\",\"position\":2,\"name\":\"\u00c0 propos\",\"item\":\"https:\\\/\\\/aiac.ca\\\/fr\\\/environ\\\/\"},{\"@type\":\"ListItem\",\"position\":3,\"name\":\"Prix de l&#8217;AIAC\",\"item\":\"https:\\\/\\\/aiac.ca\\\/fr\\\/environ\\\/prix-de-laiac\\\/\"},{\"@type\":\"ListItem\",\"position\":4,\"name\":\"Prix Marc Garneau\"}]},{\"@type\":\"WebSite\",\"@id\":\"https:\\\/\\\/aiac.ca\\\/#website\",\"url\":\"https:\\\/\\\/aiac.ca\\\/\",\"name\":\"AIAC\",\"description\":\"\",\"publisher\":{\"@id\":\"https:\\\/\\\/aiac.ca\\\/#organization\"},\"potentialAction\":[{\"@type\":\"SearchAction\",\"target\":{\"@type\":\"EntryPoint\",\"urlTemplate\":\"https:\\\/\\\/aiac.ca\\\/?s={search_term_string}\"},\"query-input\":{\"@type\":\"PropertyValueSpecification\",\"valueRequired\":true,\"valueName\":\"search_term_string\"}}],\"inLanguage\":\"fr-FR\"},{\"@type\":\"Organization\",\"@id\":\"https:\\\/\\\/aiac.ca\\\/#organization\",\"name\":\"AIAC\",\"url\":\"https:\\\/\\\/aiac.ca\\\/\",\"logo\":{\"@type\":\"ImageObject\",\"inLanguage\":\"fr-FR\",\"@id\":\"https:\\\/\\\/aiac.ca\\\/#\\\/schema\\\/logo\\\/image\\\/\",\"url\":\"https:\\\/\\\/aiac.ca\\\/wp-content\\\/uploads\\\/2024\\\/08\\\/logo.png\",\"contentUrl\":\"https:\\\/\\\/aiac.ca\\\/wp-content\\\/uploads\\\/2024\\\/08\\\/logo.png\",\"width\":770,\"height\":143,\"caption\":\"AIAC\"},\"image\":{\"@id\":\"https:\\\/\\\/aiac.ca\\\/#\\\/schema\\\/logo\\\/image\\\/\"}}]}<\/script>\n<!-- \/ Yoast SEO plugin. -->","yoast_head_json":{"title":"Prix Marc Garneau - AIAC","robots":{"index":"index","follow":"follow","max-snippet":"max-snippet:-1","max-image-preview":"max-image-preview:large","max-video-preview":"max-video-preview:-1"},"canonical":"https:\/\/aiac.ca\/fr\/environ\/prix-de-laiac\/prix-marc-garneau\/","og_locale":"fr_FR","og_type":"article","og_title":"Prix Marc Garneau - AIAC","og_description":"Le Prix Marc Garneau sert \u00e0 souligner les efforts extraordinaires d\u2019une personne ou d\u2019un groupe pour construire, soutenir et d\u00e9fendre l\u2019a\u00e9rospatiale, illustrant ainsi le meilleur de l\u2019a\u00e9rospatiale canadienne, v\u00e9ritable source de fiert\u00e9 pour les Canadiens. Les contributions, les r\u00e9alisations et les efforts extraordinaires r\u00e9alis\u00e9s en \u00e9troite collaboration avec l\u2019industrie, pour soutenir les Canadiens \u00e0 travers [&hellip;]","og_url":"https:\/\/aiac.ca\/fr\/environ\/prix-de-laiac\/prix-marc-garneau\/","og_site_name":"AIAC","article_modified_time":"2024-09-05T13:45:02+00:00","og_image":[{"width":1200,"height":675,"url":"https:\/\/aiac.ca\/wp-content\/uploads\/2024\/09\/AIAC_MarcGarneauAward_1200x675.jpg","type":"image\/jpeg"}],"twitter_card":"summary_large_image","twitter_misc":{"Dur\u00e9e de lecture estim\u00e9e":"3 minutes"},"schema":{"@context":"https:\/\/schema.org","@graph":[{"@type":"WebPage","@id":"https:\/\/aiac.ca\/fr\/environ\/prix-de-laiac\/prix-marc-garneau\/","url":"https:\/\/aiac.ca\/fr\/environ\/prix-de-laiac\/prix-marc-garneau\/","name":"Prix Marc Garneau - AIAC","isPartOf":{"@id":"https:\/\/aiac.ca\/#website"},"primaryImageOfPage":{"@id":"https:\/\/aiac.ca\/fr\/environ\/prix-de-laiac\/prix-marc-garneau\/#primaryimage"},"image":{"@id":"https:\/\/aiac.ca\/fr\/environ\/prix-de-laiac\/prix-marc-garneau\/#primaryimage"},"thumbnailUrl":"https:\/\/aiac.ca\/wp-content\/uploads\/2024\/09\/AIAC_MarcGarneauAward_1200x675.jpg","datePublished":"2024-09-04T20:19:46+00:00","dateModified":"2024-09-05T13:45:02+00:00","breadcrumb":{"@id":"https:\/\/aiac.ca\/fr\/environ\/prix-de-laiac\/prix-marc-garneau\/#breadcrumb"},"inLanguage":"fr-FR","potentialAction":[{"@type":"ReadAction","target":["https:\/\/aiac.ca\/fr\/environ\/prix-de-laiac\/prix-marc-garneau\/"]}]},{"@type":"ImageObject","inLanguage":"fr-FR","@id":"https:\/\/aiac.ca\/fr\/environ\/prix-de-laiac\/prix-marc-garneau\/#primaryimage","url":"https:\/\/aiac.ca\/wp-content\/uploads\/2024\/09\/AIAC_MarcGarneauAward_1200x675.jpg","contentUrl":"https:\/\/aiac.ca\/wp-content\/uploads\/2024\/09\/AIAC_MarcGarneauAward_1200x675.jpg","width":1200,"height":675},{"@type":"BreadcrumbList","@id":"https:\/\/aiac.ca\/fr\/environ\/prix-de-laiac\/prix-marc-garneau\/#breadcrumb","itemListElement":[{"@type":"ListItem","position":1,"name":"Home","item":"https:\/\/aiac.ca\/fr\/"},{"@type":"ListItem","position":2,"name":"\u00c0 propos","item":"https:\/\/aiac.ca\/fr\/environ\/"},{"@type":"ListItem","position":3,"name":"Prix de l&#8217;AIAC","item":"https:\/\/aiac.ca\/fr\/environ\/prix-de-laiac\/"},{"@type":"ListItem","position":4,"name":"Prix Marc Garneau"}]},{"@type":"WebSite","@id":"https:\/\/aiac.ca\/#website","url":"https:\/\/aiac.ca\/","name":"AIAC","description":"","publisher":{"@id":"https:\/\/aiac.ca\/#organization"},"potentialAction":[{"@type":"SearchAction","target":{"@type":"EntryPoint","urlTemplate":"https:\/\/aiac.ca\/?s={search_term_string}"},"query-input":{"@type":"PropertyValueSpecification","valueRequired":true,"valueName":"search_term_string"}}],"inLanguage":"fr-FR"},{"@type":"Organization","@id":"https:\/\/aiac.ca\/#organization","name":"AIAC","url":"https:\/\/aiac.ca\/","logo":{"@type":"ImageObject","inLanguage":"fr-FR","@id":"https:\/\/aiac.ca\/#\/schema\/logo\/image\/","url":"https:\/\/aiac.ca\/wp-content\/uploads\/2024\/08\/logo.png","contentUrl":"https:\/\/aiac.ca\/wp-content\/uploads\/2024\/08\/logo.png","width":770,"height":143,"caption":"AIAC"},"image":{"@id":"https:\/\/aiac.ca\/#\/schema\/logo\/image\/"}}]}},"_links":{"self":[{"href":"https:\/\/aiac.ca\/fr\/wp-json\/wp\/v2\/pages\/4788","targetHints":{"allow":["GET"]}}],"collection":[{"href":"https:\/\/aiac.ca\/fr\/wp-json\/wp\/v2\/pages"}],"about":[{"href":"https:\/\/aiac.ca\/fr\/wp-json\/wp\/v2\/types\/page"}],"author":[{"embeddable":true,"href":"https:\/\/aiac.ca\/fr\/wp-json\/wp\/v2\/users\/5"}],"replies":[{"embeddable":true,"href":"https:\/\/aiac.ca\/fr\/wp-json\/wp\/v2\/comments?post=4788"}],"version-history":[{"count":5,"href":"https:\/\/aiac.ca\/fr\/wp-json\/wp\/v2\/pages\/4788\/revisions"}],"predecessor-version":[{"id":4820,"href":"https:\/\/aiac.ca\/fr\/wp-json\/wp\/v2\/pages\/4788\/revisions\/4820"}],"up":[{"embeddable":true,"href":"https:\/\/aiac.ca\/fr\/wp-json\/wp\/v2\/pages\/4729"}],"wp:featuredmedia":[{"embeddable":true,"href":"https:\/\/aiac.ca\/fr\/wp-json\/wp\/v2\/media\/4722"}],"wp:attachment":[{"href":"https:\/\/aiac.ca\/fr\/wp-json\/wp\/v2\/media?parent=4788"}],"curies":[{"name":"wp","href":"https:\/\/api.w.org\/{rel}","templated":true}]}}