{"id":4729,"date":"2024-09-04T15:23:53","date_gmt":"2024-09-04T19:23:53","guid":{"rendered":"https:\/\/aiac.ca\/?page_id=4729"},"modified":"2025-09-12T09:57:20","modified_gmt":"2025-09-12T13:57:20","slug":"prix-de-laiac","status":"publish","type":"page","link":"https:\/\/aiac.ca\/fr\/environ\/prix-de-laiac\/","title":{"rendered":"Prix de l&rsquo;AIAC"},"content":{"rendered":"<h2>Prix James C. Floyd<\/h2>\n<p><img loading=\"lazy\" decoding=\"async\" class=\"wp-image-4841 alignleft\" src=\"https:\/\/aiac.ca\/wp-content\/uploads\/2024\/09\/AIAC015-Floyd-Logo_colour_fr.png\" alt=\"\" width=\"258\" height=\"258\" srcset=\"https:\/\/aiac.ca\/wp-content\/uploads\/2024\/09\/AIAC015-Floyd-Logo_colour_fr.png 373w, https:\/\/aiac.ca\/wp-content\/uploads\/2024\/09\/AIAC015-Floyd-Logo_colour_fr-80x80.png 80w, https:\/\/aiac.ca\/wp-content\/uploads\/2024\/09\/AIAC015-Floyd-Logo_colour_fr-30x30.png 30w, https:\/\/aiac.ca\/wp-content\/uploads\/2024\/09\/AIAC015-Floyd-Logo_colour_fr-36x36.png 36w, https:\/\/aiac.ca\/wp-content\/uploads\/2024\/09\/AIAC015-Floyd-Logo_colour_fr-180x180.png 180w\" sizes=\"auto, (max-width: 258px) 100vw, 258px\" \/><\/p>\n<p>&nbsp;<\/p>\n<p>Le Prix James C. Floyd vise \u00e0 reconna\u00eetre une personne ou une \u00e9quipe pour une contribution exceptionnelle r\u00e9cente \u00e0 l\u2019industrie canadienne de l\u2019a\u00e9rospatiale. Cette contribution, dont l\u2019impact et l\u2019importance justifient un niveau exceptionnel de reconnaissance, doit \u00eatre du domaine technologique, politique, entrepreneurial, de la recherche ou de l\u2019\u00e9laboration de politiques, ou encore une r\u00e9alisation d\u2019\u00e9tudiants.<\/p>\n<p style=\"text-align: center;\"><a class=\"styled-button\" style=\"color: white; text-decoration: none; background-color: #19398a; padding: 10px 20px; border-radius: 5px; display: inline-block;\" href=\"https:\/\/aiac.ca\/fr\/environ\/prix-de-laiac\/prix-james-c-floyd\/\" target=\"_blank\" rel=\"noopener\">Pour en apprendre plus<\/a><\/p>\n<p>&nbsp;<\/p>\n<p>&nbsp;<\/p>\n<p>&nbsp;<\/p>\n<p>&nbsp;<\/p>\n<p>&nbsp;<\/p>\n<hr \/>\n<h2>Prix Marc Garneau<\/h2>\n<p><img loading=\"lazy\" decoding=\"async\" class=\"size-full wp-image-4754 alignleft\" src=\"https:\/\/aiac.ca\/wp-content\/uploads\/2024\/09\/AIAC-awards_Garneau_250x160.jpg\" alt=\"\" width=\"250\" height=\"160\" srcset=\"https:\/\/aiac.ca\/wp-content\/uploads\/2024\/09\/AIAC-awards_Garneau_250x160.jpg 250w, https:\/\/aiac.ca\/wp-content\/uploads\/2024\/09\/AIAC-awards_Garneau_250x160-47x30.jpg 47w\" sizes=\"auto, (max-width: 250px) 100vw, 250px\" \/><\/p>\n<p>&nbsp;<\/p>\n<p>Le Prix Marc Garneau sert \u00e0 souligner les efforts extraordinaires d\u2019une personne ou d\u2019un groupe pour construire, soutenir et d\u00e9fendre l\u2019a\u00e9rospatiale, illustrant ainsi le meilleur de l\u2019a\u00e9rospatiale canadienne, v\u00e9ritable source de fiert\u00e9 pour les Canadiens. Les contributions, les r\u00e9alisations et les efforts extraordinaires r\u00e9alis\u00e9s en \u00e9troite collaboration avec l\u2019industrie, pour soutenir les Canadiens \u00e0 travers le pays, seront particuli\u00e8rement pris en compte pour l\u2019attribution du prix.<\/p>\n<p style=\"text-align: center;\"><a class=\"styled-button\" style=\"color: white; text-decoration: none; background-color: #19398a; padding: 10px 20px; border-radius: 5px; display: inline-block;\" href=\"https:\/\/aiac.ca\/fr\/environ\/prix-de-laiac\/prix-marc-garneau\/\" target=\"_blank\" rel=\"noopener\">Pour en apprendre plus<\/a><\/p>\n<hr \/>\n<h2><strong>Prix d\u2019excellence de l\u2019industrie :<\/strong><br \/>\nL\u2019ensemble des r\u00e9alisations<\/h2>\n<p><img loading=\"lazy\" decoding=\"async\" class=\"size-full wp-image-4814 alignleft\" src=\"https:\/\/aiac.ca\/wp-content\/uploads\/2024\/09\/IndustryExcellenceAwards_LifetimeAchievement_RGB_FR-250x162-1.jpg\" alt=\"\" width=\"250\" height=\"162\" srcset=\"https:\/\/aiac.ca\/wp-content\/uploads\/2024\/09\/IndustryExcellenceAwards_LifetimeAchievement_RGB_FR-250x162-1.jpg 250w, https:\/\/aiac.ca\/wp-content\/uploads\/2024\/09\/IndustryExcellenceAwards_LifetimeAchievement_RGB_FR-250x162-1-46x30.jpg 46w\" sizes=\"auto, (max-width: 250px) 100vw, 250px\" \/><\/p>\n<p>&nbsp;<\/p>\n<p>Le laur\u00e9at ou la laur\u00e9ate de ce prix est une personne qui s\u2019est d\u00e9marqu\u00e9e pendant une p\u00e9riode d\u2019au moins 25\u00a0ans par ses r\u00e9alisations personnelles et professionnelles dans le secteur de l\u2019a\u00e9rospatiale. Cette personne se sera distingu\u00e9e par l\u2019ensemble de ses r\u00e9alisations en explorant, d\u00e9veloppant ou utilisant les technologies de l\u2019aviation, de l\u2019espace ou de la d\u00e9fense \u00e0 un niveau l\u2019amenant \u00e0 \u00eatre largement reconnue comme un \u00ab\u00a0champion\u00a0\u00bb dans le secteur de l\u2019a\u00e9rospatiale.<\/p>\n<p style=\"text-align: center;\"><a class=\"styled-button\" style=\"color: white; text-decoration: none; background-color: #19398a; padding: 10px 20px; border-radius: 5px; display: inline-block;\" href=\"https:\/\/aiac.ca\/fr\/environ\/prix-de-laiac\/prix-dexcellence-de-lindustrie-lensemble-des-realisations\/\" target=\"_blank\" rel=\"noopener\">Pour en apprendre plus<\/a><\/p>\n<p>&nbsp;<\/p>\n<hr \/>\n<h2><strong>Prix d\u2019excellence de l\u2019industrie :<\/strong><br \/>\nTechnologie innovante petite entreprise<\/h2>\n<p><img loading=\"lazy\" decoding=\"async\" class=\"wp-image-4837 alignleft\" src=\"https:\/\/aiac.ca\/wp-content\/uploads\/2024\/09\/AIAC_IndustryExcellenceAwards_SmallBusiness_RGB_FR.jpg\" alt=\"\" width=\"236\" height=\"201\" srcset=\"https:\/\/aiac.ca\/wp-content\/uploads\/2024\/09\/AIAC_IndustryExcellenceAwards_SmallBusiness_RGB_FR.jpg 509w, https:\/\/aiac.ca\/wp-content\/uploads\/2024\/09\/AIAC_IndustryExcellenceAwards_SmallBusiness_RGB_FR-35x30.jpg 35w\" sizes=\"auto, (max-width: 236px) 100vw, 236px\" \/><\/p>\n<p>&nbsp;<\/p>\n<p>Le Prix de la technologie innovante \u2013 petite entreprise est destin\u00e9 \u00e0 reconna\u00eetre une entreprise qui a mis au point des technologies de pointe ou novatrices pour r\u00e9pondre aux besoins de l\u2019industrie a\u00e9rospatiale, au Canada et ailleurs dans le monde. Les r\u00e9alisations de cette entreprise ont contribu\u00e9 au dynamisme de l\u2019\u00e9conomie canadienne et \u00e0 favoriser la croissance de son secteur de l\u2019innovation, le tout en ayant des r\u00e9percussions favorables sur l\u2019industrie et sur les communaut\u00e9s.<\/p>\n<p style=\"text-align: center;\"><a class=\"styled-button\" style=\"color: white; text-decoration: none; background-color: #19398a; padding: 10px 20px; border-radius: 5px; display: inline-block;\" href=\"https:\/\/aiac.ca\/fr\/prix-de-la-technologie-innovante-petite-entreprise\/\" target=\"_blank\" rel=\"noopener\">Pour en apprendre plus<\/a><\/p>\n","protected":false},"excerpt":{"rendered":"<p>Prix James C. Floyd &nbsp; Le Prix James C. Floyd vise \u00e0 reconna\u00eetre une personne ou une \u00e9quipe pour une contribution exceptionnelle r\u00e9cente \u00e0 l\u2019industrie canadienne de l\u2019a\u00e9rospatiale. Cette contribution, dont l\u2019impact et l\u2019importance justifient un niveau exceptionnel de reconnaissance, doit \u00eatre du domaine technologique, politique, entrepreneurial, de la recherche ou de l\u2019\u00e9laboration de politiques, [&hellip;]<\/p>\n","protected":false},"author":5,"featured_media":0,"parent":3799,"menu_order":0,"comment_status":"closed","ping_status":"closed","template":"","meta":{"_acf_changed":false,"footnotes":""},"class_list":["post-4729","page","type-page","status-publish","hentry"],"acf":[],"yoast_head":"<!-- This site is optimized with the Yoast SEO plugin v27.4 - https:\/\/yoast.com\/product\/yoast-seo-wordpress\/ -->\n<title>Prix de l&#039;AIAC - AIAC<\/title>\n<meta name=\"robots\" content=\"index, follow, max-snippet:-1, max-image-preview:large, max-video-preview:-1\" \/>\n<link rel=\"canonical\" href=\"https:\/\/aiac.ca\/fr\/environ\/prix-de-laiac\/\" \/>\n<meta property=\"og:locale\" content=\"fr_FR\" \/>\n<meta property=\"og:type\" content=\"article\" \/>\n<meta property=\"og:title\" content=\"Prix de l&#039;AIAC - AIAC\" \/>\n<meta property=\"og:description\" content=\"Prix James C. Floyd &nbsp; Le Prix James C. Floyd vise \u00e0 reconna\u00eetre une personne ou une \u00e9quipe pour une contribution exceptionnelle r\u00e9cente \u00e0 l\u2019industrie canadienne de l\u2019a\u00e9rospatiale. Cette contribution, dont l\u2019impact et l\u2019importance justifient un niveau exceptionnel de reconnaissance, doit \u00eatre du domaine technologique, politique, entrepreneurial, de la recherche ou de l\u2019\u00e9laboration de politiques, [&hellip;]\" \/>\n<meta property=\"og:url\" content=\"https:\/\/aiac.ca\/fr\/environ\/prix-de-laiac\/\" \/>\n<meta property=\"og:site_name\" content=\"AIAC\" \/>\n<meta property=\"article:modified_time\" content=\"2025-09-12T13:57:20+00:00\" \/>\n<meta property=\"og:image\" content=\"https:\/\/aiac.ca\/wp-content\/uploads\/2024\/09\/AIAC015-Floyd-Logo_colour_fr.png\" \/>\n\t<meta property=\"og:image:width\" content=\"373\" \/>\n\t<meta property=\"og:image:height\" content=\"373\" \/>\n\t<meta property=\"og:image:type\" content=\"image\/png\" \/>\n<meta name=\"twitter:card\" content=\"summary_large_image\" \/>\n<meta name=\"twitter:label1\" content=\"Dur\u00e9e de lecture estim\u00e9e\" \/>\n\t<meta name=\"twitter:data1\" content=\"3 minutes\" \/>\n<script type=\"application\/ld+json\" class=\"yoast-schema-graph\">{\"@context\":\"https:\\\/\\\/schema.org\",\"@graph\":[{\"@type\":\"WebPage\",\"@id\":\"https:\\\/\\\/aiac.ca\\\/fr\\\/environ\\\/prix-de-laiac\\\/\",\"url\":\"https:\\\/\\\/aiac.ca\\\/fr\\\/environ\\\/prix-de-laiac\\\/\",\"name\":\"Prix de l'AIAC - AIAC\",\"isPartOf\":{\"@id\":\"https:\\\/\\\/aiac.ca\\\/#website\"},\"primaryImageOfPage\":{\"@id\":\"https:\\\/\\\/aiac.ca\\\/fr\\\/environ\\\/prix-de-laiac\\\/#primaryimage\"},\"image\":{\"@id\":\"https:\\\/\\\/aiac.ca\\\/fr\\\/environ\\\/prix-de-laiac\\\/#primaryimage\"},\"thumbnailUrl\":\"https:\\\/\\\/aiac.ca\\\/wp-content\\\/uploads\\\/2024\\\/09\\\/AIAC015-Floyd-Logo_colour_fr.png\",\"datePublished\":\"2024-09-04T19:23:53+00:00\",\"dateModified\":\"2025-09-12T13:57:20+00:00\",\"breadcrumb\":{\"@id\":\"https:\\\/\\\/aiac.ca\\\/fr\\\/environ\\\/prix-de-laiac\\\/#breadcrumb\"},\"inLanguage\":\"fr-FR\",\"potentialAction\":[{\"@type\":\"ReadAction\",\"target\":[\"https:\\\/\\\/aiac.ca\\\/fr\\\/environ\\\/prix-de-laiac\\\/\"]}]},{\"@type\":\"ImageObject\",\"inLanguage\":\"fr-FR\",\"@id\":\"https:\\\/\\\/aiac.ca\\\/fr\\\/environ\\\/prix-de-laiac\\\/#primaryimage\",\"url\":\"https:\\\/\\\/aiac.ca\\\/wp-content\\\/uploads\\\/2024\\\/09\\\/AIAC015-Floyd-Logo_colour_fr.png\",\"contentUrl\":\"https:\\\/\\\/aiac.ca\\\/wp-content\\\/uploads\\\/2024\\\/09\\\/AIAC015-Floyd-Logo_colour_fr.png\"},{\"@type\":\"BreadcrumbList\",\"@id\":\"https:\\\/\\\/aiac.ca\\\/fr\\\/environ\\\/prix-de-laiac\\\/#breadcrumb\",\"itemListElement\":[{\"@type\":\"ListItem\",\"position\":1,\"name\":\"Home\",\"item\":\"https:\\\/\\\/aiac.ca\\\/fr\\\/\"},{\"@type\":\"ListItem\",\"position\":2,\"name\":\"\u00c0 propos\",\"item\":\"https:\\\/\\\/aiac.ca\\\/fr\\\/environ\\\/\"},{\"@type\":\"ListItem\",\"position\":3,\"name\":\"Prix de l&#8217;AIAC\"}]},{\"@type\":\"WebSite\",\"@id\":\"https:\\\/\\\/aiac.ca\\\/#website\",\"url\":\"https:\\\/\\\/aiac.ca\\\/\",\"name\":\"AIAC\",\"description\":\"\",\"publisher\":{\"@id\":\"https:\\\/\\\/aiac.ca\\\/#organization\"},\"potentialAction\":[{\"@type\":\"SearchAction\",\"target\":{\"@type\":\"EntryPoint\",\"urlTemplate\":\"https:\\\/\\\/aiac.ca\\\/?s={search_term_string}\"},\"query-input\":{\"@type\":\"PropertyValueSpecification\",\"valueRequired\":true,\"valueName\":\"search_term_string\"}}],\"inLanguage\":\"fr-FR\"},{\"@type\":\"Organization\",\"@id\":\"https:\\\/\\\/aiac.ca\\\/#organization\",\"name\":\"AIAC\",\"url\":\"https:\\\/\\\/aiac.ca\\\/\",\"logo\":{\"@type\":\"ImageObject\",\"inLanguage\":\"fr-FR\",\"@id\":\"https:\\\/\\\/aiac.ca\\\/#\\\/schema\\\/logo\\\/image\\\/\",\"url\":\"https:\\\/\\\/aiac.ca\\\/wp-content\\\/uploads\\\/2024\\\/08\\\/logo.png\",\"contentUrl\":\"https:\\\/\\\/aiac.ca\\\/wp-content\\\/uploads\\\/2024\\\/08\\\/logo.png\",\"width\":770,\"height\":143,\"caption\":\"AIAC\"},\"image\":{\"@id\":\"https:\\\/\\\/aiac.ca\\\/#\\\/schema\\\/logo\\\/image\\\/\"}}]}<\/script>\n<!-- \/ Yoast SEO plugin. -->","yoast_head_json":{"title":"Prix de l'AIAC - AIAC","robots":{"index":"index","follow":"follow","max-snippet":"max-snippet:-1","max-image-preview":"max-image-preview:large","max-video-preview":"max-video-preview:-1"},"canonical":"https:\/\/aiac.ca\/fr\/environ\/prix-de-laiac\/","og_locale":"fr_FR","og_type":"article","og_title":"Prix de l'AIAC - AIAC","og_description":"Prix James C. Floyd &nbsp; Le Prix James C. Floyd vise \u00e0 reconna\u00eetre une personne ou une \u00e9quipe pour une contribution exceptionnelle r\u00e9cente \u00e0 l\u2019industrie canadienne de l\u2019a\u00e9rospatiale. Cette contribution, dont l\u2019impact et l\u2019importance justifient un niveau exceptionnel de reconnaissance, doit \u00eatre du domaine technologique, politique, entrepreneurial, de la recherche ou de l\u2019\u00e9laboration de politiques, [&hellip;]","og_url":"https:\/\/aiac.ca\/fr\/environ\/prix-de-laiac\/","og_site_name":"AIAC","article_modified_time":"2025-09-12T13:57:20+00:00","og_image":[{"width":373,"height":373,"url":"https:\/\/aiac.ca\/wp-content\/uploads\/2024\/09\/AIAC015-Floyd-Logo_colour_fr.png","type":"image\/png"}],"twitter_card":"summary_large_image","twitter_misc":{"Dur\u00e9e de lecture estim\u00e9e":"3 minutes"},"schema":{"@context":"https:\/\/schema.org","@graph":[{"@type":"WebPage","@id":"https:\/\/aiac.ca\/fr\/environ\/prix-de-laiac\/","url":"https:\/\/aiac.ca\/fr\/environ\/prix-de-laiac\/","name":"Prix de l'AIAC - AIAC","isPartOf":{"@id":"https:\/\/aiac.ca\/#website"},"primaryImageOfPage":{"@id":"https:\/\/aiac.ca\/fr\/environ\/prix-de-laiac\/#primaryimage"},"image":{"@id":"https:\/\/aiac.ca\/fr\/environ\/prix-de-laiac\/#primaryimage"},"thumbnailUrl":"https:\/\/aiac.ca\/wp-content\/uploads\/2024\/09\/AIAC015-Floyd-Logo_colour_fr.png","datePublished":"2024-09-04T19:23:53+00:00","dateModified":"2025-09-12T13:57:20+00:00","breadcrumb":{"@id":"https:\/\/aiac.ca\/fr\/environ\/prix-de-laiac\/#breadcrumb"},"inLanguage":"fr-FR","potentialAction":[{"@type":"ReadAction","target":["https:\/\/aiac.ca\/fr\/environ\/prix-de-laiac\/"]}]},{"@type":"ImageObject","inLanguage":"fr-FR","@id":"https:\/\/aiac.ca\/fr\/environ\/prix-de-laiac\/#primaryimage","url":"https:\/\/aiac.ca\/wp-content\/uploads\/2024\/09\/AIAC015-Floyd-Logo_colour_fr.png","contentUrl":"https:\/\/aiac.ca\/wp-content\/uploads\/2024\/09\/AIAC015-Floyd-Logo_colour_fr.png"},{"@type":"BreadcrumbList","@id":"https:\/\/aiac.ca\/fr\/environ\/prix-de-laiac\/#breadcrumb","itemListElement":[{"@type":"ListItem","position":1,"name":"Home","item":"https:\/\/aiac.ca\/fr\/"},{"@type":"ListItem","position":2,"name":"\u00c0 propos","item":"https:\/\/aiac.ca\/fr\/environ\/"},{"@type":"ListItem","position":3,"name":"Prix de l&#8217;AIAC"}]},{"@type":"WebSite","@id":"https:\/\/aiac.ca\/#website","url":"https:\/\/aiac.ca\/","name":"AIAC","description":"","publisher":{"@id":"https:\/\/aiac.ca\/#organization"},"potentialAction":[{"@type":"SearchAction","target":{"@type":"EntryPoint","urlTemplate":"https:\/\/aiac.ca\/?s={search_term_string}"},"query-input":{"@type":"PropertyValueSpecification","valueRequired":true,"valueName":"search_term_string"}}],"inLanguage":"fr-FR"},{"@type":"Organization","@id":"https:\/\/aiac.ca\/#organization","name":"AIAC","url":"https:\/\/aiac.ca\/","logo":{"@type":"ImageObject","inLanguage":"fr-FR","@id":"https:\/\/aiac.ca\/#\/schema\/logo\/image\/","url":"https:\/\/aiac.ca\/wp-content\/uploads\/2024\/08\/logo.png","contentUrl":"https:\/\/aiac.ca\/wp-content\/uploads\/2024\/08\/logo.png","width":770,"height":143,"caption":"AIAC"},"image":{"@id":"https:\/\/aiac.ca\/#\/schema\/logo\/image\/"}}]}},"_links":{"self":[{"href":"https:\/\/aiac.ca\/fr\/wp-json\/wp\/v2\/pages\/4729","targetHints":{"allow":["GET"]}}],"collection":[{"href":"https:\/\/aiac.ca\/fr\/wp-json\/wp\/v2\/pages"}],"about":[{"href":"https:\/\/aiac.ca\/fr\/wp-json\/wp\/v2\/types\/page"}],"author":[{"embeddable":true,"href":"https:\/\/aiac.ca\/fr\/wp-json\/wp\/v2\/users\/5"}],"replies":[{"embeddable":true,"href":"https:\/\/aiac.ca\/fr\/wp-json\/wp\/v2\/comments?post=4729"}],"version-history":[{"count":9,"href":"https:\/\/aiac.ca\/fr\/wp-json\/wp\/v2\/pages\/4729\/revisions"}],"predecessor-version":[{"id":4785,"href":"https:\/\/aiac.ca\/fr\/wp-json\/wp\/v2\/pages\/4729\/revisions\/4785"}],"up":[{"embeddable":true,"href":"https:\/\/aiac.ca\/fr\/wp-json\/wp\/v2\/pages\/3799"}],"wp:attachment":[{"href":"https:\/\/aiac.ca\/fr\/wp-json\/wp\/v2\/media?parent=4729"}],"curies":[{"name":"wp","href":"https:\/\/api.w.org\/{rel}","templated":true}]}}