{"id":3821,"date":"2024-03-08T15:25:57","date_gmt":"2024-03-08T20:25:57","guid":{"rendered":"https:\/\/aiac.ca\/repertoire-des-membres\/"},"modified":"2024-08-12T13:06:57","modified_gmt":"2024-08-12T17:06:57","slug":"repertoire-des-membres","status":"publish","type":"page","link":"https:\/\/aiac.ca\/fr\/adhesion\/repertoire-des-membres\/","title":{"rendered":"R\u00e9pertoire des membres"},"content":{"rendered":"<p>Les entreprises a\u00e9rospatiales au Canada sont des chefs de file mondiaux dans les avions de transport r\u00e9gional, de l\u2019avionique, des jets d\u2019affaires, des h\u00e9licopt\u00e8res commerciaux, des moteurs d\u2019avion, de la simulation de vol, des trains d\u2019atterrissage et des syst\u00e8mes spatiaux. Le Canada offre des solutions innovantes soutenues par une main-d\u2019\u0153uvre hautement qualifi\u00e9e, des investissements continus dans la recherche et le d\u00e9veloppement de l\u2019a\u00e9rospatiale et le cadre r\u00e9glementaire de renomm\u00e9e internationale de Transports Canada.<\/p>\n<p>Les plus grandes entreprises canadiennes de l\u2019a\u00e9rospatiale sont \u00e9galement membres de l\u2019AIAC. Parcourez la liste alphab\u00e9tique des soci\u00e9t\u00e9s membres de l\u2019AIAC ci-dessous, ou utilisez notre outil de recherche de membres pour trouver une entreprise canadienne de l\u2019a\u00e9rospatiale par emplacement, nom ou industrie\/segment de produit.<\/p>\n","protected":false},"excerpt":{"rendered":"<p>Les entreprises a\u00e9rospatiales au Canada sont des chefs de file mondiaux dans les avions de transport r\u00e9gional, de l\u2019avionique, des jets d\u2019affaires, des h\u00e9licopt\u00e8res commerciaux, des moteurs d\u2019avion, de la simulation de vol, des trains d\u2019atterrissage et des syst\u00e8mes spatiaux. Le Canada offre des solutions innovantes soutenues par une main-d\u2019\u0153uvre hautement qualifi\u00e9e, des investissements continus [&hellip;]<\/p>\n","protected":false},"author":1,"featured_media":0,"parent":3828,"menu_order":0,"comment_status":"closed","ping_status":"closed","template":"","meta":{"_acf_changed":false,"footnotes":""},"class_list":["post-3821","page","type-page","status-publish","hentry"],"acf":[],"yoast_head":"<!-- This site is optimized with the Yoast SEO plugin v27.4 - https:\/\/yoast.com\/product\/yoast-seo-wordpress\/ -->\n<title>R\u00e9pertoire des membres - AIAC<\/title>\n<meta name=\"robots\" content=\"index, follow, max-snippet:-1, max-image-preview:large, max-video-preview:-1\" \/>\n<link rel=\"canonical\" href=\"https:\/\/aiac.ca\/fr\/adhesion\/repertoire-des-membres\/\" \/>\n<meta property=\"og:locale\" content=\"fr_FR\" \/>\n<meta property=\"og:type\" content=\"article\" \/>\n<meta property=\"og:title\" content=\"R\u00e9pertoire des membres - AIAC\" \/>\n<meta property=\"og:description\" content=\"Les entreprises a\u00e9rospatiales au Canada sont des chefs de file mondiaux dans les avions de transport r\u00e9gional, de l\u2019avionique, des jets d\u2019affaires, des h\u00e9licopt\u00e8res commerciaux, des moteurs d\u2019avion, de la simulation de vol, des trains d\u2019atterrissage et des syst\u00e8mes spatiaux. Le Canada offre des solutions innovantes soutenues par une main-d\u2019\u0153uvre hautement qualifi\u00e9e, des investissements continus [&hellip;]\" \/>\n<meta property=\"og:url\" content=\"https:\/\/aiac.ca\/fr\/adhesion\/repertoire-des-membres\/\" \/>\n<meta property=\"og:site_name\" content=\"AIAC\" \/>\n<meta property=\"article:modified_time\" content=\"2024-08-12T17:06:57+00:00\" \/>\n<meta name=\"twitter:card\" content=\"summary_large_image\" \/>\n<meta name=\"twitter:label1\" content=\"Dur\u00e9e de lecture estim\u00e9e\" \/>\n\t<meta name=\"twitter:data1\" content=\"1 minute\" \/>\n<script type=\"application\/ld+json\" class=\"yoast-schema-graph\">{\"@context\":\"https:\\\/\\\/schema.org\",\"@graph\":[{\"@type\":\"WebPage\",\"@id\":\"https:\\\/\\\/aiac.ca\\\/fr\\\/adhesion\\\/repertoire-des-membres\\\/\",\"url\":\"https:\\\/\\\/aiac.ca\\\/fr\\\/adhesion\\\/repertoire-des-membres\\\/\",\"name\":\"R\u00e9pertoire des membres - AIAC\",\"isPartOf\":{\"@id\":\"https:\\\/\\\/aiac.ca\\\/#website\"},\"datePublished\":\"2024-03-08T20:25:57+00:00\",\"dateModified\":\"2024-08-12T17:06:57+00:00\",\"breadcrumb\":{\"@id\":\"https:\\\/\\\/aiac.ca\\\/fr\\\/adhesion\\\/repertoire-des-membres\\\/#breadcrumb\"},\"inLanguage\":\"fr-FR\",\"potentialAction\":[{\"@type\":\"ReadAction\",\"target\":[\"https:\\\/\\\/aiac.ca\\\/fr\\\/adhesion\\\/repertoire-des-membres\\\/\"]}]},{\"@type\":\"BreadcrumbList\",\"@id\":\"https:\\\/\\\/aiac.ca\\\/fr\\\/adhesion\\\/repertoire-des-membres\\\/#breadcrumb\",\"itemListElement\":[{\"@type\":\"ListItem\",\"position\":1,\"name\":\"Home\",\"item\":\"https:\\\/\\\/aiac.ca\\\/fr\\\/\"},{\"@type\":\"ListItem\",\"position\":2,\"name\":\"Adh\u00e9sion\",\"item\":\"https:\\\/\\\/aiac.ca\\\/fr\\\/adhesion\\\/\"},{\"@type\":\"ListItem\",\"position\":3,\"name\":\"R\u00e9pertoire des membres\"}]},{\"@type\":\"WebSite\",\"@id\":\"https:\\\/\\\/aiac.ca\\\/#website\",\"url\":\"https:\\\/\\\/aiac.ca\\\/\",\"name\":\"AIAC\",\"description\":\"\",\"publisher\":{\"@id\":\"https:\\\/\\\/aiac.ca\\\/#organization\"},\"potentialAction\":[{\"@type\":\"SearchAction\",\"target\":{\"@type\":\"EntryPoint\",\"urlTemplate\":\"https:\\\/\\\/aiac.ca\\\/?s={search_term_string}\"},\"query-input\":{\"@type\":\"PropertyValueSpecification\",\"valueRequired\":true,\"valueName\":\"search_term_string\"}}],\"inLanguage\":\"fr-FR\"},{\"@type\":\"Organization\",\"@id\":\"https:\\\/\\\/aiac.ca\\\/#organization\",\"name\":\"AIAC\",\"url\":\"https:\\\/\\\/aiac.ca\\\/\",\"logo\":{\"@type\":\"ImageObject\",\"inLanguage\":\"fr-FR\",\"@id\":\"https:\\\/\\\/aiac.ca\\\/#\\\/schema\\\/logo\\\/image\\\/\",\"url\":\"https:\\\/\\\/aiac.ca\\\/wp-content\\\/uploads\\\/2024\\\/08\\\/logo.png\",\"contentUrl\":\"https:\\\/\\\/aiac.ca\\\/wp-content\\\/uploads\\\/2024\\\/08\\\/logo.png\",\"width\":770,\"height\":143,\"caption\":\"AIAC\"},\"image\":{\"@id\":\"https:\\\/\\\/aiac.ca\\\/#\\\/schema\\\/logo\\\/image\\\/\"}}]}<\/script>\n<!-- \/ Yoast SEO plugin. -->","yoast_head_json":{"title":"R\u00e9pertoire des membres - AIAC","robots":{"index":"index","follow":"follow","max-snippet":"max-snippet:-1","max-image-preview":"max-image-preview:large","max-video-preview":"max-video-preview:-1"},"canonical":"https:\/\/aiac.ca\/fr\/adhesion\/repertoire-des-membres\/","og_locale":"fr_FR","og_type":"article","og_title":"R\u00e9pertoire des membres - AIAC","og_description":"Les entreprises a\u00e9rospatiales au Canada sont des chefs de file mondiaux dans les avions de transport r\u00e9gional, de l\u2019avionique, des jets d\u2019affaires, des h\u00e9licopt\u00e8res commerciaux, des moteurs d\u2019avion, de la simulation de vol, des trains d\u2019atterrissage et des syst\u00e8mes spatiaux. Le Canada offre des solutions innovantes soutenues par une main-d\u2019\u0153uvre hautement qualifi\u00e9e, des investissements continus [&hellip;]","og_url":"https:\/\/aiac.ca\/fr\/adhesion\/repertoire-des-membres\/","og_site_name":"AIAC","article_modified_time":"2024-08-12T17:06:57+00:00","twitter_card":"summary_large_image","twitter_misc":{"Dur\u00e9e de lecture estim\u00e9e":"1 minute"},"schema":{"@context":"https:\/\/schema.org","@graph":[{"@type":"WebPage","@id":"https:\/\/aiac.ca\/fr\/adhesion\/repertoire-des-membres\/","url":"https:\/\/aiac.ca\/fr\/adhesion\/repertoire-des-membres\/","name":"R\u00e9pertoire des membres - AIAC","isPartOf":{"@id":"https:\/\/aiac.ca\/#website"},"datePublished":"2024-03-08T20:25:57+00:00","dateModified":"2024-08-12T17:06:57+00:00","breadcrumb":{"@id":"https:\/\/aiac.ca\/fr\/adhesion\/repertoire-des-membres\/#breadcrumb"},"inLanguage":"fr-FR","potentialAction":[{"@type":"ReadAction","target":["https:\/\/aiac.ca\/fr\/adhesion\/repertoire-des-membres\/"]}]},{"@type":"BreadcrumbList","@id":"https:\/\/aiac.ca\/fr\/adhesion\/repertoire-des-membres\/#breadcrumb","itemListElement":[{"@type":"ListItem","position":1,"name":"Home","item":"https:\/\/aiac.ca\/fr\/"},{"@type":"ListItem","position":2,"name":"Adh\u00e9sion","item":"https:\/\/aiac.ca\/fr\/adhesion\/"},{"@type":"ListItem","position":3,"name":"R\u00e9pertoire des membres"}]},{"@type":"WebSite","@id":"https:\/\/aiac.ca\/#website","url":"https:\/\/aiac.ca\/","name":"AIAC","description":"","publisher":{"@id":"https:\/\/aiac.ca\/#organization"},"potentialAction":[{"@type":"SearchAction","target":{"@type":"EntryPoint","urlTemplate":"https:\/\/aiac.ca\/?s={search_term_string}"},"query-input":{"@type":"PropertyValueSpecification","valueRequired":true,"valueName":"search_term_string"}}],"inLanguage":"fr-FR"},{"@type":"Organization","@id":"https:\/\/aiac.ca\/#organization","name":"AIAC","url":"https:\/\/aiac.ca\/","logo":{"@type":"ImageObject","inLanguage":"fr-FR","@id":"https:\/\/aiac.ca\/#\/schema\/logo\/image\/","url":"https:\/\/aiac.ca\/wp-content\/uploads\/2024\/08\/logo.png","contentUrl":"https:\/\/aiac.ca\/wp-content\/uploads\/2024\/08\/logo.png","width":770,"height":143,"caption":"AIAC"},"image":{"@id":"https:\/\/aiac.ca\/#\/schema\/logo\/image\/"}}]}},"_links":{"self":[{"href":"https:\/\/aiac.ca\/fr\/wp-json\/wp\/v2\/pages\/3821","targetHints":{"allow":["GET"]}}],"collection":[{"href":"https:\/\/aiac.ca\/fr\/wp-json\/wp\/v2\/pages"}],"about":[{"href":"https:\/\/aiac.ca\/fr\/wp-json\/wp\/v2\/types\/page"}],"author":[{"embeddable":true,"href":"https:\/\/aiac.ca\/fr\/wp-json\/wp\/v2\/users\/1"}],"replies":[{"embeddable":true,"href":"https:\/\/aiac.ca\/fr\/wp-json\/wp\/v2\/comments?post=3821"}],"version-history":[{"count":2,"href":"https:\/\/aiac.ca\/fr\/wp-json\/wp\/v2\/pages\/3821\/revisions"}],"predecessor-version":[{"id":4034,"href":"https:\/\/aiac.ca\/fr\/wp-json\/wp\/v2\/pages\/3821\/revisions\/4034"}],"up":[{"embeddable":true,"href":"https:\/\/aiac.ca\/fr\/wp-json\/wp\/v2\/pages\/3828"}],"wp:attachment":[{"href":"https:\/\/aiac.ca\/fr\/wp-json\/wp\/v2\/media?parent=3821"}],"curies":[{"name":"wp","href":"https:\/\/api.w.org\/{rel}","templated":true}]}}