{"id":3805,"date":"2024-03-12T09:53:35","date_gmt":"2024-03-12T13:53:35","guid":{"rendered":"https:\/\/aiac.ca\/environ\/a-propos-de-laiac-pacifique\/"},"modified":"2024-08-30T16:03:23","modified_gmt":"2024-08-30T20:03:23","slug":"a-propos-de-laiac-pacifique","status":"publish","type":"page","link":"https:\/\/aiac.ca\/fr\/environ\/a-propos-de-laiac-pacifique\/","title":{"rendered":"\u00c0 propos de l\u2019AIAC Pacifique"},"content":{"rendered":"<section  class='av_textblock_section av-ltrjin4u-b9601b71eaa1719fc1600395ac890504 '   itemscope=\"itemscope\" itemtype=\"https:\/\/schema.org\/CreativeWork\" ><div class='avia_textblock'  itemprop=\"text\" ><p>L\u2019industrie a\u00e9rospatiale de l\u2019Ouest canadien joue un r\u00f4le important dans les cha\u00eenes d\u2019approvisionnement a\u00e9rospatiales nationales et mondiales. L\u2019un des facteurs cl\u00e9s du succ\u00e8s et de la croissance continus de l\u2019industrie a\u00e9rospatiale dans l\u2019Ouest canadien a \u00e9t\u00e9 la main-d\u2019\u0153uvre hautement qualifi\u00e9e de la r\u00e9gion et ses avantages g\u00e9ographiques, qui sont soutenus par de solides \u00e9tablissements d\u2019enseignement sup\u00e9rieur ax\u00e9s sur les disciplines li\u00e9es \u00e0 l\u2019a\u00e9rospatiale.<\/p>\n<p>L\u2019AIAC Pacifique est une entit\u00e9 de l\u2019AIAC et a \u00e9t\u00e9 cr\u00e9\u00e9e en 2015 pour aider \u00e0 naviguer et \u00e0 r\u00e9pondre aux besoins uniques de l\u2019industrie a\u00e9rospatiale dans l\u2019Ouest canadien.<\/p>\n<p><img loading=\"lazy\" decoding=\"async\" class=\"size-medium wp-image-1970 aligncenter\" src=\"https:\/\/aiac.ca\/wp-content\/uploads\/2024\/03\/AIAC-Pacific-logo-300x98.png\" alt=\"\" width=\"300\" height=\"98\" srcset=\"https:\/\/aiac.ca\/wp-content\/uploads\/2024\/03\/AIAC-Pacific-logo-300x98.png 300w, https:\/\/aiac.ca\/wp-content\/uploads\/2024\/03\/AIAC-Pacific-logo-92x30.png 92w, https:\/\/aiac.ca\/wp-content\/uploads\/2024\/03\/AIAC-Pacific-logo.png 480w\" sizes=\"auto, (max-width: 300px) 100vw, 300px\" \/><\/p>\n<\/div><\/section>\n<div  class='avia-button-wrap av-ltrjjl8f-d2e6e1da04c85632a856eddcaf744ee4-wrap avia-button-center  avia-builder-el-1  el_after_av_textblock  avia-builder-el-last '><a href='https:\/\/aiacpacific.ca\/' class='avia-button av-ltrjjl8f-d2e6e1da04c85632a856eddcaf744ee4 av-link-btn avia-icon_select-yes-right-icon avia-size-small avia-position-center avia-color-theme-color' target=\"_blank\" rel=\"noopener noreferrer\" aria-label=\"En savoir plus sur l\u2019AIAC Pacifique\"><span class='avia_iconbox_title' >En savoir plus sur l\u2019AIAC Pacifique<\/span><span class='avia_button_icon avia_button_icon_right' aria-hidden='true' data-av_icon='\ue832' data-av_iconfont='entypo-fontello'><\/span><\/a><\/div>\n","protected":false},"excerpt":{"rendered":"","protected":false},"author":1,"featured_media":0,"parent":3799,"menu_order":0,"comment_status":"closed","ping_status":"closed","template":"","meta":{"_acf_changed":false,"footnotes":""},"class_list":["post-3805","page","type-page","status-publish","hentry"],"acf":[],"yoast_head":"<!-- This site is optimized with the Yoast SEO plugin v27.4 - https:\/\/yoast.com\/product\/yoast-seo-wordpress\/ -->\n<title>\u00c0 propos de l\u2019AIAC Pacifique - AIAC<\/title>\n<meta name=\"robots\" content=\"index, follow, max-snippet:-1, max-image-preview:large, max-video-preview:-1\" \/>\n<link rel=\"canonical\" href=\"https:\/\/aiac.ca\/fr\/environ\/a-propos-de-laiac-pacifique\/\" \/>\n<meta property=\"og:locale\" content=\"fr_FR\" \/>\n<meta property=\"og:type\" content=\"article\" \/>\n<meta property=\"og:title\" content=\"\u00c0 propos de l\u2019AIAC Pacifique - AIAC\" \/>\n<meta property=\"og:url\" content=\"https:\/\/aiac.ca\/fr\/environ\/a-propos-de-laiac-pacifique\/\" \/>\n<meta property=\"og:site_name\" content=\"AIAC\" \/>\n<meta property=\"article:modified_time\" content=\"2024-08-30T20:03:23+00:00\" \/>\n<meta property=\"og:image\" content=\"https:\/\/aiac.ca\/wp-content\/uploads\/2024\/03\/AIAC-Pacific-logo-300x98.png\" \/>\n<meta name=\"twitter:card\" content=\"summary_large_image\" \/>\n<meta name=\"twitter:label1\" content=\"Dur\u00e9e de lecture estim\u00e9e\" \/>\n\t<meta name=\"twitter:data1\" content=\"1 minute\" \/>\n<script type=\"application\/ld+json\" class=\"yoast-schema-graph\">{\"@context\":\"https:\\\/\\\/schema.org\",\"@graph\":[{\"@type\":\"WebPage\",\"@id\":\"https:\\\/\\\/aiac.ca\\\/fr\\\/environ\\\/a-propos-de-laiac-pacifique\\\/\",\"url\":\"https:\\\/\\\/aiac.ca\\\/fr\\\/environ\\\/a-propos-de-laiac-pacifique\\\/\",\"name\":\"\u00c0 propos de l\u2019AIAC Pacifique - AIAC\",\"isPartOf\":{\"@id\":\"https:\\\/\\\/aiac.ca\\\/#website\"},\"primaryImageOfPage\":{\"@id\":\"https:\\\/\\\/aiac.ca\\\/fr\\\/environ\\\/a-propos-de-laiac-pacifique\\\/#primaryimage\"},\"image\":{\"@id\":\"https:\\\/\\\/aiac.ca\\\/fr\\\/environ\\\/a-propos-de-laiac-pacifique\\\/#primaryimage\"},\"thumbnailUrl\":\"https:\\\/\\\/aiac.ca\\\/wp-content\\\/uploads\\\/2024\\\/03\\\/AIAC-Pacific-logo-300x98.png\",\"datePublished\":\"2024-03-12T13:53:35+00:00\",\"dateModified\":\"2024-08-30T20:03:23+00:00\",\"breadcrumb\":{\"@id\":\"https:\\\/\\\/aiac.ca\\\/fr\\\/environ\\\/a-propos-de-laiac-pacifique\\\/#breadcrumb\"},\"inLanguage\":\"fr-FR\",\"potentialAction\":[{\"@type\":\"ReadAction\",\"target\":[\"https:\\\/\\\/aiac.ca\\\/fr\\\/environ\\\/a-propos-de-laiac-pacifique\\\/\"]}]},{\"@type\":\"ImageObject\",\"inLanguage\":\"fr-FR\",\"@id\":\"https:\\\/\\\/aiac.ca\\\/fr\\\/environ\\\/a-propos-de-laiac-pacifique\\\/#primaryimage\",\"url\":\"https:\\\/\\\/aiac.ca\\\/wp-content\\\/uploads\\\/2024\\\/03\\\/AIAC-Pacific-logo-300x98.png\",\"contentUrl\":\"https:\\\/\\\/aiac.ca\\\/wp-content\\\/uploads\\\/2024\\\/03\\\/AIAC-Pacific-logo-300x98.png\"},{\"@type\":\"BreadcrumbList\",\"@id\":\"https:\\\/\\\/aiac.ca\\\/fr\\\/environ\\\/a-propos-de-laiac-pacifique\\\/#breadcrumb\",\"itemListElement\":[{\"@type\":\"ListItem\",\"position\":1,\"name\":\"Home\",\"item\":\"https:\\\/\\\/aiac.ca\\\/fr\\\/\"},{\"@type\":\"ListItem\",\"position\":2,\"name\":\"\u00c0 propos\",\"item\":\"https:\\\/\\\/aiac.ca\\\/fr\\\/environ\\\/\"},{\"@type\":\"ListItem\",\"position\":3,\"name\":\"\u00c0 propos de l\u2019AIAC Pacifique\"}]},{\"@type\":\"WebSite\",\"@id\":\"https:\\\/\\\/aiac.ca\\\/#website\",\"url\":\"https:\\\/\\\/aiac.ca\\\/\",\"name\":\"AIAC\",\"description\":\"\",\"publisher\":{\"@id\":\"https:\\\/\\\/aiac.ca\\\/#organization\"},\"potentialAction\":[{\"@type\":\"SearchAction\",\"target\":{\"@type\":\"EntryPoint\",\"urlTemplate\":\"https:\\\/\\\/aiac.ca\\\/?s={search_term_string}\"},\"query-input\":{\"@type\":\"PropertyValueSpecification\",\"valueRequired\":true,\"valueName\":\"search_term_string\"}}],\"inLanguage\":\"fr-FR\"},{\"@type\":\"Organization\",\"@id\":\"https:\\\/\\\/aiac.ca\\\/#organization\",\"name\":\"AIAC\",\"url\":\"https:\\\/\\\/aiac.ca\\\/\",\"logo\":{\"@type\":\"ImageObject\",\"inLanguage\":\"fr-FR\",\"@id\":\"https:\\\/\\\/aiac.ca\\\/#\\\/schema\\\/logo\\\/image\\\/\",\"url\":\"https:\\\/\\\/aiac.ca\\\/wp-content\\\/uploads\\\/2024\\\/08\\\/logo.png\",\"contentUrl\":\"https:\\\/\\\/aiac.ca\\\/wp-content\\\/uploads\\\/2024\\\/08\\\/logo.png\",\"width\":770,\"height\":143,\"caption\":\"AIAC\"},\"image\":{\"@id\":\"https:\\\/\\\/aiac.ca\\\/#\\\/schema\\\/logo\\\/image\\\/\"}}]}<\/script>\n<!-- \/ Yoast SEO plugin. -->","yoast_head_json":{"title":"\u00c0 propos de l\u2019AIAC Pacifique - AIAC","robots":{"index":"index","follow":"follow","max-snippet":"max-snippet:-1","max-image-preview":"max-image-preview:large","max-video-preview":"max-video-preview:-1"},"canonical":"https:\/\/aiac.ca\/fr\/environ\/a-propos-de-laiac-pacifique\/","og_locale":"fr_FR","og_type":"article","og_title":"\u00c0 propos de l\u2019AIAC Pacifique - AIAC","og_url":"https:\/\/aiac.ca\/fr\/environ\/a-propos-de-laiac-pacifique\/","og_site_name":"AIAC","article_modified_time":"2024-08-30T20:03:23+00:00","og_image":[{"url":"https:\/\/aiac.ca\/wp-content\/uploads\/2024\/03\/AIAC-Pacific-logo-300x98.png","type":"","width":"","height":""}],"twitter_card":"summary_large_image","twitter_misc":{"Dur\u00e9e de lecture estim\u00e9e":"1 minute"},"schema":{"@context":"https:\/\/schema.org","@graph":[{"@type":"WebPage","@id":"https:\/\/aiac.ca\/fr\/environ\/a-propos-de-laiac-pacifique\/","url":"https:\/\/aiac.ca\/fr\/environ\/a-propos-de-laiac-pacifique\/","name":"\u00c0 propos de l\u2019AIAC Pacifique - AIAC","isPartOf":{"@id":"https:\/\/aiac.ca\/#website"},"primaryImageOfPage":{"@id":"https:\/\/aiac.ca\/fr\/environ\/a-propos-de-laiac-pacifique\/#primaryimage"},"image":{"@id":"https:\/\/aiac.ca\/fr\/environ\/a-propos-de-laiac-pacifique\/#primaryimage"},"thumbnailUrl":"https:\/\/aiac.ca\/wp-content\/uploads\/2024\/03\/AIAC-Pacific-logo-300x98.png","datePublished":"2024-03-12T13:53:35+00:00","dateModified":"2024-08-30T20:03:23+00:00","breadcrumb":{"@id":"https:\/\/aiac.ca\/fr\/environ\/a-propos-de-laiac-pacifique\/#breadcrumb"},"inLanguage":"fr-FR","potentialAction":[{"@type":"ReadAction","target":["https:\/\/aiac.ca\/fr\/environ\/a-propos-de-laiac-pacifique\/"]}]},{"@type":"ImageObject","inLanguage":"fr-FR","@id":"https:\/\/aiac.ca\/fr\/environ\/a-propos-de-laiac-pacifique\/#primaryimage","url":"https:\/\/aiac.ca\/wp-content\/uploads\/2024\/03\/AIAC-Pacific-logo-300x98.png","contentUrl":"https:\/\/aiac.ca\/wp-content\/uploads\/2024\/03\/AIAC-Pacific-logo-300x98.png"},{"@type":"BreadcrumbList","@id":"https:\/\/aiac.ca\/fr\/environ\/a-propos-de-laiac-pacifique\/#breadcrumb","itemListElement":[{"@type":"ListItem","position":1,"name":"Home","item":"https:\/\/aiac.ca\/fr\/"},{"@type":"ListItem","position":2,"name":"\u00c0 propos","item":"https:\/\/aiac.ca\/fr\/environ\/"},{"@type":"ListItem","position":3,"name":"\u00c0 propos de l\u2019AIAC Pacifique"}]},{"@type":"WebSite","@id":"https:\/\/aiac.ca\/#website","url":"https:\/\/aiac.ca\/","name":"AIAC","description":"","publisher":{"@id":"https:\/\/aiac.ca\/#organization"},"potentialAction":[{"@type":"SearchAction","target":{"@type":"EntryPoint","urlTemplate":"https:\/\/aiac.ca\/?s={search_term_string}"},"query-input":{"@type":"PropertyValueSpecification","valueRequired":true,"valueName":"search_term_string"}}],"inLanguage":"fr-FR"},{"@type":"Organization","@id":"https:\/\/aiac.ca\/#organization","name":"AIAC","url":"https:\/\/aiac.ca\/","logo":{"@type":"ImageObject","inLanguage":"fr-FR","@id":"https:\/\/aiac.ca\/#\/schema\/logo\/image\/","url":"https:\/\/aiac.ca\/wp-content\/uploads\/2024\/08\/logo.png","contentUrl":"https:\/\/aiac.ca\/wp-content\/uploads\/2024\/08\/logo.png","width":770,"height":143,"caption":"AIAC"},"image":{"@id":"https:\/\/aiac.ca\/#\/schema\/logo\/image\/"}}]}},"_links":{"self":[{"href":"https:\/\/aiac.ca\/fr\/wp-json\/wp\/v2\/pages\/3805","targetHints":{"allow":["GET"]}}],"collection":[{"href":"https:\/\/aiac.ca\/fr\/wp-json\/wp\/v2\/pages"}],"about":[{"href":"https:\/\/aiac.ca\/fr\/wp-json\/wp\/v2\/types\/page"}],"author":[{"embeddable":true,"href":"https:\/\/aiac.ca\/fr\/wp-json\/wp\/v2\/users\/1"}],"replies":[{"embeddable":true,"href":"https:\/\/aiac.ca\/fr\/wp-json\/wp\/v2\/comments?post=3805"}],"version-history":[{"count":4,"href":"https:\/\/aiac.ca\/fr\/wp-json\/wp\/v2\/pages\/3805\/revisions"}],"predecessor-version":[{"id":4615,"href":"https:\/\/aiac.ca\/fr\/wp-json\/wp\/v2\/pages\/3805\/revisions\/4615"}],"up":[{"embeddable":true,"href":"https:\/\/aiac.ca\/fr\/wp-json\/wp\/v2\/pages\/3799"}],"wp:attachment":[{"href":"https:\/\/aiac.ca\/fr\/wp-json\/wp\/v2\/media?parent=3805"}],"curies":[{"name":"wp","href":"https:\/\/api.w.org\/{rel}","templated":true}]}}