{"id":3799,"date":"2024-01-08T11:14:07","date_gmt":"2024-01-08T16:14:07","guid":{"rendered":"https:\/\/aiac.ca\/environ\/"},"modified":"2024-08-12T11:02:11","modified_gmt":"2024-08-12T15:02:11","slug":"environ","status":"publish","type":"page","link":"https:\/\/aiac.ca\/fr\/environ\/","title":{"rendered":"\u00c0 propos"},"content":{"rendered":"<div  class='flex_column av-yer5-a18fc9395c2b589b54576184362c69f0 av_one_full  avia-builder-el-0  el_before_av_buttonrow  avia-builder-el-first  first flex_column_div  '     ><section  class='av_textblock_section av-ltrllgb5-9fcbd990bbe9bd51b18c222fe775cf80 '   itemscope=\"itemscope\" itemtype=\"https:\/\/schema.org\/CreativeWork\" ><div class='avia_textblock'  itemprop=\"text\" ><h3>L\u2019AIAC est la <em>voix de l\u2019industrie a\u00e9rospatiale canadienne<\/em><\/h3>\n<p>L\u2019Association des industries a\u00e9rospatiales du Canada (AIAC) est un organisme \u00e0 but non lucratif dirig\u00e9 par ses membres, qui repr\u00e9sente un large \u00e9ventail d\u2019entreprises et de capacit\u00e9s a\u00e9rospatiales, des fabricants d\u2019\u00e9quipement d\u2019origine et de pi\u00e8ces (FEO) aux petites et moyennes entreprises (PME) offrant des <a href=\"https:\/\/aiac.ca\/about\/products-and-services\/\">produits et des services<\/a> sp\u00e9cialis\u00e9s, dans toutes les r\u00e9gions du pays.<\/p>\n<p>En tant que porte-parole de l\u2019a\u00e9rospatiale au Canada, l\u2019AIAC est la plaque tournante nationale de la d\u00e9fense des int\u00e9r\u00eats et du savoir, qui s\u2019engage \u00e0 susciter des changements positifs et \u00e0 aider l\u2019industrie a\u00e9rospatiale canadienne \u00e0 s\u2019adapter, \u00e0 cro\u00eetre, \u00e0 innover et \u00e0 prendre de l\u2019expansion, tant au pays qu\u2019\u00e0 l\u2019\u00e9tranger.<\/p>\n<\/div><\/section><\/div><div  class='avia-buttonrow-wrap av-ltrlno65-6f46b733aed99f912883de5c10330bc3 avia-buttonrow-left  avia-builder-el-2  el_after_av_one_full  avia-builder-el-last '>\n\n<style type=\"text\/css\" data-created_by=\"avia_inline_auto\" id=\"style-css-av-ltrlm2p4-75e819cacb32f282a508df3f0bad2dce\">\n#top #wrap_all .avia-button.av-ltrlm2p4-75e819cacb32f282a508df3f0bad2dce{\nmargin-bottom:7px;\nmargin-right:7px;\n}\n<\/style>\n<a href=''  class='avia-button av-ltrlm2p4-75e819cacb32f282a508df3f0bad2dce avia-icon_select-yes-left-icon avia-size-small avia-color-theme-color'   aria-label=\"En savoir plus sur l\u2019AIAC\"><span class='avia_button_icon avia_button_icon_left ' aria-hidden='true' data-av_icon='' data-av_iconfont='entypo-fontello'><\/span><span class='avia_iconbox_title' >En savoir plus sur l\u2019AIAC<\/span><\/a>\n\n<style type=\"text\/css\" data-created_by=\"avia_inline_auto\" id=\"style-css-av-ltrlmkd1-52554a2eb322c4aa8e2bf62f650cdebe\">\n#top #wrap_all .avia-button.av-ltrlmkd1-52554a2eb322c4aa8e2bf62f650cdebe{\nmargin-bottom:7px;\nmargin-right:7px;\n}\n<\/style>\n<a href=''  class='avia-button av-ltrlmkd1-52554a2eb322c4aa8e2bf62f650cdebe avia-icon_select-yes-left-icon avia-size-small avia-color-theme-color'   aria-label=\"En savoir plus sur l\u2019industrie a\u00e9rospatiale canadienne\"><span class='avia_button_icon avia_button_icon_left ' aria-hidden='true' data-av_icon='' data-av_iconfont='entypo-fontello'><\/span><span class='avia_iconbox_title' >En savoir plus sur l\u2019industrie a\u00e9rospatiale canadienne<\/span><\/a>\n\n<style type=\"text\/css\" data-created_by=\"avia_inline_auto\" id=\"style-css-av-ltrlmv1k-3-252a4051fca9a7e0145913082e319565\">\n#top #wrap_all .avia-button.av-ltrlmv1k-3-252a4051fca9a7e0145913082e319565{\nmargin-bottom:7px;\nmargin-right:7px;\n}\n<\/style>\n<a href=''  class='avia-button av-ltrlmv1k-3-252a4051fca9a7e0145913082e319565 avia-icon_select-yes-left-icon avia-size-small avia-color-theme-color'   aria-label=\"En savoir plus sur les membres de l\u2019AIAC\"><span class='avia_button_icon avia_button_icon_left ' aria-hidden='true' data-av_icon='' data-av_iconfont='entypo-fontello'><\/span><span class='avia_iconbox_title' >En savoir plus sur les membres de l\u2019AIAC<\/span><\/a>\n\n<style type=\"text\/css\" data-created_by=\"avia_inline_auto\" id=\"style-css-av-ltrlmv1k-2-62c130ba462dd7f4e2717dbc46746e75\">\n#top #wrap_all .avia-button.av-ltrlmv1k-2-62c130ba462dd7f4e2717dbc46746e75{\nmargin-bottom:7px;\nmargin-right:7px;\n}\n<\/style>\n<a href=''  class='avia-button av-ltrlmv1k-2-62c130ba462dd7f4e2717dbc46746e75 avia-icon_select-yes-left-icon avia-size-small avia-color-theme-color'   aria-label=\"En savoir plus sur les comit\u00e9s de l\u2019AIAC \"><span class='avia_button_icon avia_button_icon_left ' aria-hidden='true' data-av_icon='' data-av_iconfont='entypo-fontello'><\/span><span class='avia_iconbox_title' >En savoir plus sur les comit\u00e9s de l\u2019AIAC <\/span><\/a>\n\n<style type=\"text\/css\" data-created_by=\"avia_inline_auto\" id=\"style-css-av-ltrlmv1k-1-1c29c5c0f84b0677f671aaeb16f6dc3c\">\n#top #wrap_all .avia-button.av-ltrlmv1k-1-1c29c5c0f84b0677f671aaeb16f6dc3c{\nmargin-bottom:7px;\nmargin-right:7px;\n}\n<\/style>\n<a href=''  class='avia-button av-ltrlmv1k-1-1c29c5c0f84b0677f671aaeb16f6dc3c avia-icon_select-yes-left-icon avia-size-small avia-color-theme-color'   aria-label=\"En savoir plus sur les \u00e9v\u00e9nements de l\u2019AIAC\"><span class='avia_button_icon avia_button_icon_left ' aria-hidden='true' data-av_icon='' data-av_iconfont='entypo-fontello'><\/span><span class='avia_iconbox_title' >En savoir plus sur les \u00e9v\u00e9nements de l\u2019AIAC<\/span><\/a>\n<\/div><\/p>\n","protected":false},"excerpt":{"rendered":"","protected":false},"author":1,"featured_media":0,"parent":0,"menu_order":0,"comment_status":"closed","ping_status":"closed","template":"","meta":{"_acf_changed":false,"footnotes":""},"class_list":["post-3799","page","type-page","status-publish","hentry"],"acf":[],"yoast_head":"<!-- This site is optimized with the Yoast SEO plugin v27.2 - https:\/\/yoast.com\/product\/yoast-seo-wordpress\/ -->\n<title>\u00c0 propos - AIAC<\/title>\n<meta name=\"robots\" content=\"index, follow, max-snippet:-1, max-image-preview:large, max-video-preview:-1\" \/>\n<link rel=\"canonical\" href=\"https:\/\/aiac.ca\/fr\/environ\/\" \/>\n<meta property=\"og:locale\" content=\"fr_FR\" \/>\n<meta property=\"og:type\" content=\"article\" \/>\n<meta property=\"og:title\" content=\"\u00c0 propos - AIAC\" \/>\n<meta property=\"og:url\" content=\"https:\/\/aiac.ca\/fr\/environ\/\" \/>\n<meta property=\"og:site_name\" content=\"AIAC\" \/>\n<meta property=\"article:modified_time\" content=\"2024-08-12T15:02:11+00:00\" \/>\n<meta name=\"twitter:card\" content=\"summary_large_image\" \/>\n<meta name=\"twitter:label1\" content=\"Dur\u00e9e de lecture estim\u00e9e\" \/>\n\t<meta name=\"twitter:data1\" content=\"9 minutes\" \/>\n<script type=\"application\/ld+json\" class=\"yoast-schema-graph\">{\"@context\":\"https:\/\/schema.org\",\"@graph\":[{\"@type\":\"WebPage\",\"@id\":\"https:\/\/aiac.ca\/fr\/environ\/\",\"url\":\"https:\/\/aiac.ca\/fr\/environ\/\",\"name\":\"\u00c0 propos - AIAC\",\"isPartOf\":{\"@id\":\"https:\/\/aiac.ca\/#website\"},\"datePublished\":\"2024-01-08T16:14:07+00:00\",\"dateModified\":\"2024-08-12T15:02:11+00:00\",\"breadcrumb\":{\"@id\":\"https:\/\/aiac.ca\/fr\/environ\/#breadcrumb\"},\"inLanguage\":\"fr-FR\",\"potentialAction\":[{\"@type\":\"ReadAction\",\"target\":[\"https:\/\/aiac.ca\/fr\/environ\/\"]}]},{\"@type\":\"BreadcrumbList\",\"@id\":\"https:\/\/aiac.ca\/fr\/environ\/#breadcrumb\",\"itemListElement\":[{\"@type\":\"ListItem\",\"position\":1,\"name\":\"Home\",\"item\":\"https:\/\/aiac.ca\/fr\/\"},{\"@type\":\"ListItem\",\"position\":2,\"name\":\"\u00c0 propos\"}]},{\"@type\":\"WebSite\",\"@id\":\"https:\/\/aiac.ca\/#website\",\"url\":\"https:\/\/aiac.ca\/\",\"name\":\"AIAC\",\"description\":\"\",\"publisher\":{\"@id\":\"https:\/\/aiac.ca\/#organization\"},\"potentialAction\":[{\"@type\":\"SearchAction\",\"target\":{\"@type\":\"EntryPoint\",\"urlTemplate\":\"https:\/\/aiac.ca\/?s={search_term_string}\"},\"query-input\":{\"@type\":\"PropertyValueSpecification\",\"valueRequired\":true,\"valueName\":\"search_term_string\"}}],\"inLanguage\":\"fr-FR\"},{\"@type\":\"Organization\",\"@id\":\"https:\/\/aiac.ca\/#organization\",\"name\":\"AIAC\",\"url\":\"https:\/\/aiac.ca\/\",\"logo\":{\"@type\":\"ImageObject\",\"inLanguage\":\"fr-FR\",\"@id\":\"https:\/\/aiac.ca\/#\/schema\/logo\/image\/\",\"url\":\"https:\/\/aiac.ca\/wp-content\/uploads\/2024\/08\/logo.png\",\"contentUrl\":\"https:\/\/aiac.ca\/wp-content\/uploads\/2024\/08\/logo.png\",\"width\":770,\"height\":143,\"caption\":\"AIAC\"},\"image\":{\"@id\":\"https:\/\/aiac.ca\/#\/schema\/logo\/image\/\"}}]}<\/script>\n<!-- \/ Yoast SEO plugin. -->","yoast_head_json":{"title":"\u00c0 propos - AIAC","robots":{"index":"index","follow":"follow","max-snippet":"max-snippet:-1","max-image-preview":"max-image-preview:large","max-video-preview":"max-video-preview:-1"},"canonical":"https:\/\/aiac.ca\/fr\/environ\/","og_locale":"fr_FR","og_type":"article","og_title":"\u00c0 propos - AIAC","og_url":"https:\/\/aiac.ca\/fr\/environ\/","og_site_name":"AIAC","article_modified_time":"2024-08-12T15:02:11+00:00","twitter_card":"summary_large_image","twitter_misc":{"Dur\u00e9e de lecture estim\u00e9e":"9 minutes"},"schema":{"@context":"https:\/\/schema.org","@graph":[{"@type":"WebPage","@id":"https:\/\/aiac.ca\/fr\/environ\/","url":"https:\/\/aiac.ca\/fr\/environ\/","name":"\u00c0 propos - AIAC","isPartOf":{"@id":"https:\/\/aiac.ca\/#website"},"datePublished":"2024-01-08T16:14:07+00:00","dateModified":"2024-08-12T15:02:11+00:00","breadcrumb":{"@id":"https:\/\/aiac.ca\/fr\/environ\/#breadcrumb"},"inLanguage":"fr-FR","potentialAction":[{"@type":"ReadAction","target":["https:\/\/aiac.ca\/fr\/environ\/"]}]},{"@type":"BreadcrumbList","@id":"https:\/\/aiac.ca\/fr\/environ\/#breadcrumb","itemListElement":[{"@type":"ListItem","position":1,"name":"Home","item":"https:\/\/aiac.ca\/fr\/"},{"@type":"ListItem","position":2,"name":"\u00c0 propos"}]},{"@type":"WebSite","@id":"https:\/\/aiac.ca\/#website","url":"https:\/\/aiac.ca\/","name":"AIAC","description":"","publisher":{"@id":"https:\/\/aiac.ca\/#organization"},"potentialAction":[{"@type":"SearchAction","target":{"@type":"EntryPoint","urlTemplate":"https:\/\/aiac.ca\/?s={search_term_string}"},"query-input":{"@type":"PropertyValueSpecification","valueRequired":true,"valueName":"search_term_string"}}],"inLanguage":"fr-FR"},{"@type":"Organization","@id":"https:\/\/aiac.ca\/#organization","name":"AIAC","url":"https:\/\/aiac.ca\/","logo":{"@type":"ImageObject","inLanguage":"fr-FR","@id":"https:\/\/aiac.ca\/#\/schema\/logo\/image\/","url":"https:\/\/aiac.ca\/wp-content\/uploads\/2024\/08\/logo.png","contentUrl":"https:\/\/aiac.ca\/wp-content\/uploads\/2024\/08\/logo.png","width":770,"height":143,"caption":"AIAC"},"image":{"@id":"https:\/\/aiac.ca\/#\/schema\/logo\/image\/"}}]}},"_links":{"self":[{"href":"https:\/\/aiac.ca\/fr\/wp-json\/wp\/v2\/pages\/3799","targetHints":{"allow":["GET"]}}],"collection":[{"href":"https:\/\/aiac.ca\/fr\/wp-json\/wp\/v2\/pages"}],"about":[{"href":"https:\/\/aiac.ca\/fr\/wp-json\/wp\/v2\/types\/page"}],"author":[{"embeddable":true,"href":"https:\/\/aiac.ca\/fr\/wp-json\/wp\/v2\/users\/1"}],"replies":[{"embeddable":true,"href":"https:\/\/aiac.ca\/fr\/wp-json\/wp\/v2\/comments?post=3799"}],"version-history":[{"count":4,"href":"https:\/\/aiac.ca\/fr\/wp-json\/wp\/v2\/pages\/3799\/revisions"}],"predecessor-version":[{"id":3975,"href":"https:\/\/aiac.ca\/fr\/wp-json\/wp\/v2\/pages\/3799\/revisions\/3975"}],"wp:attachment":[{"href":"https:\/\/aiac.ca\/fr\/wp-json\/wp\/v2\/media?parent=3799"}],"curies":[{"name":"wp","href":"https:\/\/api.w.org\/{rel}","templated":true}]}}