{"id":3784,"date":"2024-01-08T16:04:52","date_gmt":"2024-01-08T21:04:52","guid":{"rendered":"https:\/\/aiac.ca\/pied-de-page\/"},"modified":"2024-07-10T18:05:15","modified_gmt":"2024-07-10T22:05:15","slug":"pied-de-page","status":"publish","type":"page","link":"https:\/\/aiac.ca\/fr\/pied-de-page\/","title":{"rendered":"Pied de page"},"content":{"rendered":"\n<style type=\"text\/css\" data-created_by=\"avia_inline_auto\" id=\"style-css-av-lr7xgs6c-58bf3eb767e1fbd3a3923de746fe2fd7\">\n.avia-section.av-lr7xgs6c-58bf3eb767e1fbd3a3923de746fe2fd7{\nbackground-color:#fafafa;\nbackground-image:unset;\n}\n<\/style>\n<div id='footer-color-section'  class='avia-section av-lr7xgs6c-58bf3eb767e1fbd3a3923de746fe2fd7 main_color avia-section-default avia-no-border-styling  avia-builder-el-0  avia-builder-el-no-sibling  avia-bg-style-scroll container_wrap sidebar_right'  ><div class='container av-section-cont-open' ><main  role=\"main\" itemprop=\"mainContentOfPage\"  class='template-page content  av-content-small alpha units'><div class='post-entry post-entry-type-page post-entry-3784'><div class='entry-content-wrapper clearfix'>\n\n<style type=\"text\/css\" data-created_by=\"avia_inline_auto\" id=\"style-css-av-3k7tv-1cea077967fe02e0aa0a0b1b80c781dd\">\n.flex_column.av-3k7tv-1cea077967fe02e0aa0a0b1b80c781dd{\nwidth:17.6%;\n}\n<\/style>\n<div  id=\"footer-main-text\"  class='flex_column av-3k7tv-1cea077967fe02e0aa0a0b1b80c781dd av_one_fifth  avia-builder-el-1  el_before_av_one_fifth  avia-builder-el-first  first flex_column_div  '     ><p><section  class='av_textblock_section av-lr5elpi1-b83e32f3a96a09aa3e49535846c07c30 '   itemscope=\"itemscope\" itemtype=\"https:\/\/schema.org\/CreativeWork\" ><div class='avia_textblock'  itemprop=\"text\" ><p><img loading=\"lazy\" decoding=\"async\" class=\"alignnone size-full wp-image-117\" src=\"https:\/\/aiac.ca\/wp-content\/uploads\/2024\/01\/AIAC-Logo.png\" alt=\"\" width=\"400\" height=\"53\" srcset=\"https:\/\/aiac.ca\/wp-content\/uploads\/2024\/01\/AIAC-Logo.png 400w, https:\/\/aiac.ca\/wp-content\/uploads\/2024\/01\/AIAC-Logo-300x40.png 300w\" sizes=\"auto, (max-width: 400px) 100vw, 400px\" \/><\/p>\n<\/div><\/section><br \/>\n\n<style type=\"text\/css\" data-created_by=\"avia_inline_auto\" id=\"style-css-av-lr5em7kr-d6f225d60ffd75f2cf564a9b22231733\">\n#top .av_textblock_section.av-lr5em7kr-d6f225d60ffd75f2cf564a9b22231733 .avia_textblock{\nfont-size:16px;\ncolor:#122965;\n}\n<\/style>\n<section  class='av_textblock_section av-lr5em7kr-d6f225d60ffd75f2cf564a9b22231733 '   itemscope=\"itemscope\" itemtype=\"https:\/\/schema.org\/CreativeWork\" ><div class='avia_textblock av_inherit_color'  itemprop=\"text\" ><p>L\u2019AIAC est une association nationale \u00e0 but non lucratif qui se consacre \u00e0 la promotion de l\u2019industrie a\u00e9rospatiale canadienne, tant au pays qu\u2019\u00e0 l\u2019\u00e9tranger. En tant que porte-parole de l\u2019industrie a\u00e9rospatiale canadienne depuis plus de 60 ans, l\u2019AIAC est la plaque tournante de la d\u00e9fense des int\u00e9r\u00eats et du savoir, d\u00e9termin\u00e9e \u00e0 susciter des changements positifs et \u00e0 aider l\u2019industrie \u00e0 s\u2019adapter, \u00e0 cro\u00eetre, \u00e0 innover et \u00e0 prendre de l\u2019expansion, maintenant et pour l\u2019avenir.<\/p>\n<\/div><\/section><\/p><\/div>\n<style type=\"text\/css\" data-created_by=\"avia_inline_auto\" id=\"style-css-av-tftmz-fb7f301192b5ebf219d018f70e7811d3\">\n.flex_column.av-tftmz-fb7f301192b5ebf219d018f70e7811d3{\nwidth:17.6%;\nmargin-left:3%;\n}\n<\/style>\n<div  class='flex_column av-tftmz-fb7f301192b5ebf219d018f70e7811d3 av_one_fifth  avia-builder-el-4  el_after_av_one_fifth  el_before_av_one_fifth  footer-one-fifth contact-fifth flex_column_div  '     ><section  class='av_textblock_section av-arua3-8431bec666b0e3d14bf118db557f94dc '   itemscope=\"itemscope\" itemtype=\"https:\/\/schema.org\/CreativeWork\" ><div class='avia_textblock'  itemprop=\"text\" ><h4>Contacter l\u2019AIAC<\/h4>\n<\/div><\/section><br \/>\n\n<style type=\"text\/css\" data-created_by=\"avia_inline_auto\" id=\"style-css-av-lr5evhew-543a016d64d76d49924f47224e4756d2\">\n#top .avia-icon-list-container.av-lr5evhew-543a016d64d76d49924f47224e4756d2 .iconlist_icon{\ncolor:#19388a;\nbackground-color:#fafafa;\nborder:1px solid #fafafa;\n}\n.avia-icon-list-container.av-lr5evhew-543a016d64d76d49924f47224e4756d2 .iconlist_content{\nfont-size:14px;\ncolor:#19388a;\n}\n<\/style>\n<div  id=\"footer-icon-list\"  class='avia-icon-list-container av-lr5evhew-543a016d64d76d49924f47224e4756d2  avia-builder-el-6  el_after_av_textblock  el_before_av_hr '><ul class='avia-icon-list avia_animate_when_almost_visible avia-icon-list-left av-iconlist-big av-lr5evhew-543a016d64d76d49924f47224e4756d2'>\n<li><div class='iconlist_icon av-lr5es1sd-e4fe0da4a8660f17512ad8c4d3e442ba avia-font-entypo-fontello'><span class='iconlist-char' aria-hidden='true' data-av_icon='\ue842' data-av_iconfont='entypo-fontello'><\/span><\/div><article class=\"article-icon-entry \"  itemscope=\"itemscope\" itemtype=\"https:\/\/schema.org\/CreativeWork\" ><div class=\"iconlist_content_wrap\"><header class=\"entry-content-header\" aria-label=\"Icon: \"><\/header><div class='iconlist_content av_inherit_color'  itemprop=\"text\" ><p>Aerospace Industries<br \/>\nAssociation of Canada<br \/>\n255 Albert Street, Suite 703<br \/>\nOttawa (Ontario)<br \/>\nK1P 6A9<\/p>\n<\/div><\/div><footer class=\"entry-footer\"><\/footer><\/article><div class=\"iconlist-timeline\"><\/div><\/li>\n<li><div class='iconlist_icon av-lr5esltt-2b1cc9d30ce0f9c74e0748d10eb514e4 avia-font-entypo-fontello'><span class='iconlist-char' aria-hidden='true' data-av_icon='\ue854' data-av_iconfont='entypo-fontello'><\/span><\/div><article class=\"article-icon-entry \"  itemscope=\"itemscope\" itemtype=\"https:\/\/schema.org\/CreativeWork\" ><div class=\"iconlist_content_wrap\"><header class=\"entry-content-header\" aria-label=\"Icon: \"><\/header><div class='iconlist_content av_inherit_color'  itemprop=\"text\" ><p><a href=\"tel:613-232-4297\">(613) 232-4297<\/a><\/p>\n<\/div><\/div><footer class=\"entry-footer\"><\/footer><\/article><div class=\"iconlist-timeline\"><\/div><\/li>\n<li><div class='iconlist_icon av-lr5eto5w-c9f43469d54e458c7fb07be348742cd2 avia-font-entypo-fontello'><span class='iconlist-char' aria-hidden='true' data-av_icon='\ue805' data-av_iconfont='entypo-fontello'><\/span><\/div><article class=\"article-icon-entry \"  itemscope=\"itemscope\" itemtype=\"https:\/\/schema.org\/CreativeWork\" ><div class=\"iconlist_content_wrap\"><header class=\"entry-content-header\" aria-label=\"Icon: \"><\/header><div class='iconlist_content av_inherit_color'  itemprop=\"text\" ><p><a href=\"mailto:test@test.com\">Envoyez-nous un e-mail<\/a><\/p>\n<\/div><\/div><footer class=\"entry-footer\"><\/footer><\/article><div class=\"iconlist-timeline\"><\/div><\/li>\n<\/ul><\/div><br \/>\n\n<style type=\"text\/css\" data-created_by=\"avia_inline_auto\" id=\"style-css-av-gd9tn-bbbe80d2a4ce0f3bb615d3207168120c\">\n#top .hr.hr-invisible.av-gd9tn-bbbe80d2a4ce0f3bb615d3207168120c{\nheight:30px;\n}\n<\/style>\n<div  class='hr av-gd9tn-bbbe80d2a4ce0f3bb615d3207168120c hr-invisible  avia-builder-el-7  el_after_av_iconlist  el_before_av_textblock  av-small-hide av-mini-hide'><span class='hr-inner '><span class=\"hr-inner-style\"><\/span><\/span><\/div><br \/>\n<section  class='av_textblock_section av-lr5eq1dj-46cc5d65453447252c09aa30c5be51aa '   itemscope=\"itemscope\" itemtype=\"https:\/\/schema.org\/CreativeWork\" ><div class='avia_textblock'  itemprop=\"text\" ><h4>Suivez-nous sur les r\u00e9seaux sociaux<\/h4>\n<\/div><\/section><br \/>\n<section  class='av_textblock_section av-lr5f61wq-3c93cea0811dfc5b1b7d6a06a4f9abd1 '   itemscope=\"itemscope\" itemtype=\"https:\/\/schema.org\/CreativeWork\" ><div class='avia_textblock'  itemprop=\"text\" ><p><a href=\"https:\/\/twitter.com\/AIAC_News\" target=\"_blank\" rel=\"noopener\"><img loading=\"lazy\" decoding=\"async\" class=\"alignnone size-full wp-image-123\" src=\"https:\/\/aiac.ca\/wp-content\/uploads\/2024\/01\/icon-x.png\" alt=\"\" width=\"48\" height=\"48\" srcset=\"https:\/\/aiac.ca\/wp-content\/uploads\/2024\/01\/icon-x.png 48w, https:\/\/aiac.ca\/wp-content\/uploads\/2024\/01\/icon-x-36x36.png 36w\" sizes=\"auto, (max-width: 48px) 100vw, 48px\" \/><\/a><\/p>\n<\/div><\/section><\/p><\/div>\n<style type=\"text\/css\" data-created_by=\"avia_inline_auto\" id=\"style-css-av-v1h97-e930e73e46531638026386c677b70d25\">\n.flex_column.av-v1h97-e930e73e46531638026386c677b70d25{\nwidth:17.6%;\nmargin-left:3%;\n}\n<\/style>\n<div  class='flex_column av-v1h97-e930e73e46531638026386c677b70d25 av_one_fifth  avia-builder-el-10  el_after_av_one_fifth  el_before_av_one_fifth  footer-one-fifth flex_column_div  '     ><section  class='av_textblock_section av-sgsu3-bcc24fc9e6c5b121f2e4d6eba47e1eb6 '   itemscope=\"itemscope\" itemtype=\"https:\/\/schema.org\/CreativeWork\" ><div class='avia_textblock'  itemprop=\"text\" ><h4>\u00c0 propos de l\u2019AIAC<\/h4>\n<\/div><\/section><br \/>\n\n<style type=\"text\/css\" data-created_by=\"avia_inline_auto\" id=\"style-css-av-kx723-ad12e45550871c2335bb17902cc9c577\">\n#top .av_textblock_section.av-kx723-ad12e45550871c2335bb17902cc9c577 .avia_textblock{\nfont-size:14px;\n}\n<\/style>\n<section  class='av_textblock_section av-kx723-ad12e45550871c2335bb17902cc9c577 '   itemscope=\"itemscope\" itemtype=\"https:\/\/schema.org\/CreativeWork\" ><div class='avia_textblock link-list'  itemprop=\"text\" ><p><a href=\"https:\/\/aiac.ca\/about\/\">\u00c0 propos de l\u2019AIAC<\/a><br \/>\n<a href=\"https:\/\/aiac.ca\/about\/about-aiac-pacific\/\">AIAC Pacifique<\/a><br \/>\n<a href=\"https:\/\/aiac.ca\/about\/about-canadas-aerospace-industry\/\">\u00c0 propos de l\u2019industrie a\u00e9rospatiale canadienne<\/a><br \/>\n<a href=\"https:\/\/aiac.ca\/event\/\">Salon de l\u2019a\u00e9rospatiale, de la d\u00e9fense et de la s\u00e9curit\u00e9<\/a><br \/>\n<a href=\"https:\/\/aiac.ca\/event\/\">Sommet de l\u2019a\u00e9rospatiale canadienne<\/a><\/p>\n<\/div><\/section><\/p><\/div>\n<style type=\"text\/css\" data-created_by=\"avia_inline_auto\" id=\"style-css-av-d4fsz-9f6bfa299435c3a258cd8559cf835e18\">\n.flex_column.av-d4fsz-9f6bfa299435c3a258cd8559cf835e18{\nwidth:17.6%;\nmargin-left:3%;\n}\n<\/style>\n<div  class='flex_column av-d4fsz-9f6bfa299435c3a258cd8559cf835e18 av_one_fifth  avia-builder-el-13  el_after_av_one_fifth  el_before_av_one_fifth  footer-one-fifth flex_column_div  '     ><section  class='av_textblock_section av-lr5fbh9x-0df27ef6c6ab81f79ab4de7afe94548a '   itemscope=\"itemscope\" itemtype=\"https:\/\/schema.org\/CreativeWork\" ><div class='avia_textblock'  itemprop=\"text\" ><h4>Membres<\/h4>\n<\/div><\/section><br \/>\n\n<style type=\"text\/css\" data-created_by=\"avia_inline_auto\" id=\"style-css-av-lr5fcgty-134e4f8d44c7cad1bd21048f9127ff6a\">\n#top .av_textblock_section.av-lr5fcgty-134e4f8d44c7cad1bd21048f9127ff6a .avia_textblock{\nfont-size:14px;\n}\n<\/style>\n<section  class='av_textblock_section av-lr5fcgty-134e4f8d44c7cad1bd21048f9127ff6a '   itemscope=\"itemscope\" itemtype=\"https:\/\/schema.org\/CreativeWork\" ><div class='avia_textblock link-list'  itemprop=\"text\" ><p><a href=\"https:\/\/aiac.ca\/membership\/member-directory\/\">R\u00e9pertoire des membres<\/a><br \/>\n<a href=\"https:\/\/aiac.ca\/about\/products-and-services\/\">Produits et services pour les membres<\/a><br \/>\n<a href=\"https:\/\/portal.aiac.ca\/general\/pick_username.asp\" target=\"_blank\" rel=\"noopener\">Devenir membre<\/a><\/p>\n<\/div><\/section><br \/>\n\n<style type=\"text\/css\" data-created_by=\"avia_inline_auto\" id=\"style-css-av-e3bz7-562e0d29b62fc72bf701eb2a6f24e9bb\">\n#top .hr.hr-invisible.av-e3bz7-562e0d29b62fc72bf701eb2a6f24e9bb{\nheight:30px;\n}\n<\/style>\n<div  class='hr av-e3bz7-562e0d29b62fc72bf701eb2a6f24e9bb hr-invisible  avia-builder-el-16  el_after_av_textblock  el_before_av_textblock  av-small-hide av-mini-hide'><span class='hr-inner '><span class=\"hr-inner-style\"><\/span><\/span><\/div><br \/>\n<section  class='av_textblock_section av-lr5fcq98-42091dc971132e31fccd5cb4480bc48c '   itemscope=\"itemscope\" itemtype=\"https:\/\/schema.org\/CreativeWork\" ><div class='avia_textblock'  itemprop=\"text\" ><h4>Actualit\u00e9s et ressources<\/h4>\n<\/div><\/section><br \/>\n\n<style type=\"text\/css\" data-created_by=\"avia_inline_auto\" id=\"style-css-av-lr5fdsgd-c084a256fe1b47c86feae54f88c9616d\">\n#top .av_textblock_section.av-lr5fdsgd-c084a256fe1b47c86feae54f88c9616d .avia_textblock{\nfont-size:14px;\n}\n<\/style>\n<section  class='av_textblock_section av-lr5fdsgd-c084a256fe1b47c86feae54f88c9616d '   itemscope=\"itemscope\" itemtype=\"https:\/\/schema.org\/CreativeWork\" ><div class='avia_textblock link-list'  itemprop=\"text\" ><p><a href=\"https:\/\/aiac.ca\/news-resources\/\">Communiqu\u00e9s  <\/a><br \/>\n<a href=\"https:\/\/aiac.ca\/event\/\">\u00c9preuves<\/a><\/p>\n<\/div><\/section><\/p><\/div>\n<style type=\"text\/css\" data-created_by=\"avia_inline_auto\" id=\"style-css-av-2g1v-5b62265b39719b45178ba0efa142041f\">\n.flex_column.av-2g1v-5b62265b39719b45178ba0efa142041f{\nwidth:17.6%;\nmargin-left:3%;\n}\n<\/style>\n<div  class='flex_column av-2g1v-5b62265b39719b45178ba0efa142041f av_one_fifth  avia-builder-el-19  el_after_av_one_fifth  avia-builder-el-last  footer-one-fifth flex_column_div  '     ><section  class='av_textblock_section av-lr5ffjse-e69a9f31ed6f219d22de8f52b087cc55 '   itemscope=\"itemscope\" itemtype=\"https:\/\/schema.org\/CreativeWork\" ><div class='avia_textblock'  itemprop=\"text\" ><h4>Inscrivez-vous \u00e0 notre newsletter<\/h4>\n<\/div><\/section><br \/>\n\n<style type=\"text\/css\" data-created_by=\"avia_inline_auto\" id=\"style-css-av-lr5ffzcj-9efb24bba8d72b80c49f7ba52d500daf\">\n#top .av_textblock_section.av-lr5ffzcj-9efb24bba8d72b80c49f7ba52d500daf .avia_textblock{\nfont-size:14px;\ncolor:#122965;\n}\n<\/style>\n<section  class='av_textblock_section av-lr5ffzcj-9efb24bba8d72b80c49f7ba52d500daf '   itemscope=\"itemscope\" itemtype=\"https:\/\/schema.org\/CreativeWork\" ><div class='avia_textblock av_inherit_color'  itemprop=\"text\" ><p>Restez inform\u00e9 avec nos derni\u00e8res mises \u00e0 jour, nos nouvelles et des informations exclusives sur l\u2019adh\u00e9sion.<\/p>\n<\/div><\/section><br \/>\n<form action=\"https:\/\/aiac.ca\/fr\/pied-de-page\/\" method=\"post\" data-fields-with-error=\"Erreurs trouv\u00e9es dans les champs suivants :\" class=\"avia_ajax_form av-form-labels-hidden   avia-builder-el-22  el_after_av_textblock  avia-builder-el-last   \" data-avia-form-id=\"1\" data-avia-redirect=''  id=\"newsletter-form\" ><fieldset><p class='  first_form  form_element form_fullwidth av-last-visible-form-element' id='element_avia_1_1'><label for=\"avia_1_1\">Entrez votre adresse e-mail <abbr class=\"required\" title=\"requis(e)\">*<\/abbr><\/label> <input name=\"avia_1_1\" class=\"text_input is_email\" type=\"text\" id=\"avia_1_1\" value=\"\"  placeholder='Entrez votre adresse e-mail*'\/><\/p><p class=\"hidden\"><input type=\"text\" name=\"avia_2_1\" class=\"hidden \" id=\"avia_2_1\" value=\"\" \/><\/p><p class=\"form_element \"><input type=\"hidden\" value=\"1\" name=\"avia_generated_form1\" \/><input type=\"submit\" value=\"S\u2019inscrire\" class=\"button\"  data-sending-label=\"Envoi\"\/><\/p><\/fieldset><\/form><div id=\"ajaxresponse_1\" class=\"ajaxresponse ajaxresponse_1 hidden\"><\/div><\/p><\/div><\/div><\/div><\/main><!-- close content main element --><\/div><\/div><div id='after_section_1'  class='main_color av_default_container_wrap container_wrap sidebar_right'  ><div class='container av-section-cont-open' ><div class='template-page content  av-content-small alpha units'><div class='post-entry post-entry-type-page post-entry-3784'><div class='entry-content-wrapper clearfix'>\n","protected":false},"excerpt":{"rendered":"","protected":false},"author":1,"featured_media":0,"parent":0,"menu_order":0,"comment_status":"closed","ping_status":"closed","template":"","meta":{"_acf_changed":false,"footnotes":""},"class_list":["post-3784","page","type-page","status-publish","hentry"],"acf":[],"yoast_head":"<!-- This site is optimized with the Yoast SEO plugin v27.3 - https:\/\/yoast.com\/product\/yoast-seo-wordpress\/ -->\n<title>Pied de page - AIAC<\/title>\n<meta name=\"robots\" content=\"index, follow, max-snippet:-1, max-image-preview:large, max-video-preview:-1\" \/>\n<link rel=\"canonical\" href=\"https:\/\/aiac.ca\/fr\/pied-de-page\/\" \/>\n<meta property=\"og:locale\" content=\"fr_FR\" \/>\n<meta property=\"og:type\" content=\"article\" \/>\n<meta property=\"og:title\" content=\"Pied de page - AIAC\" \/>\n<meta property=\"og:url\" content=\"https:\/\/aiac.ca\/fr\/pied-de-page\/\" \/>\n<meta property=\"og:site_name\" content=\"AIAC\" \/>\n<meta property=\"article:modified_time\" content=\"2024-07-10T22:05:15+00:00\" \/>\n<meta property=\"og:image\" content=\"https:\/\/aiac.ca\/wp-content\/uploads\/2024\/01\/AIAC-Logo.png\" \/>\n<meta name=\"twitter:card\" content=\"summary_large_image\" \/>\n<meta name=\"twitter:label1\" content=\"Dur\u00e9e de lecture estim\u00e9e\" \/>\n\t<meta name=\"twitter:data1\" content=\"24 minutes\" \/>\n<script type=\"application\/ld+json\" class=\"yoast-schema-graph\">{\"@context\":\"https:\\\/\\\/schema.org\",\"@graph\":[{\"@type\":\"WebPage\",\"@id\":\"https:\\\/\\\/aiac.ca\\\/fr\\\/pied-de-page\\\/\",\"url\":\"https:\\\/\\\/aiac.ca\\\/fr\\\/pied-de-page\\\/\",\"name\":\"Pied de page - AIAC\",\"isPartOf\":{\"@id\":\"https:\\\/\\\/aiac.ca\\\/#website\"},\"primaryImageOfPage\":{\"@id\":\"https:\\\/\\\/aiac.ca\\\/fr\\\/pied-de-page\\\/#primaryimage\"},\"image\":{\"@id\":\"https:\\\/\\\/aiac.ca\\\/fr\\\/pied-de-page\\\/#primaryimage\"},\"thumbnailUrl\":\"https:\\\/\\\/aiac.ca\\\/wp-content\\\/uploads\\\/2024\\\/01\\\/AIAC-Logo.png\",\"datePublished\":\"2024-01-08T21:04:52+00:00\",\"dateModified\":\"2024-07-10T22:05:15+00:00\",\"breadcrumb\":{\"@id\":\"https:\\\/\\\/aiac.ca\\\/fr\\\/pied-de-page\\\/#breadcrumb\"},\"inLanguage\":\"fr-FR\",\"potentialAction\":[{\"@type\":\"ReadAction\",\"target\":[\"https:\\\/\\\/aiac.ca\\\/fr\\\/pied-de-page\\\/\"]}]},{\"@type\":\"ImageObject\",\"inLanguage\":\"fr-FR\",\"@id\":\"https:\\\/\\\/aiac.ca\\\/fr\\\/pied-de-page\\\/#primaryimage\",\"url\":\"https:\\\/\\\/aiac.ca\\\/wp-content\\\/uploads\\\/2024\\\/01\\\/AIAC-Logo.png\",\"contentUrl\":\"https:\\\/\\\/aiac.ca\\\/wp-content\\\/uploads\\\/2024\\\/01\\\/AIAC-Logo.png\"},{\"@type\":\"BreadcrumbList\",\"@id\":\"https:\\\/\\\/aiac.ca\\\/fr\\\/pied-de-page\\\/#breadcrumb\",\"itemListElement\":[{\"@type\":\"ListItem\",\"position\":1,\"name\":\"Home\",\"item\":\"https:\\\/\\\/aiac.ca\\\/fr\\\/\"},{\"@type\":\"ListItem\",\"position\":2,\"name\":\"Pied de page\"}]},{\"@type\":\"WebSite\",\"@id\":\"https:\\\/\\\/aiac.ca\\\/#website\",\"url\":\"https:\\\/\\\/aiac.ca\\\/\",\"name\":\"AIAC\",\"description\":\"\",\"publisher\":{\"@id\":\"https:\\\/\\\/aiac.ca\\\/#organization\"},\"potentialAction\":[{\"@type\":\"SearchAction\",\"target\":{\"@type\":\"EntryPoint\",\"urlTemplate\":\"https:\\\/\\\/aiac.ca\\\/?s={search_term_string}\"},\"query-input\":{\"@type\":\"PropertyValueSpecification\",\"valueRequired\":true,\"valueName\":\"search_term_string\"}}],\"inLanguage\":\"fr-FR\"},{\"@type\":\"Organization\",\"@id\":\"https:\\\/\\\/aiac.ca\\\/#organization\",\"name\":\"AIAC\",\"url\":\"https:\\\/\\\/aiac.ca\\\/\",\"logo\":{\"@type\":\"ImageObject\",\"inLanguage\":\"fr-FR\",\"@id\":\"https:\\\/\\\/aiac.ca\\\/#\\\/schema\\\/logo\\\/image\\\/\",\"url\":\"https:\\\/\\\/aiac.ca\\\/wp-content\\\/uploads\\\/2024\\\/08\\\/logo.png\",\"contentUrl\":\"https:\\\/\\\/aiac.ca\\\/wp-content\\\/uploads\\\/2024\\\/08\\\/logo.png\",\"width\":770,\"height\":143,\"caption\":\"AIAC\"},\"image\":{\"@id\":\"https:\\\/\\\/aiac.ca\\\/#\\\/schema\\\/logo\\\/image\\\/\"}}]}<\/script>\n<!-- \/ Yoast SEO plugin. -->","yoast_head_json":{"title":"Pied de page - AIAC","robots":{"index":"index","follow":"follow","max-snippet":"max-snippet:-1","max-image-preview":"max-image-preview:large","max-video-preview":"max-video-preview:-1"},"canonical":"https:\/\/aiac.ca\/fr\/pied-de-page\/","og_locale":"fr_FR","og_type":"article","og_title":"Pied de page - AIAC","og_url":"https:\/\/aiac.ca\/fr\/pied-de-page\/","og_site_name":"AIAC","article_modified_time":"2024-07-10T22:05:15+00:00","og_image":[{"url":"https:\/\/aiac.ca\/wp-content\/uploads\/2024\/01\/AIAC-Logo.png","type":"","width":"","height":""}],"twitter_card":"summary_large_image","twitter_misc":{"Dur\u00e9e de lecture estim\u00e9e":"24 minutes"},"schema":{"@context":"https:\/\/schema.org","@graph":[{"@type":"WebPage","@id":"https:\/\/aiac.ca\/fr\/pied-de-page\/","url":"https:\/\/aiac.ca\/fr\/pied-de-page\/","name":"Pied de page - AIAC","isPartOf":{"@id":"https:\/\/aiac.ca\/#website"},"primaryImageOfPage":{"@id":"https:\/\/aiac.ca\/fr\/pied-de-page\/#primaryimage"},"image":{"@id":"https:\/\/aiac.ca\/fr\/pied-de-page\/#primaryimage"},"thumbnailUrl":"https:\/\/aiac.ca\/wp-content\/uploads\/2024\/01\/AIAC-Logo.png","datePublished":"2024-01-08T21:04:52+00:00","dateModified":"2024-07-10T22:05:15+00:00","breadcrumb":{"@id":"https:\/\/aiac.ca\/fr\/pied-de-page\/#breadcrumb"},"inLanguage":"fr-FR","potentialAction":[{"@type":"ReadAction","target":["https:\/\/aiac.ca\/fr\/pied-de-page\/"]}]},{"@type":"ImageObject","inLanguage":"fr-FR","@id":"https:\/\/aiac.ca\/fr\/pied-de-page\/#primaryimage","url":"https:\/\/aiac.ca\/wp-content\/uploads\/2024\/01\/AIAC-Logo.png","contentUrl":"https:\/\/aiac.ca\/wp-content\/uploads\/2024\/01\/AIAC-Logo.png"},{"@type":"BreadcrumbList","@id":"https:\/\/aiac.ca\/fr\/pied-de-page\/#breadcrumb","itemListElement":[{"@type":"ListItem","position":1,"name":"Home","item":"https:\/\/aiac.ca\/fr\/"},{"@type":"ListItem","position":2,"name":"Pied de page"}]},{"@type":"WebSite","@id":"https:\/\/aiac.ca\/#website","url":"https:\/\/aiac.ca\/","name":"AIAC","description":"","publisher":{"@id":"https:\/\/aiac.ca\/#organization"},"potentialAction":[{"@type":"SearchAction","target":{"@type":"EntryPoint","urlTemplate":"https:\/\/aiac.ca\/?s={search_term_string}"},"query-input":{"@type":"PropertyValueSpecification","valueRequired":true,"valueName":"search_term_string"}}],"inLanguage":"fr-FR"},{"@type":"Organization","@id":"https:\/\/aiac.ca\/#organization","name":"AIAC","url":"https:\/\/aiac.ca\/","logo":{"@type":"ImageObject","inLanguage":"fr-FR","@id":"https:\/\/aiac.ca\/#\/schema\/logo\/image\/","url":"https:\/\/aiac.ca\/wp-content\/uploads\/2024\/08\/logo.png","contentUrl":"https:\/\/aiac.ca\/wp-content\/uploads\/2024\/08\/logo.png","width":770,"height":143,"caption":"AIAC"},"image":{"@id":"https:\/\/aiac.ca\/#\/schema\/logo\/image\/"}}]}},"_links":{"self":[{"href":"https:\/\/aiac.ca\/fr\/wp-json\/wp\/v2\/pages\/3784","targetHints":{"allow":["GET"]}}],"collection":[{"href":"https:\/\/aiac.ca\/fr\/wp-json\/wp\/v2\/pages"}],"about":[{"href":"https:\/\/aiac.ca\/fr\/wp-json\/wp\/v2\/types\/page"}],"author":[{"embeddable":true,"href":"https:\/\/aiac.ca\/fr\/wp-json\/wp\/v2\/users\/1"}],"replies":[{"embeddable":true,"href":"https:\/\/aiac.ca\/fr\/wp-json\/wp\/v2\/comments?post=3784"}],"version-history":[{"count":5,"href":"https:\/\/aiac.ca\/fr\/wp-json\/wp\/v2\/pages\/3784\/revisions"}],"predecessor-version":[{"id":3798,"href":"https:\/\/aiac.ca\/fr\/wp-json\/wp\/v2\/pages\/3784\/revisions\/3798"}],"wp:attachment":[{"href":"https:\/\/aiac.ca\/fr\/wp-json\/wp\/v2\/media?parent=3784"}],"curies":[{"name":"wp","href":"https:\/\/api.w.org\/{rel}","templated":true}]}}